{"id":29463,"date":"2025-07-28T12:59:45","date_gmt":"2025-07-28T10:59:45","guid":{"rendered":"https:\/\/www.ensembleintercontemporain.com\/?page_id=29463"},"modified":"2025-07-28T13:01:39","modified_gmt":"2025-07-28T11:01:39","slug":"nouvelle-saison-2025-26","status":"publish","type":"page","link":"https:\/\/www.ensembleintercontemporain.com\/fr\/nouvelle-saison-2025-26\/","title":{"rendered":"Nouvelle saison 2025-26"},"content":{"rendered":"<p>D\u00e9couvrez la saison 2025-2026 de l\u2019Ensemble intercontemporain, une saison plac\u00e9e sous le signe de la sc\u00e8ne, avec pas moins de sept spectacles, dont deux op\u00e9ras en cr\u00e9ation ! Avec l\u2019arriv\u00e9e de Patrick Hahn \u00e0 la direction de l\u2019Ensemble, nous affirmons notre volont\u00e9 de renouveler les formats de concert et de vous proposer des productions audacieuses, en r\u00e9sonance avec les esth\u00e9tiques et les enjeux contemporains.<br \/>\nDu projet hors norme Hamlet pr\u00e9sent\u00e9 en octobre au Th\u00e9\u00e2tre du Ch\u00e2telet, au spectacle chor\u00e9graphique What The Body Does Not Remember en juin \u00e0 la Philharmonie de Paris, en passant par les c\u00e9l\u00e9brations des centenaires de Pierre Boulez, Luciano Berio et Gy\u00f6rgy Kurt\u00e1g ou encore un EIC &amp; Friends con\u00e7u avec le grand metteur en sc\u00e8ne espagnol Calixto Bieito, cette nouvelle saison vous propose un voyage artistique riche et contrast\u00e9, \u00e0 commencer par le concert d\u2019ouverture de la saison \u00a0\u00e0 la Philharmonie de Paris sur le th\u00e8me de la ville !<\/p>\n<p>En partenariat avec la Philharmonie de Paris, le Th\u00e9\u00e2tre du Ch\u00e2telet, l\u2019Ircam-Centre Pompidou, le Conservatoire National Sup\u00e9rieur de Musique et de Danse de Paris, l\u2019Ensemble Next, le Festival d\u2019Automne \u00e0 Paris, la Biennale N\u00e9mo, la Muse en Circuit, Flashback, Ultima Vez\u2026<\/p>\n","protected":false},"excerpt":{"rendered":"<p>D\u00e9couvrez la saison 2025-2026 de l\u2019Ensemble intercontemporain, une saison plac\u00e9e sous le signe de la sc\u00e8ne, avec pas moins de sept spectacles, dont deux op\u00e9ras en cr\u00e9ation ! Avec l\u2019arriv\u00e9e de Patrick Hahn \u00e0 la direction de l\u2019Ensemble, nous affirmons notre volont\u00e9 de renouveler les formats de concert et de vous proposer des productions audacieuses, [&hellip;]<\/p>\n","protected":false},"author":145,"featured_media":0,"parent":0,"menu_order":0,"comment_status":"closed","ping_status":"closed","template":"page-templates\/page-sidebar.php","meta":{"_acf_changed":false,"footnotes":""},"class_list":["post-29463","page","type-page","status-publish","hentry"],"acf":[],"yoast_head":"<!-- This site is optimized with the Yoast SEO plugin v27.3 - https:\/\/yoast.com\/product\/yoast-seo-wordpress\/ -->\n<title>Nouvelle saison 2025-26 - Ensemble intercontemporain<\/title>\n<meta name=\"robots\" content=\"index, follow, max-snippet:-1, max-image-preview:large, max-video-preview:-1\" \/>\n<link rel=\"canonical\" href=\"https:\/\/www.ensembleintercontemporain.com\/fr\/nouvelle-saison-2025-26\/\" \/>\n<meta property=\"og:locale\" content=\"fr_FR\" \/>\n<meta property=\"og:type\" content=\"article\" \/>\n<meta property=\"og:title\" content=\"Nouvelle saison 2025-26 - Ensemble intercontemporain\" \/>\n<meta property=\"og:description\" content=\"D\u00e9couvrez la saison 2025-2026 de l\u2019Ensemble intercontemporain, une saison plac\u00e9e sous le signe de la sc\u00e8ne, avec pas moins de sept spectacles, dont deux op\u00e9ras en cr\u00e9ation ! Avec l\u2019arriv\u00e9e de Patrick Hahn \u00e0 la direction de l\u2019Ensemble, nous affirmons notre volont\u00e9 de renouveler les formats de concert et de vous proposer des productions audacieuses, [&hellip;]\" \/>\n<meta property=\"og:url\" content=\"https:\/\/www.ensembleintercontemporain.com\/fr\/nouvelle-saison-2025-26\/\" \/>\n<meta property=\"og:site_name\" content=\"Ensemble intercontemporain\" \/>\n<meta property=\"article:modified_time\" content=\"2025-07-28T11:01:39+00:00\" \/>\n<meta name=\"twitter:card\" content=\"summary_large_image\" \/>\n<meta name=\"twitter:label1\" content=\"Dur\u00e9e de lecture estim\u00e9e\" \/>\n\t<meta name=\"twitter:data1\" content=\"1 minute\" \/>\n<script type=\"application\/ld+json\" class=\"yoast-schema-graph\">{\"@context\":\"https:\\\/\\\/schema.org\",\"@graph\":[{\"@type\":\"WebPage\",\"@id\":\"https:\\\/\\\/www.ensembleintercontemporain.com\\\/fr\\\/nouvelle-saison-2025-26\\\/\",\"url\":\"https:\\\/\\\/www.ensembleintercontemporain.com\\\/fr\\\/nouvelle-saison-2025-26\\\/\",\"name\":\"Nouvelle saison 2025-26 - Ensemble intercontemporain\",\"isPartOf\":{\"@id\":\"https:\\\/\\\/www.ensembleintercontemporain.com\\\/en\\\/#website\"},\"datePublished\":\"2025-07-28T10:59:45+00:00\",\"dateModified\":\"2025-07-28T11:01:39+00:00\",\"breadcrumb\":{\"@id\":\"https:\\\/\\\/www.ensembleintercontemporain.com\\\/fr\\\/nouvelle-saison-2025-26\\\/#breadcrumb\"},\"inLanguage\":\"fr-FR\",\"potentialAction\":[{\"@type\":\"ReadAction\",\"target\":[\"https:\\\/\\\/www.ensembleintercontemporain.com\\\/fr\\\/nouvelle-saison-2025-26\\\/\"]}]},{\"@type\":\"BreadcrumbList\",\"@id\":\"https:\\\/\\\/www.ensembleintercontemporain.com\\\/fr\\\/nouvelle-saison-2025-26\\\/#breadcrumb\",\"itemListElement\":[{\"@type\":\"ListItem\",\"position\":1,\"name\":\"Home\",\"item\":\"https:\\\/\\\/www.ensembleintercontemporain.com\\\/fr\\\/\"},{\"@type\":\"ListItem\",\"position\":2,\"name\":\"Nouvelle saison 2025-26\"}]},{\"@type\":\"WebSite\",\"@id\":\"https:\\\/\\\/www.ensembleintercontemporain.com\\\/en\\\/#website\",\"url\":\"https:\\\/\\\/www.ensembleintercontemporain.com\\\/en\\\/\",\"name\":\"Ensemble intercontemporain\",\"description\":\"\",\"potentialAction\":[{\"@type\":\"SearchAction\",\"target\":{\"@type\":\"EntryPoint\",\"urlTemplate\":\"https:\\\/\\\/www.ensembleintercontemporain.com\\\/en\\\/?s={search_term_string}\"},\"query-input\":{\"@type\":\"PropertyValueSpecification\",\"valueRequired\":true,\"valueName\":\"search_term_string\"}}],\"inLanguage\":\"fr-FR\"}]}<\/script>\n<!-- \/ Yoast SEO plugin. -->","yoast_head_json":{"title":"Nouvelle saison 2025-26 - Ensemble intercontemporain","robots":{"index":"index","follow":"follow","max-snippet":"max-snippet:-1","max-image-preview":"max-image-preview:large","max-video-preview":"max-video-preview:-1"},"canonical":"https:\/\/www.ensembleintercontemporain.com\/fr\/nouvelle-saison-2025-26\/","og_locale":"fr_FR","og_type":"article","og_title":"Nouvelle saison 2025-26 - Ensemble intercontemporain","og_description":"D\u00e9couvrez la saison 2025-2026 de l\u2019Ensemble intercontemporain, une saison plac\u00e9e sous le signe de la sc\u00e8ne, avec pas moins de sept spectacles, dont deux op\u00e9ras en cr\u00e9ation ! Avec l\u2019arriv\u00e9e de Patrick Hahn \u00e0 la direction de l\u2019Ensemble, nous affirmons notre volont\u00e9 de renouveler les formats de concert et de vous proposer des productions audacieuses, [&hellip;]","og_url":"https:\/\/www.ensembleintercontemporain.com\/fr\/nouvelle-saison-2025-26\/","og_site_name":"Ensemble intercontemporain","article_modified_time":"2025-07-28T11:01:39+00:00","twitter_card":"summary_large_image","twitter_misc":{"Dur\u00e9e de lecture estim\u00e9e":"1 minute"},"schema":{"@context":"https:\/\/schema.org","@graph":[{"@type":"WebPage","@id":"https:\/\/www.ensembleintercontemporain.com\/fr\/nouvelle-saison-2025-26\/","url":"https:\/\/www.ensembleintercontemporain.com\/fr\/nouvelle-saison-2025-26\/","name":"Nouvelle saison 2025-26 - Ensemble intercontemporain","isPartOf":{"@id":"https:\/\/www.ensembleintercontemporain.com\/en\/#website"},"datePublished":"2025-07-28T10:59:45+00:00","dateModified":"2025-07-28T11:01:39+00:00","breadcrumb":{"@id":"https:\/\/www.ensembleintercontemporain.com\/fr\/nouvelle-saison-2025-26\/#breadcrumb"},"inLanguage":"fr-FR","potentialAction":[{"@type":"ReadAction","target":["https:\/\/www.ensembleintercontemporain.com\/fr\/nouvelle-saison-2025-26\/"]}]},{"@type":"BreadcrumbList","@id":"https:\/\/www.ensembleintercontemporain.com\/fr\/nouvelle-saison-2025-26\/#breadcrumb","itemListElement":[{"@type":"ListItem","position":1,"name":"Home","item":"https:\/\/www.ensembleintercontemporain.com\/fr\/"},{"@type":"ListItem","position":2,"name":"Nouvelle saison 2025-26"}]},{"@type":"WebSite","@id":"https:\/\/www.ensembleintercontemporain.com\/en\/#website","url":"https:\/\/www.ensembleintercontemporain.com\/en\/","name":"Ensemble intercontemporain","description":"","potentialAction":[{"@type":"SearchAction","target":{"@type":"EntryPoint","urlTemplate":"https:\/\/www.ensembleintercontemporain.com\/en\/?s={search_term_string}"},"query-input":{"@type":"PropertyValueSpecification","valueRequired":true,"valueName":"search_term_string"}}],"inLanguage":"fr-FR"}]}},"_links":{"self":[{"href":"https:\/\/www.ensembleintercontemporain.com\/fr\/wp-json\/wp\/v2\/pages\/29463\/"}],"collection":[{"href":"https:\/\/www.ensembleintercontemporain.com\/fr\/wp-json\/wp\/v2\/pages\/"}],"about":[{"href":"https:\/\/www.ensembleintercontemporain.com\/fr\/wp-json\/wp\/v2\/types\/page\/"}],"author":[{"embeddable":true,"href":"https:\/\/www.ensembleintercontemporain.com\/fr\/wp-json\/wp\/v2\/users\/145\/"}],"replies":[{"embeddable":true,"href":"https:\/\/www.ensembleintercontemporain.com\/fr\/wp-json\/wp\/v2\/comments\/?post=29463"}],"version-history":[{"count":5,"href":"https:\/\/www.ensembleintercontemporain.com\/fr\/wp-json\/wp\/v2\/pages\/29463\/revisions\/"}],"predecessor-version":[{"id":29480,"href":"https:\/\/www.ensembleintercontemporain.com\/fr\/wp-json\/wp\/v2\/pages\/29463\/revisions\/29480\/"}],"wp:attachment":[{"href":"https:\/\/www.ensembleintercontemporain.com\/fr\/wp-json\/wp\/v2\/media\/?parent=29463"}],"curies":[{"name":"wp","href":"https:\/\/api.w.org\/{rel}","templated":true}]}}