{"id":27450,"date":"2024-09-04T21:09:44","date_gmt":"2024-09-04T19:09:44","guid":{"rendered":"https:\/\/www.ensembleintercontemporain.com\/?page_id=27450"},"modified":"2025-07-07T16:34:30","modified_gmt":"2025-07-07T14:34:30","slug":"temoignages-de-solistes","status":"publish","type":"page","link":"https:\/\/www.ensembleintercontemporain.com\/fr\/temoignages-de-solistes\/","title":{"rendered":"T\u00e9moignages de solistes"},"content":{"rendered":"<ul class=\"columns\">\n<li><img loading=\"lazy\" decoding=\"async\" class=\"alignnone wp-image-19611 size-medium\" src=\"http:\/\/www.ensembleintercontemporain.com\/content\/uploads\/2020\/09\/kang_hae-sun_img2153franck-ferville-292x300.jpg\" alt=\"\" width=\"292\" height=\"300\" srcset=\"https:\/\/www.ensembleintercontemporain.com\/content\/uploads\/2020\/09\/kang_hae-sun_img2153franck-ferville-292x300.jpg 292w, https:\/\/www.ensembleintercontemporain.com\/content\/uploads\/2020\/09\/kang_hae-sun_img2153franck-ferville-998x1024.jpg 998w, https:\/\/www.ensembleintercontemporain.com\/content\/uploads\/2020\/09\/kang_hae-sun_img2153franck-ferville-768x788.jpg 768w, https:\/\/www.ensembleintercontemporain.com\/content\/uploads\/2020\/09\/kang_hae-sun_img2153franck-ferville-1497x1536.jpg 1497w, https:\/\/www.ensembleintercontemporain.com\/content\/uploads\/2020\/09\/kang_hae-sun_img2153franck-ferville.jpg 1920w\" sizes=\"auto, (max-width: 292px) 100vw, 292px\" \/><br \/>\n<h3>Hae-Sun Kang, violoniste<\/h3>\n<p>Quand Pierre Boulez a d\u00e9cid\u00e9 que j\u2019assurerai la cr\u00e9ation d\u2019<em>Anth\u00e8mes 2<\/em>, j\u2019en ai \u00e9t\u00e9 tout de suite tr\u00e8s heureuse sans bien me rendre compte du travail que cela repr\u00e9senterait\u2009! Que ce soit l\u2019appropriation de la partition \u2013 dont les pages me parvenaient par fax, des pages noires de notes, qu\u2019il me fallait apprendre en quelques jours seulement avant d\u2019aller les enregistrer \u00e0 l\u2019Ircam afin que Pierre puisse se consacrer \u00e0 la partie \u00e9lectronique. Ou que ce soit ma position de violoniste face \u00e0 l\u2019ordinateur, justement. Le travail avec \u00e9lectronique en temps r\u00e9el en \u00e9tait alors, il y a de cela presque trente ans, \u00e0 ses balbutiements. Je me souviens que j\u2019osais \u00e0 peine bouger ou respirer, tout du long\u2009: le micro \u00e9tait si d\u00e9licat qu\u2019il captait tout, y compris les bruits de mon corps. Quant au syst\u00e8me informatique, sa mise au point \u00e9tait si complexe que je craignais de le perturber par de mauvais r\u00e9flexes. Cette cr\u00e9ation avec l\u2019\u00e9lectronique m\u2019a pouss\u00e9e \u00e0 exp\u00e9rimenter une autre mani\u00e8re de jouer, qui rel\u00e8ve ici de la musique de chambre et de la musique avec orchestre dans une sorte de grand \u00e9cart. Il m\u2019a fallu aussi acqu\u00e9rir de nouveaux automatismes afin d\u2019interagir avec l\u2019ordinateur de fa\u00e7on pr\u00e9cise et inventive. Chaque jour je mesure la chance qui a \u00e9t\u00e9 la mienne. Mettre au point une partition en complicit\u00e9 avec son cr\u00e9ateur est un bonheur rare, une responsabilit\u00e9 aussi. La confiance de Pierre Boulez et la beaut\u00e9 de cette \u0153uvre sont des tr\u00e9sors qui me poussent \u00e0 donner le maximum chaque fois que j\u2019ai l\u2019honneur de l\u2019interpr\u00e9ter.<\/li>\n<li><img loading=\"lazy\" decoding=\"async\" class=\"alignnone wp-image-27452 \" src=\"http:\/\/www.ensembleintercontemporain.com\/content\/uploads\/2024\/09\/hideki-naganocfranck-ferville-img3925-scaled.jpg\" alt=\"\" width=\"302\" height=\"302\" srcset=\"https:\/\/www.ensembleintercontemporain.com\/content\/uploads\/2024\/09\/hideki-naganocfranck-ferville-img3925-scaled.jpg 2560w, https:\/\/www.ensembleintercontemporain.com\/content\/uploads\/2024\/09\/hideki-naganocfranck-ferville-img3925-300x300.jpg 300w, https:\/\/www.ensembleintercontemporain.com\/content\/uploads\/2024\/09\/hideki-naganocfranck-ferville-img3925-1024x1024.jpg 1024w, https:\/\/www.ensembleintercontemporain.com\/content\/uploads\/2024\/09\/hideki-naganocfranck-ferville-img3925-150x150.jpg 150w, https:\/\/www.ensembleintercontemporain.com\/content\/uploads\/2024\/09\/hideki-naganocfranck-ferville-img3925-768x768.jpg 768w, https:\/\/www.ensembleintercontemporain.com\/content\/uploads\/2024\/09\/hideki-naganocfranck-ferville-img3925-1536x1536.jpg 1536w, https:\/\/www.ensembleintercontemporain.com\/content\/uploads\/2024\/09\/hideki-naganocfranck-ferville-img3925-2048x2048.jpg 2048w\" sizes=\"auto, (max-width: 302px) 100vw, 302px\" \/><br \/>\n<h3>Hid\u00e9ki Nagano, pianiste<\/h3>\n<p><em>sur Incises<\/em> est la premi\u00e8re \u0153uvre de Pierre Boulez que j\u2019ai jou\u00e9e, au sein de l\u2019Ensemble, sous sa direction. J\u2019\u00e9tais un peu tendu. D\u2019autant que la partition est arriv\u00e9e tr\u00e8s tard, trois jours avant la r\u00e9p\u00e9tition. C\u2019\u00e9tait en 1996, pour la cr\u00e9ation de la premi\u00e8re version, qu\u2019il avait \u00e9crite \u00e0 l\u2019occasion des 90 ans du chef d\u2019orchestre Paul Sacher. \u00c0 l\u2019\u00e9poque, il n\u2019en avait compos\u00e9 que cinq minutes, au milieu desquelles il avait ins\u00e9r\u00e9 la <em>Toccata<\/em> (partie rapide) originale d\u2019<em>Incises<\/em>, comme une cadence de concerto pour piano \u2013 la partie soliste \u00e9tant interpr\u00e9t\u00e9e par Dimitri Vassilakis. Deux ans plus tard, \u00e0 l\u2019\u00e9t\u00e9 1998, nous avons enfin d\u00e9couvert une premi\u00e8re version longue, avec David Robertson \u00e0 \u00c9dimbourg. \u00c0 nouveau, la partition d\u2019une trentaine de pages nous \u00e9tait arriv\u00e9e sur le tard, pendant nos vacances. L\u2019\u0153uvre avait totalement chang\u00e9, d\u00e9cuplant quasiment sa dur\u00e9e. Ce qui m\u2019a le plus impressionn\u00e9, c\u2019est ce sentiment que, chaque fois que Pierre dirigeait la pi\u00e8ce ou assistait \u00e0 une r\u00e9p\u00e9tition, il semblait absorb\u00e9 par ses recherches musicales, comme si celles-ci l\u2019occupaient en continu. Chaque ex\u00e9cution, chaque r\u00e9p\u00e9tition \u00e9taient l\u2019occasion pour lui de changer, de modifier, d\u2019am\u00e9liorer. Le processus \u00e9tait fascinant\u2009: l\u2019\u0153uvre \u00e9tait toujours en devenir. Il a ainsi test\u00e9 toutes les vitesses possibles, les tempi les plus impossibles \u00e0 tenir, jusqu\u2019\u00e0 trouver enfin un \u00e9quilibre. Nous \u00e9tions son laboratoire de composition. Nous l\u2019assistions dans ses exp\u00e9riences.<\/li>\n<li><img loading=\"lazy\" decoding=\"async\" class=\"alignnone size-medium wp-image-27454\" src=\"http:\/\/www.ensembleintercontemporain.com\/content\/uploads\/2024\/09\/jean-christophe-vervoittecfranck-ferville-300x300.jpg\" alt=\"\" width=\"300\" height=\"300\" srcset=\"https:\/\/www.ensembleintercontemporain.com\/content\/uploads\/2024\/09\/jean-christophe-vervoittecfranck-ferville-300x300.jpg 300w, https:\/\/www.ensembleintercontemporain.com\/content\/uploads\/2024\/09\/jean-christophe-vervoittecfranck-ferville-1024x1024.jpg 1024w, https:\/\/www.ensembleintercontemporain.com\/content\/uploads\/2024\/09\/jean-christophe-vervoittecfranck-ferville-150x150.jpg 150w, https:\/\/www.ensembleintercontemporain.com\/content\/uploads\/2024\/09\/jean-christophe-vervoittecfranck-ferville-768x768.jpg 768w, https:\/\/www.ensembleintercontemporain.com\/content\/uploads\/2024\/09\/jean-christophe-vervoittecfranck-ferville-1536x1536.jpg 1536w, https:\/\/www.ensembleintercontemporain.com\/content\/uploads\/2024\/09\/jean-christophe-vervoittecfranck-ferville-2048x2048.jpg 2048w\" sizes=\"auto, (max-width: 300px) 100vw, 300px\" \/><br \/>\n<h3>Jean-Christophe Vervoitte, corniste<\/h3>\n<p>Si je pouvais, en quelques mots \u00e9voquer l\u2019un de mes souvenirs v\u00e9cus pendant toutes ces ann\u00e9es de musique partag\u00e9es avec Pierre Boulez, c\u2019est la \u00ab\u2009grand-messe\u2009\u00bb de <em>R\u00e9pons<\/em> que je choisirais, tant l\u2019\u00e9motion partag\u00e9e avec Pierre \u00e9tait grande lors de ces concerts donn\u00e9s dans des salles mythiques comme au Carnegie Hall de New York, \u00e0 Vienne ou \u00e0 Salzbourg. Deux instants magiques me touchaient particuli\u00e8rement \u00e0 l\u2019occasion de ces concerts. L\u2019\u00e9motion, le frisson que je ressentais lorsqu\u2019il donnait le d\u00e9part de l\u2019\u00e9lectronique au chiffre 21. Je fixais sa main, toujours l\u00e9g\u00e8rement tremblante \u00e0 ce moment. Et puis, surgissait ce d\u00e9ferlement prodigieux du son amplifi\u00e9 des six solistes, que je comparerais toujours \u00e0 celui du d\u00e9but de la <em>Cinqui\u00e8me Symphonie<\/em> de Beethoven ou \u00e0 une de ces improvisations dionysiaques dont l\u2019organiste Pierre Cochereau avait le secret \u00e0 Notre-Dame de Paris. L\u2019autre moment, c\u2019\u00e9tait \u00e0 la fin de la pi\u00e8ce, lorsque l\u2019intensit\u00e9 de la lumi\u00e8re diminuait et qu\u2019en observant Pierre dispara\u00eetre dans l\u2019obscurit\u00e9, je me disais int\u00e9rieurement\u2009: \u00ab\u2009Tu as de la chance d\u2019\u00eatre l\u00e0, aujourd\u2019hui\u2026\u2009\u00bb<\/li>\n<\/ul>\n<ul class=\"columns\">\n<li><img loading=\"lazy\" decoding=\"async\" class=\"alignnone size-medium wp-image-27457\" src=\"http:\/\/www.ensembleintercontemporain.com\/content\/uploads\/2024\/09\/jerome-comte-cfranck-ferville-300x300.jpg\" alt=\"\" width=\"300\" height=\"300\" srcset=\"https:\/\/www.ensembleintercontemporain.com\/content\/uploads\/2024\/09\/jerome-comte-cfranck-ferville-300x300.jpg 300w, https:\/\/www.ensembleintercontemporain.com\/content\/uploads\/2024\/09\/jerome-comte-cfranck-ferville-1024x1024.jpg 1024w, https:\/\/www.ensembleintercontemporain.com\/content\/uploads\/2024\/09\/jerome-comte-cfranck-ferville-150x150.jpg 150w, https:\/\/www.ensembleintercontemporain.com\/content\/uploads\/2024\/09\/jerome-comte-cfranck-ferville-768x768.jpg 768w, https:\/\/www.ensembleintercontemporain.com\/content\/uploads\/2024\/09\/jerome-comte-cfranck-ferville-1536x1536.jpg 1536w, https:\/\/www.ensembleintercontemporain.com\/content\/uploads\/2024\/09\/jerome-comte-cfranck-ferville-2048x2048.jpg 2048w\" sizes=\"auto, (max-width: 300px) 100vw, 300px\" \/><br \/>\n<h3>J\u00e9r\u00f4me Comte, clarinettiste<\/h3>\n<p>\u00c0 chaque fois que j\u2019ai jou\u00e9 sa musique, que ce soit <em>Dialogue de l\u2019ombre double<\/em> ou <em>Domaines<\/em>, Pierre \u00e9tait l\u00e0\u2009: \u00e0 la r\u00e9p\u00e9tition g\u00e9n\u00e9rale et au concert. Invariablement. Il \u00e9tait pr\u00e9sent tout le temps, tout en gardant une grande humilit\u00e9 vis-\u00e0-vis de ses interpr\u00e8tes\u2009: je me souviens qu\u2019il me remerciait chaleureusement apr\u00e8s chaque concert. J\u2019ai toujours trouv\u00e9 cette pr\u00e9sence et cette modestie tr\u00e8s touchantes de sa part \u2013 apr\u00e8s tout, c\u2019\u00e9tait Pierre Boulez, tout de m\u00eame\u2009! Je me souviens \u00e9galement avec \u00e9motion de son travail de chef d\u2019orchestre, de ce sentiment de lectures soigneusement pens\u00e9es et construites des \u0153uvres\u2009: avec lui, on savait exactement o\u00f9 on allait. Alors, bien s\u00fbr, il ne lui serait jamais venu \u00e0 l\u2019id\u00e9e de mettre fin \u00e0 une r\u00e9p\u00e9tition une minute avant l\u2019heure pr\u00e9vue\u2009! Mais on \u00e9laborait avec lui, brique par brique, la musique, pour la fa\u00e7onner telle qu\u2019il l\u2019avait analys\u00e9e, telle qu\u2019il l\u2019entendait, et ce travail de pr\u00e9cision \u00e9tait toujours fascinant. C\u2019\u00e9tait d\u2019autant plus passionnant qu\u2019il nous expliquait syst\u00e9matiquement sa d\u00e9marche et ses motivations, et nous y impliquait ainsi totalement.<\/li>\n<li><img loading=\"lazy\" decoding=\"async\" class=\"alignnone size-medium wp-image-27459\" src=\"http:\/\/www.ensembleintercontemporain.com\/content\/uploads\/2024\/09\/auboin-odile-c-franck-ferville-img3503-300x300.jpg\" alt=\"\" width=\"300\" height=\"300\" srcset=\"https:\/\/www.ensembleintercontemporain.com\/content\/uploads\/2024\/09\/auboin-odile-c-franck-ferville-img3503-300x300.jpg 300w, https:\/\/www.ensembleintercontemporain.com\/content\/uploads\/2024\/09\/auboin-odile-c-franck-ferville-img3503-1024x1024.jpg 1024w, https:\/\/www.ensembleintercontemporain.com\/content\/uploads\/2024\/09\/auboin-odile-c-franck-ferville-img3503-150x150.jpg 150w, https:\/\/www.ensembleintercontemporain.com\/content\/uploads\/2024\/09\/auboin-odile-c-franck-ferville-img3503-768x768.jpg 768w, https:\/\/www.ensembleintercontemporain.com\/content\/uploads\/2024\/09\/auboin-odile-c-franck-ferville-img3503-1536x1536.jpg 1536w, https:\/\/www.ensembleintercontemporain.com\/content\/uploads\/2024\/09\/auboin-odile-c-franck-ferville-img3503-2048x2048.jpg 2048w\" sizes=\"auto, (max-width: 300px) 100vw, 300px\" \/><br \/>\n<h3>Odile Auboin, altiste<\/h3>\n<p>Jusque-l\u00e0, les rencontres entre Pierre Boulez et l\u2019alto avaient \u00e9t\u00e9 tr\u00e8s riches \u2013 en t\u00e9moignent <em>Le Marteau sans ma\u00eetre<\/em> ou <em>\u00c9clat\/Multiples<\/em> \u2013 mais n\u2019avaient jamais donn\u00e9 naissance \u00e0 une pi\u00e8ce solo. \u00c0 la demande du festival d\u2019Avignon, en 2006, il avait accept\u00e9 de pr\u00e9senter <em>Anth\u00e8mes<\/em> en version pour alto. Pour moi, c\u2019\u00e9tait une grande joie, mais j\u2019appr\u00e9hendais le gigantesque d\u00e9fi que cela repr\u00e9sentait. C\u2019\u00e9tait un mois d\u2019\u00e9t\u00e9 tr\u00e8s chaud \u00e0 Aix-en-Provence et j\u2019ai fait avec lui des s\u00e9ances de travail tr\u00e8s intensives, au cours desquelles j\u2019ai retrouv\u00e9 toutes ses qualit\u00e9s de p\u00e9dagogue et sa profonde humanit\u00e9. Quand j\u2019y repense, trois mots me viennent \u00e0 l\u2019esprit. D\u2019abord, la discipline\u2009: il avait une grande exigence de pr\u00e9cision et il recherchait en permanence la perfection au service du texte. Ensuite, la confiance\u2009: il \u00e9tait parfaitement conscient de la haute virtuosit\u00e9 de la pi\u00e8ce, mais faisait pleinement confiance au musicien pour r\u00e9soudre ces difficult\u00e9s. Il donnait des clefs, puis laissait faire. La disponibilit\u00e9, enfin\u2009: il a pass\u00e9 beaucoup de temps \u00e0 m\u2019expliquer les figures musicales les plus caract\u00e9ristiques de la pi\u00e8ce. Il me parlait de diverses \u00e9motions (col\u00e8re, indiff\u00e9rence\u2026) et m\u2019expliquait comment me les approprier en musique pour les interpr\u00e9ter et les transmettre au public.<\/li>\n<li><img loading=\"lazy\" decoding=\"async\" class=\"alignnone size-medium wp-image-27461\" src=\"http:\/\/www.ensembleintercontemporain.com\/content\/uploads\/2024\/09\/cherrier-sophiefranck-ferville-300x300.jpg\" alt=\"\" width=\"300\" height=\"300\" srcset=\"https:\/\/www.ensembleintercontemporain.com\/content\/uploads\/2024\/09\/cherrier-sophiefranck-ferville-300x300.jpg 300w, https:\/\/www.ensembleintercontemporain.com\/content\/uploads\/2024\/09\/cherrier-sophiefranck-ferville-1024x1024.jpg 1024w, https:\/\/www.ensembleintercontemporain.com\/content\/uploads\/2024\/09\/cherrier-sophiefranck-ferville-150x150.jpg 150w, https:\/\/www.ensembleintercontemporain.com\/content\/uploads\/2024\/09\/cherrier-sophiefranck-ferville-768x768.jpg 768w, https:\/\/www.ensembleintercontemporain.com\/content\/uploads\/2024\/09\/cherrier-sophiefranck-ferville-1536x1536.jpg 1536w, https:\/\/www.ensembleintercontemporain.com\/content\/uploads\/2024\/09\/cherrier-sophiefranck-ferville-2048x2048.jpg 2048w\" sizes=\"auto, (max-width: 300px) 100vw, 300px\" \/><br \/>\n<h3>Sophie Cherrier, fl\u00fbtiste<\/h3>\n<p>Je me souviens, pour la deuxi\u00e8me et derni\u00e8re version de <em>R\u00e9pons,<\/em> de notre \u00ab\u2009angoisse\u2009\u00bb en recevant, quasiment \u00e0 chaque r\u00e9p\u00e9tition, des pages avec une kyrielle de notes qu\u2019il nous fallait apprendre tr\u00e8s vite. Kristina, la copiste de Pierre, toujours souriante, arrivait les matins avec des cernes apr\u00e8s avoir travaill\u00e9 toute la nuit pour nous apporter les nouvelles pages. Quand on conna\u00eet l\u2019\u00e9criture si petite et si fine de Pierre, on imagine ce que cela repr\u00e9sente\u2026 Je me souviens de l\u2019inqui\u00e9tude de Pierre au chiffre \u00ab\u200921\u2009\u00bb, inqui\u00e9tude qu\u2019il a gard\u00e9e \u00e0 chaque ex\u00e9cution, comme en t\u00e9moignait sa main qui tremblait l\u00e9g\u00e8rement. Pourquoi\u2009? Parce que le geste de \u00ab\u200921\u2009\u00bb d\u00e9clenche l\u2019entr\u00e9e des solistes mais surtout celle de l\u2019\u00e9lectronique. \u00c0 l\u2019\u00e9poque, c\u2019\u00e9tait une console 4X et il y avait parfois des rat\u00e9s. Je me souviens d\u2019un passage tr\u00e8s virtuose que Pierre aimait diriger extr\u00eamement vite, terminant chaque fois par la question\u2009: \u00ab\u2009Et cette fois-ci, le tempo \u00e7a allait\u2009?\u2009\u00bb Peu importait notre r\u00e9ponse\u2009: au concert, nous savions qu\u2019il l\u00e2cherait les chevaux. Et je me souviens surtout des merveilleux concerts de <em>R\u00e9pons<\/em>, pi\u00e8ce si embl\u00e9matique pour l\u2019Ensemble, de la magie de cette fin si belle et po\u00e9tique, des lieux superbes o\u00f9 nous l\u2019avons jou\u00e9e, de la longue tourn\u00e9e de 1986 aux \u00c9tats-Unis, de Salzbourg, du Carnegie Hall et de l\u2019accueil enthousiaste du public et en particulier celui de nombreux jeunes \u00e0 Tokyo.<\/li>\n<\/ul>\n","protected":false},"excerpt":{"rendered":"<p>Hae-Sun Kang, violoniste Quand Pierre Boulez a d\u00e9cid\u00e9 que j\u2019assurerai la cr\u00e9ation d\u2019Anth\u00e8mes 2, j\u2019en ai \u00e9t\u00e9 tout de suite tr\u00e8s heureuse sans bien me rendre compte du travail que cela repr\u00e9senterait\u2009! Que ce soit l\u2019appropriation de la partition \u2013 dont les pages me parvenaient par fax, des pages noires de notes, qu\u2019il me fallait [&hellip;]<\/p>\n","protected":false},"author":145,"featured_media":0,"parent":0,"menu_order":0,"comment_status":"closed","ping_status":"closed","template":"","meta":{"_acf_changed":false,"footnotes":""},"class_list":["post-27450","page","type-page","status-publish","hentry"],"acf":[],"yoast_head":"<!-- This site is optimized with the Yoast SEO plugin v27.4 - https:\/\/yoast.com\/product\/yoast-seo-wordpress\/ -->\n<title>T\u00e9moignages de solistes - Ensemble intercontemporain<\/title>\n<meta name=\"robots\" content=\"index, follow, max-snippet:-1, max-image-preview:large, max-video-preview:-1\" \/>\n<link rel=\"canonical\" href=\"https:\/\/www.ensembleintercontemporain.com\/fr\/temoignages-de-solistes\/\" \/>\n<meta property=\"og:locale\" content=\"fr_FR\" \/>\n<meta property=\"og:type\" content=\"article\" \/>\n<meta property=\"og:title\" content=\"T\u00e9moignages de solistes - Ensemble intercontemporain\" \/>\n<meta property=\"og:description\" content=\"Hae-Sun Kang, violoniste Quand Pierre Boulez a d\u00e9cid\u00e9 que j\u2019assurerai la cr\u00e9ation d\u2019Anth\u00e8mes 2, j\u2019en ai \u00e9t\u00e9 tout de suite tr\u00e8s heureuse sans bien me rendre compte du travail que cela repr\u00e9senterait\u2009! Que ce soit l\u2019appropriation de la partition \u2013 dont les pages me parvenaient par fax, des pages noires de notes, qu\u2019il me fallait [&hellip;]\" \/>\n<meta property=\"og:url\" content=\"https:\/\/www.ensembleintercontemporain.com\/fr\/temoignages-de-solistes\/\" \/>\n<meta property=\"og:site_name\" content=\"Ensemble intercontemporain\" \/>\n<meta property=\"article:modified_time\" content=\"2025-07-07T14:34:30+00:00\" \/>\n<meta property=\"og:image\" content=\"http:\/\/www.ensembleintercontemporain.com\/content\/uploads\/2020\/09\/kang_hae-sun_img2153franck-ferville-292x300.jpg\" \/>\n<meta name=\"twitter:card\" content=\"summary_large_image\" \/>\n<meta name=\"twitter:label1\" content=\"Dur\u00e9e de lecture estim\u00e9e\" \/>\n\t<meta name=\"twitter:data1\" content=\"8 minutes\" \/>\n<script type=\"application\/ld+json\" class=\"yoast-schema-graph\">{\"@context\":\"https:\\\/\\\/schema.org\",\"@graph\":[{\"@type\":\"WebPage\",\"@id\":\"https:\\\/\\\/www.ensembleintercontemporain.com\\\/fr\\\/temoignages-de-solistes\\\/\",\"url\":\"https:\\\/\\\/www.ensembleintercontemporain.com\\\/fr\\\/temoignages-de-solistes\\\/\",\"name\":\"T\u00e9moignages de solistes - Ensemble intercontemporain\",\"isPartOf\":{\"@id\":\"https:\\\/\\\/www.ensembleintercontemporain.com\\\/en\\\/#website\"},\"primaryImageOfPage\":{\"@id\":\"https:\\\/\\\/www.ensembleintercontemporain.com\\\/fr\\\/temoignages-de-solistes\\\/#primaryimage\"},\"image\":{\"@id\":\"https:\\\/\\\/www.ensembleintercontemporain.com\\\/fr\\\/temoignages-de-solistes\\\/#primaryimage\"},\"thumbnailUrl\":\"http:\\\/\\\/www.ensembleintercontemporain.com\\\/content\\\/uploads\\\/2020\\\/09\\\/kang_hae-sun_img2153franck-ferville-292x300.jpg\",\"datePublished\":\"2024-09-04T19:09:44+00:00\",\"dateModified\":\"2025-07-07T14:34:30+00:00\",\"breadcrumb\":{\"@id\":\"https:\\\/\\\/www.ensembleintercontemporain.com\\\/fr\\\/temoignages-de-solistes\\\/#breadcrumb\"},\"inLanguage\":\"fr-FR\",\"potentialAction\":[{\"@type\":\"ReadAction\",\"target\":[\"https:\\\/\\\/www.ensembleintercontemporain.com\\\/fr\\\/temoignages-de-solistes\\\/\"]}]},{\"@type\":\"ImageObject\",\"inLanguage\":\"fr-FR\",\"@id\":\"https:\\\/\\\/www.ensembleintercontemporain.com\\\/fr\\\/temoignages-de-solistes\\\/#primaryimage\",\"url\":\"http:\\\/\\\/www.ensembleintercontemporain.com\\\/content\\\/uploads\\\/2020\\\/09\\\/kang_hae-sun_img2153franck-ferville-292x300.jpg\",\"contentUrl\":\"http:\\\/\\\/www.ensembleintercontemporain.com\\\/content\\\/uploads\\\/2020\\\/09\\\/kang_hae-sun_img2153franck-ferville-292x300.jpg\"},{\"@type\":\"BreadcrumbList\",\"@id\":\"https:\\\/\\\/www.ensembleintercontemporain.com\\\/fr\\\/temoignages-de-solistes\\\/#breadcrumb\",\"itemListElement\":[{\"@type\":\"ListItem\",\"position\":1,\"name\":\"Home\",\"item\":\"https:\\\/\\\/www.ensembleintercontemporain.com\\\/fr\\\/\"},{\"@type\":\"ListItem\",\"position\":2,\"name\":\"T\u00e9moignages de solistes\"}]},{\"@type\":\"WebSite\",\"@id\":\"https:\\\/\\\/www.ensembleintercontemporain.com\\\/en\\\/#website\",\"url\":\"https:\\\/\\\/www.ensembleintercontemporain.com\\\/en\\\/\",\"name\":\"Ensemble intercontemporain\",\"description\":\"\",\"potentialAction\":[{\"@type\":\"SearchAction\",\"target\":{\"@type\":\"EntryPoint\",\"urlTemplate\":\"https:\\\/\\\/www.ensembleintercontemporain.com\\\/en\\\/?s={search_term_string}\"},\"query-input\":{\"@type\":\"PropertyValueSpecification\",\"valueRequired\":true,\"valueName\":\"search_term_string\"}}],\"inLanguage\":\"fr-FR\"}]}<\/script>\n<!-- \/ Yoast SEO plugin. -->","yoast_head_json":{"title":"T\u00e9moignages de solistes - Ensemble intercontemporain","robots":{"index":"index","follow":"follow","max-snippet":"max-snippet:-1","max-image-preview":"max-image-preview:large","max-video-preview":"max-video-preview:-1"},"canonical":"https:\/\/www.ensembleintercontemporain.com\/fr\/temoignages-de-solistes\/","og_locale":"fr_FR","og_type":"article","og_title":"T\u00e9moignages de solistes - Ensemble intercontemporain","og_description":"Hae-Sun Kang, violoniste Quand Pierre Boulez a d\u00e9cid\u00e9 que j\u2019assurerai la cr\u00e9ation d\u2019Anth\u00e8mes 2, j\u2019en ai \u00e9t\u00e9 tout de suite tr\u00e8s heureuse sans bien me rendre compte du travail que cela repr\u00e9senterait\u2009! Que ce soit l\u2019appropriation de la partition \u2013 dont les pages me parvenaient par fax, des pages noires de notes, qu\u2019il me fallait [&hellip;]","og_url":"https:\/\/www.ensembleintercontemporain.com\/fr\/temoignages-de-solistes\/","og_site_name":"Ensemble intercontemporain","article_modified_time":"2025-07-07T14:34:30+00:00","og_image":[{"url":"http:\/\/www.ensembleintercontemporain.com\/content\/uploads\/2020\/09\/kang_hae-sun_img2153franck-ferville-292x300.jpg","type":"","width":"","height":""}],"twitter_card":"summary_large_image","twitter_misc":{"Dur\u00e9e de lecture estim\u00e9e":"8 minutes"},"schema":{"@context":"https:\/\/schema.org","@graph":[{"@type":"WebPage","@id":"https:\/\/www.ensembleintercontemporain.com\/fr\/temoignages-de-solistes\/","url":"https:\/\/www.ensembleintercontemporain.com\/fr\/temoignages-de-solistes\/","name":"T\u00e9moignages de solistes - Ensemble intercontemporain","isPartOf":{"@id":"https:\/\/www.ensembleintercontemporain.com\/en\/#website"},"primaryImageOfPage":{"@id":"https:\/\/www.ensembleintercontemporain.com\/fr\/temoignages-de-solistes\/#primaryimage"},"image":{"@id":"https:\/\/www.ensembleintercontemporain.com\/fr\/temoignages-de-solistes\/#primaryimage"},"thumbnailUrl":"http:\/\/www.ensembleintercontemporain.com\/content\/uploads\/2020\/09\/kang_hae-sun_img2153franck-ferville-292x300.jpg","datePublished":"2024-09-04T19:09:44+00:00","dateModified":"2025-07-07T14:34:30+00:00","breadcrumb":{"@id":"https:\/\/www.ensembleintercontemporain.com\/fr\/temoignages-de-solistes\/#breadcrumb"},"inLanguage":"fr-FR","potentialAction":[{"@type":"ReadAction","target":["https:\/\/www.ensembleintercontemporain.com\/fr\/temoignages-de-solistes\/"]}]},{"@type":"ImageObject","inLanguage":"fr-FR","@id":"https:\/\/www.ensembleintercontemporain.com\/fr\/temoignages-de-solistes\/#primaryimage","url":"http:\/\/www.ensembleintercontemporain.com\/content\/uploads\/2020\/09\/kang_hae-sun_img2153franck-ferville-292x300.jpg","contentUrl":"http:\/\/www.ensembleintercontemporain.com\/content\/uploads\/2020\/09\/kang_hae-sun_img2153franck-ferville-292x300.jpg"},{"@type":"BreadcrumbList","@id":"https:\/\/www.ensembleintercontemporain.com\/fr\/temoignages-de-solistes\/#breadcrumb","itemListElement":[{"@type":"ListItem","position":1,"name":"Home","item":"https:\/\/www.ensembleintercontemporain.com\/fr\/"},{"@type":"ListItem","position":2,"name":"T\u00e9moignages de solistes"}]},{"@type":"WebSite","@id":"https:\/\/www.ensembleintercontemporain.com\/en\/#website","url":"https:\/\/www.ensembleintercontemporain.com\/en\/","name":"Ensemble intercontemporain","description":"","potentialAction":[{"@type":"SearchAction","target":{"@type":"EntryPoint","urlTemplate":"https:\/\/www.ensembleintercontemporain.com\/en\/?s={search_term_string}"},"query-input":{"@type":"PropertyValueSpecification","valueRequired":true,"valueName":"search_term_string"}}],"inLanguage":"fr-FR"}]}},"_links":{"self":[{"href":"https:\/\/www.ensembleintercontemporain.com\/fr\/wp-json\/wp\/v2\/pages\/27450\/"}],"collection":[{"href":"https:\/\/www.ensembleintercontemporain.com\/fr\/wp-json\/wp\/v2\/pages\/"}],"about":[{"href":"https:\/\/www.ensembleintercontemporain.com\/fr\/wp-json\/wp\/v2\/types\/page\/"}],"author":[{"embeddable":true,"href":"https:\/\/www.ensembleintercontemporain.com\/fr\/wp-json\/wp\/v2\/users\/145\/"}],"replies":[{"embeddable":true,"href":"https:\/\/www.ensembleintercontemporain.com\/fr\/wp-json\/wp\/v2\/comments\/?post=27450"}],"version-history":[{"count":9,"href":"https:\/\/www.ensembleintercontemporain.com\/fr\/wp-json\/wp\/v2\/pages\/27450\/revisions\/"}],"predecessor-version":[{"id":29416,"href":"https:\/\/www.ensembleintercontemporain.com\/fr\/wp-json\/wp\/v2\/pages\/27450\/revisions\/29416\/"}],"wp:attachment":[{"href":"https:\/\/www.ensembleintercontemporain.com\/fr\/wp-json\/wp\/v2\/media\/?parent=27450"}],"curies":[{"name":"wp","href":"https:\/\/api.w.org\/{rel}","templated":true}]}}