{"id":24715,"date":"2023-05-10T17:34:17","date_gmt":"2023-05-10T15:34:17","guid":{"rendered":"https:\/\/www.ensembleintercontemporain.com\/?page_id=24715"},"modified":"2024-07-04T17:34:57","modified_gmt":"2024-07-04T15:34:57","slug":"residences-artistiques","status":"publish","type":"page","link":"https:\/\/www.ensembleintercontemporain.com\/fr\/un-ensemble-de-solistes\/actions-culturelles\/residences-artistiques\/","title":{"rendered":"R\u00e9sidences artistiques"},"content":{"rendered":"<h2><span style=\"color: #ff4646;\">Du Terrain \u00e0 la Sc\u00e8ne<\/span><\/h2>\n<ul>\n<li><b>Quoi<\/b>: r\u00e9sidence artistique et p\u00e9dagogique<\/li>\n<li><strong>Qui:<\/strong> une trentaine d&rsquo;\u00e9l\u00e8ves de CM1-CM2<\/li>\n<li><strong>Quand:<\/strong> de janvier 2023 \u00e0 juin 2024<\/li>\n<li><strong>O\u00f9:<\/strong> \u00e9cole Cav\u00e9 \u00e0 Paris (18<sup>e<\/sup>)<\/li>\n<\/ul>\n<p>Ce projet p\u00e9dagogique original et inclusif, destin\u00e9 \u00e0 un public scolaire, s\u2019inscrit dans le cadre des Jeux Olympiques et Paralympiques de 2024 \u00e0 Paris. Il permettra \u00e0 des \u00e9l\u00e8ves de CM1 puis CM2 de faire l\u2019exp\u00e9rience du lien entre sport et musique qui partagent de nombreuses valeurs (exigence, partage, respect, accomplissement de soi, connaissance corporelle\u2026). Certains gestes et techniques se retrouvent m\u00eame dans les deux disciplines (rebonds, impacts, glissement, vitesse\u2026). Tous les lundis matin de janvier 2023 \u00e0 juin 2024, les \u00e9l\u00e8ves sont accompagn\u00e9s par les solistes de l\u2019EIC et quatre jeunes compositeur.trice.s, sous la direction d\u2019un chor\u00e9graphe. Un concert de restitution pr\u00e9sentera leur travail en mai 2024 \u00e0 la Philharmonie de Paris. Ce projet fait partie des Olympiades culturelles de la Ville de Paris.<\/p>\n<p><strong>Nos partenaires :<\/strong> <a href=\"https:\/\/philharmoniedeparis.fr\/fr\">Philharmonie de Paris<\/a>, <a href=\"https:\/\/www.paris.fr\/lieux\/ecole-elementaire-cave-669\">\u00c9cole Cav\u00e9<\/a>. Avec le soutien de la <a href=\"https:\/\/www.sacem.fr\/\">Sacem<\/a>.<\/p>\n<p><strong>Programme:<\/strong><\/p>\n<ul>\n<li>Manon Lepauvre, <em>Kayak d&rsquo;enfer, <\/em>pour fl\u00fbte, harpe et percussion<\/li>\n<li>Aline Gorisse, <em>Pentathlon<\/em>, pour fl\u00fbte, trompette et violoncelle<\/li>\n<li>Daphn\u00e9 H\u00e9j\u00e9bri<em>, Traversio,<\/em> pour fl\u00fbte, harpe et percussion<\/li>\n<li>Jawher Matmati,<em> Score!<\/em> pour clarinette basse, harpe et percussion<\/li>\n<\/ul>\n","protected":false},"excerpt":{"rendered":"<p>Discovering the contemporary repertoire requires a long time, to appreciate its richness and identify its experimental issues. This is why the Ensemble intercontemporain favors long-term residencies.<\/p>\n","protected":false},"author":145,"featured_media":25131,"parent":12183,"menu_order":0,"comment_status":"closed","ping_status":"closed","template":"page-templates\/actions-educatives-projet.php","meta":{"_acf_changed":false,"footnotes":""},"class_list":["post-24715","page","type-page","status-publish","has-post-thumbnail","hentry"],"acf":[],"yoast_head":"<!-- This site is optimized with the Yoast SEO plugin v27.6 - https:\/\/yoast.com\/product\/yoast-seo-wordpress\/ -->\n<title>R\u00e9sidences artistiques - Ensemble intercontemporain<\/title>\n<meta name=\"robots\" content=\"index, follow, max-snippet:-1, max-image-preview:large, max-video-preview:-1\" \/>\n<link rel=\"canonical\" href=\"https:\/\/www.ensembleintercontemporain.com\/fr\/un-ensemble-de-solistes\/actions-culturelles\/residences-artistiques\/\" \/>\n<meta property=\"og:locale\" content=\"fr_FR\" \/>\n<meta property=\"og:type\" content=\"article\" \/>\n<meta property=\"og:title\" content=\"R\u00e9sidences artistiques - Ensemble intercontemporain\" \/>\n<meta property=\"og:description\" content=\"Discovering the contemporary repertoire requires a long time, to appreciate its richness and identify its experimental issues. This is why the Ensemble intercontemporain favors long-term residencies.\" \/>\n<meta property=\"og:url\" content=\"https:\/\/www.ensembleintercontemporain.com\/fr\/un-ensemble-de-solistes\/actions-culturelles\/residences-artistiques\/\" \/>\n<meta property=\"og:site_name\" content=\"Ensemble intercontemporain\" \/>\n<meta property=\"article:modified_time\" content=\"2024-07-04T15:34:57+00:00\" \/>\n<meta property=\"og:image\" content=\"http:\/\/www.ensembleintercontemporain.com\/content\/uploads\/2022\/05\/dscf7662.jpg\" \/>\n\t<meta property=\"og:image:width\" content=\"1920\" \/>\n\t<meta property=\"og:image:height\" content=\"1280\" \/>\n\t<meta property=\"og:image:type\" content=\"image\/jpeg\" \/>\n<meta name=\"twitter:card\" content=\"summary_large_image\" \/>\n<meta name=\"twitter:label1\" content=\"Dur\u00e9e de lecture estim\u00e9e\" \/>\n\t<meta name=\"twitter:data1\" content=\"1 minute\" \/>\n<script type=\"application\/ld+json\" class=\"yoast-schema-graph\">{\"@context\":\"https:\\\/\\\/schema.org\",\"@graph\":[{\"@type\":\"WebPage\",\"@id\":\"https:\\\/\\\/www.ensembleintercontemporain.com\\\/fr\\\/un-ensemble-de-solistes\\\/actions-culturelles\\\/residences-artistiques\\\/\",\"url\":\"https:\\\/\\\/www.ensembleintercontemporain.com\\\/fr\\\/un-ensemble-de-solistes\\\/actions-culturelles\\\/residences-artistiques\\\/\",\"name\":\"R\u00e9sidences artistiques - Ensemble intercontemporain\",\"isPartOf\":{\"@id\":\"https:\\\/\\\/www.ensembleintercontemporain.com\\\/en\\\/#website\"},\"primaryImageOfPage\":{\"@id\":\"https:\\\/\\\/www.ensembleintercontemporain.com\\\/fr\\\/un-ensemble-de-solistes\\\/actions-culturelles\\\/residences-artistiques\\\/#primaryimage\"},\"image\":{\"@id\":\"https:\\\/\\\/www.ensembleintercontemporain.com\\\/fr\\\/un-ensemble-de-solistes\\\/actions-culturelles\\\/residences-artistiques\\\/#primaryimage\"},\"thumbnailUrl\":\"https:\\\/\\\/www.ensembleintercontemporain.com\\\/content\\\/uploads\\\/2023\\\/06\\\/00121-050623-eic-ecole-caveanne-elise-grosbois-scaled-e1686753275333.jpg\",\"datePublished\":\"2023-05-10T15:34:17+00:00\",\"dateModified\":\"2024-07-04T15:34:57+00:00\",\"breadcrumb\":{\"@id\":\"https:\\\/\\\/www.ensembleintercontemporain.com\\\/fr\\\/un-ensemble-de-solistes\\\/actions-culturelles\\\/residences-artistiques\\\/#breadcrumb\"},\"inLanguage\":\"fr-FR\",\"potentialAction\":[{\"@type\":\"ReadAction\",\"target\":[\"https:\\\/\\\/www.ensembleintercontemporain.com\\\/fr\\\/un-ensemble-de-solistes\\\/actions-culturelles\\\/residences-artistiques\\\/\"]}]},{\"@type\":\"ImageObject\",\"inLanguage\":\"fr-FR\",\"@id\":\"https:\\\/\\\/www.ensembleintercontemporain.com\\\/fr\\\/un-ensemble-de-solistes\\\/actions-culturelles\\\/residences-artistiques\\\/#primaryimage\",\"url\":\"https:\\\/\\\/www.ensembleintercontemporain.com\\\/content\\\/uploads\\\/2023\\\/06\\\/00121-050623-eic-ecole-caveanne-elise-grosbois-scaled-e1686753275333.jpg\",\"contentUrl\":\"https:\\\/\\\/www.ensembleintercontemporain.com\\\/content\\\/uploads\\\/2023\\\/06\\\/00121-050623-eic-ecole-caveanne-elise-grosbois-scaled-e1686753275333.jpg\",\"width\":2560,\"height\":1452},{\"@type\":\"BreadcrumbList\",\"@id\":\"https:\\\/\\\/www.ensembleintercontemporain.com\\\/fr\\\/un-ensemble-de-solistes\\\/actions-culturelles\\\/residences-artistiques\\\/#breadcrumb\",\"itemListElement\":[{\"@type\":\"ListItem\",\"position\":1,\"name\":\"Home\",\"item\":\"https:\\\/\\\/www.ensembleintercontemporain.com\\\/fr\\\/\"},{\"@type\":\"ListItem\",\"position\":2,\"name\":\"Un Ensemble de solistes\",\"item\":\"https:\\\/\\\/www.ensembleintercontemporain.com\\\/fr\\\/un-ensemble-de-solistes\\\/\"},{\"@type\":\"ListItem\",\"position\":3,\"name\":\"Actions culturelles\",\"item\":\"https:\\\/\\\/www.ensembleintercontemporain.com\\\/fr\\\/un-ensemble-de-solistes\\\/actions-culturelles\\\/\"},{\"@type\":\"ListItem\",\"position\":4,\"name\":\"R\u00e9sidences artistiques\"}]},{\"@type\":\"WebSite\",\"@id\":\"https:\\\/\\\/www.ensembleintercontemporain.com\\\/en\\\/#website\",\"url\":\"https:\\\/\\\/www.ensembleintercontemporain.com\\\/en\\\/\",\"name\":\"Ensemble intercontemporain\",\"description\":\"\",\"potentialAction\":[{\"@type\":\"SearchAction\",\"target\":{\"@type\":\"EntryPoint\",\"urlTemplate\":\"https:\\\/\\\/www.ensembleintercontemporain.com\\\/en\\\/?s={search_term_string}\"},\"query-input\":{\"@type\":\"PropertyValueSpecification\",\"valueRequired\":true,\"valueName\":\"search_term_string\"}}],\"inLanguage\":\"fr-FR\"}]}<\/script>\n<!-- \/ Yoast SEO plugin. -->","yoast_head_json":{"title":"R\u00e9sidences artistiques - Ensemble intercontemporain","robots":{"index":"index","follow":"follow","max-snippet":"max-snippet:-1","max-image-preview":"max-image-preview:large","max-video-preview":"max-video-preview:-1"},"canonical":"https:\/\/www.ensembleintercontemporain.com\/fr\/un-ensemble-de-solistes\/actions-culturelles\/residences-artistiques\/","og_locale":"fr_FR","og_type":"article","og_title":"R\u00e9sidences artistiques - Ensemble intercontemporain","og_description":"Discovering the contemporary repertoire requires a long time, to appreciate its richness and identify its experimental issues. This is why the Ensemble intercontemporain favors long-term residencies.","og_url":"https:\/\/www.ensembleintercontemporain.com\/fr\/un-ensemble-de-solistes\/actions-culturelles\/residences-artistiques\/","og_site_name":"Ensemble intercontemporain","article_modified_time":"2024-07-04T15:34:57+00:00","og_image":[{"width":1920,"height":1280,"url":"http:\/\/www.ensembleintercontemporain.com\/content\/uploads\/2022\/05\/dscf7662.jpg","type":"image\/jpeg"}],"twitter_card":"summary_large_image","twitter_misc":{"Dur\u00e9e de lecture estim\u00e9e":"1 minute"},"schema":{"@context":"https:\/\/schema.org","@graph":[{"@type":"WebPage","@id":"https:\/\/www.ensembleintercontemporain.com\/fr\/un-ensemble-de-solistes\/actions-culturelles\/residences-artistiques\/","url":"https:\/\/www.ensembleintercontemporain.com\/fr\/un-ensemble-de-solistes\/actions-culturelles\/residences-artistiques\/","name":"R\u00e9sidences artistiques - Ensemble intercontemporain","isPartOf":{"@id":"https:\/\/www.ensembleintercontemporain.com\/en\/#website"},"primaryImageOfPage":{"@id":"https:\/\/www.ensembleintercontemporain.com\/fr\/un-ensemble-de-solistes\/actions-culturelles\/residences-artistiques\/#primaryimage"},"image":{"@id":"https:\/\/www.ensembleintercontemporain.com\/fr\/un-ensemble-de-solistes\/actions-culturelles\/residences-artistiques\/#primaryimage"},"thumbnailUrl":"https:\/\/www.ensembleintercontemporain.com\/content\/uploads\/2023\/06\/00121-050623-eic-ecole-caveanne-elise-grosbois-scaled-e1686753275333.jpg","datePublished":"2023-05-10T15:34:17+00:00","dateModified":"2024-07-04T15:34:57+00:00","breadcrumb":{"@id":"https:\/\/www.ensembleintercontemporain.com\/fr\/un-ensemble-de-solistes\/actions-culturelles\/residences-artistiques\/#breadcrumb"},"inLanguage":"fr-FR","potentialAction":[{"@type":"ReadAction","target":["https:\/\/www.ensembleintercontemporain.com\/fr\/un-ensemble-de-solistes\/actions-culturelles\/residences-artistiques\/"]}]},{"@type":"ImageObject","inLanguage":"fr-FR","@id":"https:\/\/www.ensembleintercontemporain.com\/fr\/un-ensemble-de-solistes\/actions-culturelles\/residences-artistiques\/#primaryimage","url":"https:\/\/www.ensembleintercontemporain.com\/content\/uploads\/2023\/06\/00121-050623-eic-ecole-caveanne-elise-grosbois-scaled-e1686753275333.jpg","contentUrl":"https:\/\/www.ensembleintercontemporain.com\/content\/uploads\/2023\/06\/00121-050623-eic-ecole-caveanne-elise-grosbois-scaled-e1686753275333.jpg","width":2560,"height":1452},{"@type":"BreadcrumbList","@id":"https:\/\/www.ensembleintercontemporain.com\/fr\/un-ensemble-de-solistes\/actions-culturelles\/residences-artistiques\/#breadcrumb","itemListElement":[{"@type":"ListItem","position":1,"name":"Home","item":"https:\/\/www.ensembleintercontemporain.com\/fr\/"},{"@type":"ListItem","position":2,"name":"Un Ensemble de solistes","item":"https:\/\/www.ensembleintercontemporain.com\/fr\/un-ensemble-de-solistes\/"},{"@type":"ListItem","position":3,"name":"Actions culturelles","item":"https:\/\/www.ensembleintercontemporain.com\/fr\/un-ensemble-de-solistes\/actions-culturelles\/"},{"@type":"ListItem","position":4,"name":"R\u00e9sidences artistiques"}]},{"@type":"WebSite","@id":"https:\/\/www.ensembleintercontemporain.com\/en\/#website","url":"https:\/\/www.ensembleintercontemporain.com\/en\/","name":"Ensemble intercontemporain","description":"","potentialAction":[{"@type":"SearchAction","target":{"@type":"EntryPoint","urlTemplate":"https:\/\/www.ensembleintercontemporain.com\/en\/?s={search_term_string}"},"query-input":{"@type":"PropertyValueSpecification","valueRequired":true,"valueName":"search_term_string"}}],"inLanguage":"fr-FR"}]}},"_links":{"self":[{"href":"https:\/\/www.ensembleintercontemporain.com\/fr\/wp-json\/wp\/v2\/pages\/24715\/"}],"collection":[{"href":"https:\/\/www.ensembleintercontemporain.com\/fr\/wp-json\/wp\/v2\/pages\/"}],"about":[{"href":"https:\/\/www.ensembleintercontemporain.com\/fr\/wp-json\/wp\/v2\/types\/page\/"}],"author":[{"embeddable":true,"href":"https:\/\/www.ensembleintercontemporain.com\/fr\/wp-json\/wp\/v2\/users\/145\/"}],"replies":[{"embeddable":true,"href":"https:\/\/www.ensembleintercontemporain.com\/fr\/wp-json\/wp\/v2\/comments\/?post=24715"}],"version-history":[{"count":10,"href":"https:\/\/www.ensembleintercontemporain.com\/fr\/wp-json\/wp\/v2\/pages\/24715\/revisions\/"}],"predecessor-version":[{"id":27266,"href":"https:\/\/www.ensembleintercontemporain.com\/fr\/wp-json\/wp\/v2\/pages\/24715\/revisions\/27266\/"}],"up":[{"embeddable":true,"href":"https:\/\/www.ensembleintercontemporain.com\/fr\/wp-json\/wp\/v2\/pages\/12183\/"}],"wp:featuredmedia":[{"embeddable":true,"href":"https:\/\/www.ensembleintercontemporain.com\/fr\/wp-json\/wp\/v2\/media\/25131\/"}],"wp:attachment":[{"href":"https:\/\/www.ensembleintercontemporain.com\/fr\/wp-json\/wp\/v2\/media\/?parent=24715"}],"curies":[{"name":"wp","href":"https:\/\/api.w.org\/{rel}","templated":true}]}}