{"id":24713,"date":"2023-05-10T17:30:39","date_gmt":"2023-05-10T15:30:39","guid":{"rendered":"https:\/\/www.ensembleintercontemporain.com\/?page_id=24713"},"modified":"2025-09-26T17:17:02","modified_gmt":"2025-09-26T15:17:02","slug":"outils-numeriques","status":"publish","type":"page","link":"https:\/\/www.ensembleintercontemporain.com\/fr\/un-ensemble-de-solistes\/actions-culturelles\/outils-numeriques\/","title":{"rendered":"Outils num\u00e9riques"},"content":{"rendered":"<h2><span style=\"color: #ff4646;\">Musiconautes<\/span><\/h2>\n<ul>\n<li><strong>Quoi\u00a0:<\/strong> une application p\u00e9dagogique num\u00e9rique<\/li>\n<li><strong>Pour qui\u00a0:<\/strong> les enfants de 8 \u00e0 12 ans<\/li>\n<li><strong>Quand\u00a0<\/strong>: \u00e0 partir de mars 2025<\/li>\n<li><strong>O\u00f9\u00a0:<\/strong> \u00e0 t\u00e9l\u00e9charger sur tablette<\/li>\n<\/ul>\n<p>Attentif aux enjeux de la m\u00e9diation num\u00e9rique, l\u2019EIC cherche \u00e0 d\u00e9velopper des outils num\u00e9riques interactifs et ludiques pour permettre aux enfants du CE2 \u00e0 la 5<sup>e<\/sup> de s\u2019approprier la musique contemporaine. Confi\u00e9e au m\u00e9diateur et musicologue Cl\u00e9ment Lebrun, cette application p\u00e9dagogique (sur IPad) est d\u00e9clin\u00e9e en plusieurs volets (l\u2019\u00e9coute, la comparaison, l\u2019analyse), \u00e0 travers trois \u0153uvres phares du r\u00e9pertoire contemporain : le <em>Concerto de chambre <\/em>de Gy\u00f6rgy Ligeti (polyrythmie), <em>Dialogue de l\u2019ombre double<\/em> de Pierre Boulez (spatialisation) et <em>Piano Phase<\/em> de Steve Reich (r\u00e9p\u00e9tition d\u2019un motif musical).<\/p>\n<p><strong>Programme\u00a0:<\/strong><\/p>\n<ul>\n<li>Pierre Boulez<em>, Dialogue de l\u2019ombre double<\/em>, pour clarinette et bande<\/li>\n<li>Steve Reich, <em>Marimba phase<\/em>, pour deux marimbas<\/li>\n<li>Gy\u00f6rgy Ligeti, <em>Concerto de chambre<\/em><\/li>\n<\/ul>\n<p><strong>T\u00e9l\u00e9charger sur l&rsquo;AppStore<\/strong> : <a href=\"https:\/\/apps.apple.com\/fr\/app\/les-musiconautes\/id6448696721\">app\/les-musiconautes<\/a><br \/>\n<strong>T\u00e9l\u00e9charger sur Google Play : <\/strong><a href=\"https:\/\/play.google.com\/store\/apps\/details?id=com.ensembleintercontemporain.lesmusiconautes&amp;hl=fr\">app\/lesmusiconautes<\/a><\/p>\n<p><strong>Dossier p\u00e9dagogique :<\/strong> <a href=\"http:\/\/www.ensembleintercontemporain.com\/content\/uploads\/2025\/01\/Livret-pedagogique-Les-Musiconautes.pdf\">Livret pe\u0301dagogique Les Musiconautes<\/a><\/p>\n<p><strong>Nos partenaires\u00a0:<\/strong> <a href=\"https:\/\/www.jelancemonedtech.fr\/edu-up\">Edu Up<\/a>, Cl\u00e9ment Lebrun<\/p>\n<p><img loading=\"lazy\" decoding=\"async\" class=\"aligncenter size-full wp-image-28568\" src=\"http:\/\/www.ensembleintercontemporain.com\/content\/uploads\/2025\/03\/presentation-musiconautespng.png\" alt=\"\" width=\"2436\" height=\"1125\" srcset=\"https:\/\/www.ensembleintercontemporain.com\/content\/uploads\/2025\/03\/presentation-musiconautespng.png 2436w, https:\/\/www.ensembleintercontemporain.com\/content\/uploads\/2025\/03\/presentation-musiconautespng-300x139.png 300w, https:\/\/www.ensembleintercontemporain.com\/content\/uploads\/2025\/03\/presentation-musiconautespng-1024x473.png 1024w, https:\/\/www.ensembleintercontemporain.com\/content\/uploads\/2025\/03\/presentation-musiconautespng-768x355.png 768w, https:\/\/www.ensembleintercontemporain.com\/content\/uploads\/2025\/03\/presentation-musiconautespng-1536x709.png 1536w, https:\/\/www.ensembleintercontemporain.com\/content\/uploads\/2025\/03\/presentation-musiconautespng-2048x946.png 2048w\" sizes=\"auto, (max-width: 2436px) 100vw, 2436px\" \/><\/p>\n<hr \/>\n<h2><span style=\"color: #ff4646;\">Modes de jeux<\/span><\/h2>\n<ul>\n<li><strong>Quoi\u00a0:<\/strong> site internet<\/li>\n<li><strong>Pour qui\u00a0:<\/strong> jeunes interpr\u00e8tes et compositeur.trice.s<\/li>\n<li><strong>Quand\u00a0<\/strong>: \u00e0 partir de la rentr\u00e9e 2025<\/li>\n<li><strong>O\u00f9\u00a0:<\/strong> en ligne<\/li>\n<\/ul>\n<p>Le r\u00e9pertoire contemporain fait appel \u00e0 des techniques de jeu dites \u00ab\u00a0\u00e9tendues\u00a0\u00bb, qui permettent d\u2019explorer l\u2019instrument en profondeur pour trouver de nouvelles sonorit\u00e9s. Afin d\u2019encourager les jeunes compositeur.trice.s et interpr\u00e8tes \u00e0 se familiariser avec ces modes de jeux, l\u2019Ensemble a souhait\u00e9 d\u00e9velopper un site les r\u00e9pertoriant. Chaque technique est choisie, interpr\u00e9t\u00e9e et comment\u00e9e en vid\u00e9o par les solistes, sous la supervision du compositeur et professeur Yan Maresz. Cet outil permettra aux jeunes compositeur.trice.s et interpr\u00e8tes de s\u2019approprier ses nouveaux modes, d\u2019en cerner les contraintes et d\u2019utiliser au mieux les vastes possibilit\u00e9s de chaque instrument.<\/p>\n<p><strong>Nos partenaires\u00a0:<\/strong> <a href=\"https:\/\/artmentor.ch\/en\/\">Art Mentor<\/a><\/p>\n<hr \/>\n<p>&nbsp;<\/p>\n","protected":false},"excerpt":{"rendered":"<p>Conscient des enjeux num\u00e9riques actuels, l\u2019Ensemble intercontemporain souhaite d\u00e9velopper des ressources accessibles au plus grand nombre, et en particulier aux jeunes, afin de partager ses larges connaissances du r\u00e9pertoire contemporain.<\/p>\n","protected":false},"author":145,"featured_media":22825,"parent":12183,"menu_order":0,"comment_status":"closed","ping_status":"closed","template":"page-templates\/actions-educatives-projet.php","meta":{"_acf_changed":false,"footnotes":""},"class_list":["post-24713","page","type-page","status-publish","has-post-thumbnail","hentry"],"acf":[],"yoast_head":"<!-- This site is optimized with the Yoast SEO plugin v27.6 - https:\/\/yoast.com\/product\/yoast-seo-wordpress\/ -->\n<title>Outils num\u00e9riques - Ensemble intercontemporain<\/title>\n<meta name=\"robots\" content=\"index, follow, max-snippet:-1, max-image-preview:large, max-video-preview:-1\" \/>\n<link rel=\"canonical\" href=\"https:\/\/www.ensembleintercontemporain.com\/fr\/un-ensemble-de-solistes\/actions-culturelles\/outils-numeriques\/\" \/>\n<meta property=\"og:locale\" content=\"fr_FR\" \/>\n<meta property=\"og:type\" content=\"article\" \/>\n<meta property=\"og:title\" content=\"Outils num\u00e9riques - Ensemble intercontemporain\" \/>\n<meta property=\"og:description\" content=\"Conscient des enjeux num\u00e9riques actuels, l\u2019Ensemble intercontemporain souhaite d\u00e9velopper des ressources accessibles au plus grand nombre, et en particulier aux jeunes, afin de partager ses larges connaissances du r\u00e9pertoire contemporain.\" \/>\n<meta property=\"og:url\" content=\"https:\/\/www.ensembleintercontemporain.com\/fr\/un-ensemble-de-solistes\/actions-culturelles\/outils-numeriques\/\" \/>\n<meta property=\"og:site_name\" content=\"Ensemble intercontemporain\" \/>\n<meta property=\"article:modified_time\" content=\"2025-09-26T15:17:02+00:00\" \/>\n<meta property=\"og:image\" content=\"http:\/\/www.ensembleintercontemporain.com\/content\/uploads\/2022\/06\/akg1938903-2-1.jpg\" \/>\n\t<meta property=\"og:image:width\" content=\"1920\" \/>\n\t<meta property=\"og:image:height\" content=\"1280\" \/>\n\t<meta property=\"og:image:type\" content=\"image\/jpeg\" \/>\n<meta name=\"twitter:card\" content=\"summary_large_image\" \/>\n<meta name=\"twitter:label1\" content=\"Dur\u00e9e de lecture estim\u00e9e\" \/>\n\t<meta name=\"twitter:data1\" content=\"2 minutes\" \/>\n<script type=\"application\/ld+json\" class=\"yoast-schema-graph\">{\"@context\":\"https:\\\/\\\/schema.org\",\"@graph\":[{\"@type\":\"WebPage\",\"@id\":\"https:\\\/\\\/www.ensembleintercontemporain.com\\\/fr\\\/un-ensemble-de-solistes\\\/actions-culturelles\\\/outils-numeriques\\\/\",\"url\":\"https:\\\/\\\/www.ensembleintercontemporain.com\\\/fr\\\/un-ensemble-de-solistes\\\/actions-culturelles\\\/outils-numeriques\\\/\",\"name\":\"Outils num\u00e9riques - Ensemble intercontemporain\",\"isPartOf\":{\"@id\":\"https:\\\/\\\/www.ensembleintercontemporain.com\\\/en\\\/#website\"},\"primaryImageOfPage\":{\"@id\":\"https:\\\/\\\/www.ensembleintercontemporain.com\\\/fr\\\/un-ensemble-de-solistes\\\/actions-culturelles\\\/outils-numeriques\\\/#primaryimage\"},\"image\":{\"@id\":\"https:\\\/\\\/www.ensembleintercontemporain.com\\\/fr\\\/un-ensemble-de-solistes\\\/actions-culturelles\\\/outils-numeriques\\\/#primaryimage\"},\"thumbnailUrl\":\"https:\\\/\\\/www.ensembleintercontemporain.com\\\/content\\\/uploads\\\/2022\\\/06\\\/akg1938903-2-1.jpg\",\"datePublished\":\"2023-05-10T15:30:39+00:00\",\"dateModified\":\"2025-09-26T15:17:02+00:00\",\"breadcrumb\":{\"@id\":\"https:\\\/\\\/www.ensembleintercontemporain.com\\\/fr\\\/un-ensemble-de-solistes\\\/actions-culturelles\\\/outils-numeriques\\\/#breadcrumb\"},\"inLanguage\":\"fr-FR\",\"potentialAction\":[{\"@type\":\"ReadAction\",\"target\":[\"https:\\\/\\\/www.ensembleintercontemporain.com\\\/fr\\\/un-ensemble-de-solistes\\\/actions-culturelles\\\/outils-numeriques\\\/\"]}]},{\"@type\":\"ImageObject\",\"inLanguage\":\"fr-FR\",\"@id\":\"https:\\\/\\\/www.ensembleintercontemporain.com\\\/fr\\\/un-ensemble-de-solistes\\\/actions-culturelles\\\/outils-numeriques\\\/#primaryimage\",\"url\":\"https:\\\/\\\/www.ensembleintercontemporain.com\\\/content\\\/uploads\\\/2022\\\/06\\\/akg1938903-2-1.jpg\",\"contentUrl\":\"https:\\\/\\\/www.ensembleintercontemporain.com\\\/content\\\/uploads\\\/2022\\\/06\\\/akg1938903-2-1.jpg\",\"width\":1920,\"height\":1280,\"caption\":\"\"},{\"@type\":\"BreadcrumbList\",\"@id\":\"https:\\\/\\\/www.ensembleintercontemporain.com\\\/fr\\\/un-ensemble-de-solistes\\\/actions-culturelles\\\/outils-numeriques\\\/#breadcrumb\",\"itemListElement\":[{\"@type\":\"ListItem\",\"position\":1,\"name\":\"Home\",\"item\":\"https:\\\/\\\/www.ensembleintercontemporain.com\\\/fr\\\/\"},{\"@type\":\"ListItem\",\"position\":2,\"name\":\"Un Ensemble de solistes\",\"item\":\"https:\\\/\\\/www.ensembleintercontemporain.com\\\/fr\\\/un-ensemble-de-solistes\\\/\"},{\"@type\":\"ListItem\",\"position\":3,\"name\":\"Actions culturelles\",\"item\":\"https:\\\/\\\/www.ensembleintercontemporain.com\\\/fr\\\/un-ensemble-de-solistes\\\/actions-culturelles\\\/\"},{\"@type\":\"ListItem\",\"position\":4,\"name\":\"Outils num\u00e9riques\"}]},{\"@type\":\"WebSite\",\"@id\":\"https:\\\/\\\/www.ensembleintercontemporain.com\\\/en\\\/#website\",\"url\":\"https:\\\/\\\/www.ensembleintercontemporain.com\\\/en\\\/\",\"name\":\"Ensemble intercontemporain\",\"description\":\"\",\"potentialAction\":[{\"@type\":\"SearchAction\",\"target\":{\"@type\":\"EntryPoint\",\"urlTemplate\":\"https:\\\/\\\/www.ensembleintercontemporain.com\\\/en\\\/?s={search_term_string}\"},\"query-input\":{\"@type\":\"PropertyValueSpecification\",\"valueRequired\":true,\"valueName\":\"search_term_string\"}}],\"inLanguage\":\"fr-FR\"}]}<\/script>\n<!-- \/ Yoast SEO plugin. -->","yoast_head_json":{"title":"Outils num\u00e9riques - Ensemble intercontemporain","robots":{"index":"index","follow":"follow","max-snippet":"max-snippet:-1","max-image-preview":"max-image-preview:large","max-video-preview":"max-video-preview:-1"},"canonical":"https:\/\/www.ensembleintercontemporain.com\/fr\/un-ensemble-de-solistes\/actions-culturelles\/outils-numeriques\/","og_locale":"fr_FR","og_type":"article","og_title":"Outils num\u00e9riques - Ensemble intercontemporain","og_description":"Conscient des enjeux num\u00e9riques actuels, l\u2019Ensemble intercontemporain souhaite d\u00e9velopper des ressources accessibles au plus grand nombre, et en particulier aux jeunes, afin de partager ses larges connaissances du r\u00e9pertoire contemporain.","og_url":"https:\/\/www.ensembleintercontemporain.com\/fr\/un-ensemble-de-solistes\/actions-culturelles\/outils-numeriques\/","og_site_name":"Ensemble intercontemporain","article_modified_time":"2025-09-26T15:17:02+00:00","og_image":[{"width":1920,"height":1280,"url":"http:\/\/www.ensembleintercontemporain.com\/content\/uploads\/2022\/06\/akg1938903-2-1.jpg","type":"image\/jpeg"}],"twitter_card":"summary_large_image","twitter_misc":{"Dur\u00e9e de lecture estim\u00e9e":"2 minutes"},"schema":{"@context":"https:\/\/schema.org","@graph":[{"@type":"WebPage","@id":"https:\/\/www.ensembleintercontemporain.com\/fr\/un-ensemble-de-solistes\/actions-culturelles\/outils-numeriques\/","url":"https:\/\/www.ensembleintercontemporain.com\/fr\/un-ensemble-de-solistes\/actions-culturelles\/outils-numeriques\/","name":"Outils num\u00e9riques - Ensemble intercontemporain","isPartOf":{"@id":"https:\/\/www.ensembleintercontemporain.com\/en\/#website"},"primaryImageOfPage":{"@id":"https:\/\/www.ensembleintercontemporain.com\/fr\/un-ensemble-de-solistes\/actions-culturelles\/outils-numeriques\/#primaryimage"},"image":{"@id":"https:\/\/www.ensembleintercontemporain.com\/fr\/un-ensemble-de-solistes\/actions-culturelles\/outils-numeriques\/#primaryimage"},"thumbnailUrl":"https:\/\/www.ensembleintercontemporain.com\/content\/uploads\/2022\/06\/akg1938903-2-1.jpg","datePublished":"2023-05-10T15:30:39+00:00","dateModified":"2025-09-26T15:17:02+00:00","breadcrumb":{"@id":"https:\/\/www.ensembleintercontemporain.com\/fr\/un-ensemble-de-solistes\/actions-culturelles\/outils-numeriques\/#breadcrumb"},"inLanguage":"fr-FR","potentialAction":[{"@type":"ReadAction","target":["https:\/\/www.ensembleintercontemporain.com\/fr\/un-ensemble-de-solistes\/actions-culturelles\/outils-numeriques\/"]}]},{"@type":"ImageObject","inLanguage":"fr-FR","@id":"https:\/\/www.ensembleintercontemporain.com\/fr\/un-ensemble-de-solistes\/actions-culturelles\/outils-numeriques\/#primaryimage","url":"https:\/\/www.ensembleintercontemporain.com\/content\/uploads\/2022\/06\/akg1938903-2-1.jpg","contentUrl":"https:\/\/www.ensembleintercontemporain.com\/content\/uploads\/2022\/06\/akg1938903-2-1.jpg","width":1920,"height":1280,"caption":""},{"@type":"BreadcrumbList","@id":"https:\/\/www.ensembleintercontemporain.com\/fr\/un-ensemble-de-solistes\/actions-culturelles\/outils-numeriques\/#breadcrumb","itemListElement":[{"@type":"ListItem","position":1,"name":"Home","item":"https:\/\/www.ensembleintercontemporain.com\/fr\/"},{"@type":"ListItem","position":2,"name":"Un Ensemble de solistes","item":"https:\/\/www.ensembleintercontemporain.com\/fr\/un-ensemble-de-solistes\/"},{"@type":"ListItem","position":3,"name":"Actions culturelles","item":"https:\/\/www.ensembleintercontemporain.com\/fr\/un-ensemble-de-solistes\/actions-culturelles\/"},{"@type":"ListItem","position":4,"name":"Outils num\u00e9riques"}]},{"@type":"WebSite","@id":"https:\/\/www.ensembleintercontemporain.com\/en\/#website","url":"https:\/\/www.ensembleintercontemporain.com\/en\/","name":"Ensemble intercontemporain","description":"","potentialAction":[{"@type":"SearchAction","target":{"@type":"EntryPoint","urlTemplate":"https:\/\/www.ensembleintercontemporain.com\/en\/?s={search_term_string}"},"query-input":{"@type":"PropertyValueSpecification","valueRequired":true,"valueName":"search_term_string"}}],"inLanguage":"fr-FR"}]}},"_links":{"self":[{"href":"https:\/\/www.ensembleintercontemporain.com\/fr\/wp-json\/wp\/v2\/pages\/24713\/"}],"collection":[{"href":"https:\/\/www.ensembleintercontemporain.com\/fr\/wp-json\/wp\/v2\/pages\/"}],"about":[{"href":"https:\/\/www.ensembleintercontemporain.com\/fr\/wp-json\/wp\/v2\/types\/page\/"}],"author":[{"embeddable":true,"href":"https:\/\/www.ensembleintercontemporain.com\/fr\/wp-json\/wp\/v2\/users\/145\/"}],"replies":[{"embeddable":true,"href":"https:\/\/www.ensembleintercontemporain.com\/fr\/wp-json\/wp\/v2\/comments\/?post=24713"}],"version-history":[{"count":18,"href":"https:\/\/www.ensembleintercontemporain.com\/fr\/wp-json\/wp\/v2\/pages\/24713\/revisions\/"}],"predecessor-version":[{"id":29719,"href":"https:\/\/www.ensembleintercontemporain.com\/fr\/wp-json\/wp\/v2\/pages\/24713\/revisions\/29719\/"}],"up":[{"embeddable":true,"href":"https:\/\/www.ensembleintercontemporain.com\/fr\/wp-json\/wp\/v2\/pages\/12183\/"}],"wp:featuredmedia":[{"embeddable":true,"href":"https:\/\/www.ensembleintercontemporain.com\/fr\/wp-json\/wp\/v2\/media\/22825\/"}],"wp:attachment":[{"href":"https:\/\/www.ensembleintercontemporain.com\/fr\/wp-json\/wp\/v2\/media\/?parent=24713"}],"curies":[{"name":"wp","href":"https:\/\/api.w.org\/{rel}","templated":true}]}}