{"id":24710,"date":"2023-05-05T17:43:43","date_gmt":"2023-05-05T15:43:43","guid":{"rendered":"https:\/\/www.ensembleintercontemporain.com\/?page_id=24710"},"modified":"2025-09-26T17:31:10","modified_gmt":"2025-09-26T15:31:10","slug":"formation-et-transmission","status":"publish","type":"page","link":"https:\/\/www.ensembleintercontemporain.com\/fr\/un-ensemble-de-solistes\/actions-culturelles\/formation-et-transmission\/","title":{"rendered":"Formation et transmission"},"content":{"rendered":"<h2><span style=\"color: #ff4646;\">Livret d&rsquo;introduction \u00e0 la musique contemporaine<\/span><\/h2>\n<ul>\n<li><strong>Quoi\u00a0:<\/strong> un petit guide interactif<\/li>\n<li><strong>Pour qui\u00a0:<\/strong> tous ceux et celles qui veulent d\u00e9couvrir la musique contemporaine !<\/li>\n<li><strong>O\u00f9\u00a0:<\/strong> <a href=\"http:\/\/www.ensembleintercontemporain.com\/content\/uploads\/2025\/09\/Livret-INTERACTIF-VDef.pdf\">Livret INTERACTIF<\/a><\/li>\n<\/ul>\n<p>Ce livret s\u2019adresse \u00e0 tous les curieux et curieuses souhaitant d\u00e9couvrir le vaste univers de la musique contemporaine. Il vous donnera acc\u00e8s aux premi\u00e8res pistes pour aborder sereinement l&rsquo;univers de la musique contemporaine, \u00e0 l&rsquo;aide d&rsquo;explications, d&rsquo;images et de vid\u00e9os de l&rsquo;Ensemble intercontemporain. Vous y d\u00e9couvrirez \u00e0 quel point cette musique, parfois surprenante, peut \u00eatre passionnante : des sons inattendus, des instruments exp\u00e9rimentaux, et surtout des artistes qui repoussent sans cesse les limites de la musique. Alors ouvrez grand les oreilles et pr\u00e9parez-vous \u00e0 plonger dans une aventure pleine de d\u00e9couvertes et d\u2019exp\u00e9rimentations !<\/p>\n<p><strong>R\u00e9alis\u00e9<\/strong> par l&rsquo;\u00e9quipe de l&rsquo;Action culturelle et p\u00e9dagogique, 2025.<\/p>\n<hr \/>\n<h2><span style=\"color: #ff4646;\">\u00c9mergences<\/span><\/h2>\n<ul>\n<li><strong>Quoi\u00a0:<\/strong> ateliers et concert<\/li>\n<li><strong>Pour qui\u00a0:<\/strong> \u00e9tudiant.e.s du Conservatoire de Paris<\/li>\n<li><strong>Quand\u00a0<\/strong>: 2 fois par saison<\/li>\n<li><strong>O\u00f9\u00a0:<\/strong> Conservatoire de Paris (CNSMDP)<\/li>\n<\/ul>\n<p>Afin d\u2019encourager la jeune cr\u00e9ation, l\u2019Ensemble intercontemporain s\u2019engage au c\u00f4t\u00e9 du Conservatoire de Paris, notamment au sein du nouveau cursus \u00ab\u00a0Artist Diploma \u2013 cr\u00e9ation interpr\u00e9tation\u00a0\u00bb, une formation ouverte sur concours \u00e0 une quinzaine d\u2019instrumentistes depuis septembre 2022 pour une dur\u00e9e de deux ans. Masterclasses, ateliers de m\u00e9diation et accompagnement technique et musical par les solistes de l\u2019EIC permettront \u00e0 ces \u00e9tudiant.e.s formant l\u2019Ensemble NEXT d\u2019interpr\u00e9ter les cr\u00e9ations de leurs camarades de la classe de composition, sous la direction d\u2019un jeune chef assistant de l\u2019Ensemble intercontemporain.<\/p>\n<p><strong>Nos partenaires\u00a0:<\/strong> le Conservatoire National Sup\u00e9rieur de Musique et de Danse de Paris (<a href=\"https:\/\/www.conservatoiredeparis.fr\/fr\">CNSMDP<\/a>).<\/p>\n<p><strong>Programme\u00a0:<\/strong> cr\u00e9ations pour ensemble ou de musique de chambre des \u00e9tudiant\u00b7e\u00b7s de la classe de composition du Conservatoire de Paris.<\/p>\n<hr \/>\n<h2><span style=\"color: #ff4646;\">Acad\u00e9mie ManiFeste<\/span><\/h2>\n<ul>\n<li><strong>Quoi\u00a0:<\/strong> concert de restitution<\/li>\n<li><strong>Pour qui\u00a0:<\/strong> jeunes musicien.ne.s professionnel.les.s<\/li>\n<li><strong>Quand\u00a0<\/strong>: en juin<\/li>\n<li><strong>O\u00f9\u00a0: <\/strong>Centre Pompidou<\/li>\n<\/ul>\n<p>Grand rendez-vous de la cr\u00e9ation, le festival Acad\u00e9mie ManiFeste de l\u2019IRCAM accueille et forme \u00e0 la musique contemporaine de nombreux jeunes compositeur.trice.s, interpr\u00e8tes, et auditeur.trice.s, dans un environnement artistique et technologique d\u2019exception. Un atelier de composition permet aux jeunes cr\u00e9ateurs et cr\u00e9atrices de travailler \u00e0 leurs cr\u00e9ations avec les solistes de l\u2019EIC. Ces derniers accompagnent \u00e9galement des membres de l\u2019Ensemble Ulysse, form\u00e9 chaque ann\u00e9e de jeunes musicien.ne.s europ\u00e9en.ne.s de 18 \u00e0 30 ans, pour interpr\u00e9ter un r\u00e9pertoire europ\u00e9en. Les sessions donnent lieu \u00e0 un concert de restitution au Centre Pompidou et dans le nouvel espace de projection de l\u2019IRCAM.<\/p>\n<p><strong>Nos partenaires\u00a0:<\/strong> <a href=\"https:\/\/www.ircam.fr\/\">IRCAM<\/a>, <a href=\"https:\/\/www.centrepompidou.fr\/fr\/\">Centre Pompidou,<\/a> <a href=\"https:\/\/www.conservatoiredeparis.fr\/fr\/la-saison\">CNSMDP<\/a><\/p>\n<p><span style=\"font-size: 10pt;\"><img loading=\"lazy\" decoding=\"async\" class=\"aligncenter size-large wp-image-27258\" src=\"http:\/\/www.ensembleintercontemporain.com\/content\/uploads\/2024\/07\/eic-manifeste-academie-photographe-quentin-chevrier-juin2023-9-1024x683.jpg\" alt=\"\" width=\"1024\" height=\"683\" srcset=\"https:\/\/www.ensembleintercontemporain.com\/content\/uploads\/2024\/07\/eic-manifeste-academie-photographe-quentin-chevrier-juin2023-9-1024x683.jpg 1024w, https:\/\/www.ensembleintercontemporain.com\/content\/uploads\/2024\/07\/eic-manifeste-academie-photographe-quentin-chevrier-juin2023-9-300x200.jpg 300w, https:\/\/www.ensembleintercontemporain.com\/content\/uploads\/2024\/07\/eic-manifeste-academie-photographe-quentin-chevrier-juin2023-9-768x512.jpg 768w, https:\/\/www.ensembleintercontemporain.com\/content\/uploads\/2024\/07\/eic-manifeste-academie-photographe-quentin-chevrier-juin2023-9.jpg 1280w\" sizes=\"auto, (max-width: 1024px) 100vw, 1024px\" \/><\/span><span style=\"font-size: 10pt;\">Concert de l&rsquo;EIC et de l&rsquo;Ensemble ULYSSES au Festival ManiFeste, juin 2023 \u00a9 Quentin Chevrier<\/span><\/p>\n<hr \/>\n<h2><span style=\"color: #ff4646;\">Acad\u00e9mie de Cr\u00e9mone<\/span><\/h2>\n<ul>\n<li><strong>Quoi\u00a0:<\/strong> acad\u00e9mie d&rsquo;une semaine<\/li>\n<li><strong>Pour qui\u00a0:<\/strong> futur.e.s musicien.ne.s professionnel.le.s (cordes)<\/li>\n<li><strong>Quand\u00a0<\/strong>: en juin<\/li>\n<li><strong>O\u00f9 : <\/strong>\u00e0 Cr\u00e9mone (Italie)<\/li>\n<\/ul>\n<p>Le partenariat avec le centre Stauffer \u00e0 Cr\u00e9mone a commenc\u00e9 lors de la saison 2021\/2022 et continue d&rsquo;\u00e9voluer depuis. Chaque ann\u00e9e, de deux \u00e0 quatre musicien.ne.s de l&rsquo;Ensemble partent donner une semaine de masterclasses autour du r\u00e9pertoire contemporain pour cordes \u00e0 de futur.e.s professionnel.le.s. La semaine se cl\u00f4t sur un concert<em>\u00a0<\/em>de restitution. Au printemps 2025, l&rsquo;EIC et le Centre Stauffer collaboreront avec des compositeurs et compositrices pour proposer de nouvelles formes de masterclasses.<\/p>\n<p><strong>Nos partenaires : <\/strong><a href=\"https:\/\/www.stauffer.org\/en\/stauffer-academy\/\">Fondazione Stauffer<\/a><\/p>\n","protected":false},"excerpt":{"rendered":"<p>Ambassadeurs d\u2019un r\u00e9pertoire et de techniques de jeux particuli\u00e8res, les solistes de l\u2019Ensemble intercontemporain travaillent r\u00e9guli\u00e8rement avec des artistes et compositeur.trice.s majeur.e.s de notre temps. Leur mission de transmission de ce savoir, aussi bien aux jeunes interpr\u00e8tes qu\u2019aux jeunes compositeur.trice.s, leur tient particuli\u00e8rement \u00e0 c\u0153ur.<\/p>\n","protected":false},"author":145,"featured_media":23483,"parent":12183,"menu_order":0,"comment_status":"closed","ping_status":"closed","template":"page-templates\/actions-educatives-projet.php","meta":{"_acf_changed":false,"footnotes":""},"class_list":["post-24710","page","type-page","status-publish","has-post-thumbnail","hentry"],"acf":[],"yoast_head":"<!-- This site is optimized with the Yoast SEO plugin v27.6 - https:\/\/yoast.com\/product\/yoast-seo-wordpress\/ -->\n<title>Formation et transmission - Ensemble intercontemporain<\/title>\n<meta name=\"robots\" content=\"index, follow, max-snippet:-1, max-image-preview:large, max-video-preview:-1\" \/>\n<link rel=\"canonical\" href=\"https:\/\/www.ensembleintercontemporain.com\/fr\/un-ensemble-de-solistes\/actions-culturelles\/formation-et-transmission\/\" \/>\n<meta property=\"og:locale\" content=\"fr_FR\" \/>\n<meta property=\"og:type\" content=\"article\" \/>\n<meta property=\"og:title\" content=\"Formation et transmission - Ensemble intercontemporain\" \/>\n<meta property=\"og:description\" content=\"Ambassadeurs d\u2019un r\u00e9pertoire et de techniques de jeux particuli\u00e8res, les solistes de l\u2019Ensemble intercontemporain travaillent r\u00e9guli\u00e8rement avec des artistes et compositeur.trice.s majeur.e.s de notre temps. Leur mission de transmission de ce savoir, aussi bien aux jeunes interpr\u00e8tes qu\u2019aux jeunes compositeur.trice.s, leur tient particuli\u00e8rement \u00e0 c\u0153ur.\" \/>\n<meta property=\"og:url\" content=\"https:\/\/www.ensembleintercontemporain.com\/fr\/un-ensemble-de-solistes\/actions-culturelles\/formation-et-transmission\/\" \/>\n<meta property=\"og:site_name\" content=\"Ensemble intercontemporain\" \/>\n<meta property=\"article:modified_time\" content=\"2025-09-26T15:31:10+00:00\" \/>\n<meta property=\"og:image\" content=\"http:\/\/www.ensembleintercontemporain.com\/content\/uploads\/2022\/11\/dscf8233-mag.jpg\" \/>\n\t<meta property=\"og:image:width\" content=\"1920\" \/>\n\t<meta property=\"og:image:height\" content=\"1280\" \/>\n\t<meta property=\"og:image:type\" content=\"image\/jpeg\" \/>\n<meta name=\"twitter:card\" content=\"summary_large_image\" \/>\n<meta name=\"twitter:label1\" content=\"Dur\u00e9e de lecture estim\u00e9e\" \/>\n\t<meta name=\"twitter:data1\" content=\"3 minutes\" \/>\n<script type=\"application\/ld+json\" class=\"yoast-schema-graph\">{\"@context\":\"https:\\\/\\\/schema.org\",\"@graph\":[{\"@type\":\"WebPage\",\"@id\":\"https:\\\/\\\/www.ensembleintercontemporain.com\\\/fr\\\/un-ensemble-de-solistes\\\/actions-culturelles\\\/formation-et-transmission\\\/\",\"url\":\"https:\\\/\\\/www.ensembleintercontemporain.com\\\/fr\\\/un-ensemble-de-solistes\\\/actions-culturelles\\\/formation-et-transmission\\\/\",\"name\":\"Formation et transmission - Ensemble intercontemporain\",\"isPartOf\":{\"@id\":\"https:\\\/\\\/www.ensembleintercontemporain.com\\\/en\\\/#website\"},\"primaryImageOfPage\":{\"@id\":\"https:\\\/\\\/www.ensembleintercontemporain.com\\\/fr\\\/un-ensemble-de-solistes\\\/actions-culturelles\\\/formation-et-transmission\\\/#primaryimage\"},\"image\":{\"@id\":\"https:\\\/\\\/www.ensembleintercontemporain.com\\\/fr\\\/un-ensemble-de-solistes\\\/actions-culturelles\\\/formation-et-transmission\\\/#primaryimage\"},\"thumbnailUrl\":\"https:\\\/\\\/www.ensembleintercontemporain.com\\\/content\\\/uploads\\\/2022\\\/11\\\/dscf8233-mag.jpg\",\"datePublished\":\"2023-05-05T15:43:43+00:00\",\"dateModified\":\"2025-09-26T15:31:10+00:00\",\"breadcrumb\":{\"@id\":\"https:\\\/\\\/www.ensembleintercontemporain.com\\\/fr\\\/un-ensemble-de-solistes\\\/actions-culturelles\\\/formation-et-transmission\\\/#breadcrumb\"},\"inLanguage\":\"fr-FR\",\"potentialAction\":[{\"@type\":\"ReadAction\",\"target\":[\"https:\\\/\\\/www.ensembleintercontemporain.com\\\/fr\\\/un-ensemble-de-solistes\\\/actions-culturelles\\\/formation-et-transmission\\\/\"]}]},{\"@type\":\"ImageObject\",\"inLanguage\":\"fr-FR\",\"@id\":\"https:\\\/\\\/www.ensembleintercontemporain.com\\\/fr\\\/un-ensemble-de-solistes\\\/actions-culturelles\\\/formation-et-transmission\\\/#primaryimage\",\"url\":\"https:\\\/\\\/www.ensembleintercontemporain.com\\\/content\\\/uploads\\\/2022\\\/11\\\/dscf8233-mag.jpg\",\"contentUrl\":\"https:\\\/\\\/www.ensembleintercontemporain.com\\\/content\\\/uploads\\\/2022\\\/11\\\/dscf8233-mag.jpg\",\"width\":1920,\"height\":1280},{\"@type\":\"BreadcrumbList\",\"@id\":\"https:\\\/\\\/www.ensembleintercontemporain.com\\\/fr\\\/un-ensemble-de-solistes\\\/actions-culturelles\\\/formation-et-transmission\\\/#breadcrumb\",\"itemListElement\":[{\"@type\":\"ListItem\",\"position\":1,\"name\":\"Home\",\"item\":\"https:\\\/\\\/www.ensembleintercontemporain.com\\\/fr\\\/\"},{\"@type\":\"ListItem\",\"position\":2,\"name\":\"Un Ensemble de solistes\",\"item\":\"https:\\\/\\\/www.ensembleintercontemporain.com\\\/fr\\\/un-ensemble-de-solistes\\\/\"},{\"@type\":\"ListItem\",\"position\":3,\"name\":\"Actions culturelles\",\"item\":\"https:\\\/\\\/www.ensembleintercontemporain.com\\\/fr\\\/un-ensemble-de-solistes\\\/actions-culturelles\\\/\"},{\"@type\":\"ListItem\",\"position\":4,\"name\":\"Formation et transmission\"}]},{\"@type\":\"WebSite\",\"@id\":\"https:\\\/\\\/www.ensembleintercontemporain.com\\\/en\\\/#website\",\"url\":\"https:\\\/\\\/www.ensembleintercontemporain.com\\\/en\\\/\",\"name\":\"Ensemble intercontemporain\",\"description\":\"\",\"potentialAction\":[{\"@type\":\"SearchAction\",\"target\":{\"@type\":\"EntryPoint\",\"urlTemplate\":\"https:\\\/\\\/www.ensembleintercontemporain.com\\\/en\\\/?s={search_term_string}\"},\"query-input\":{\"@type\":\"PropertyValueSpecification\",\"valueRequired\":true,\"valueName\":\"search_term_string\"}}],\"inLanguage\":\"fr-FR\"}]}<\/script>\n<!-- \/ Yoast SEO plugin. -->","yoast_head_json":{"title":"Formation et transmission - Ensemble intercontemporain","robots":{"index":"index","follow":"follow","max-snippet":"max-snippet:-1","max-image-preview":"max-image-preview:large","max-video-preview":"max-video-preview:-1"},"canonical":"https:\/\/www.ensembleintercontemporain.com\/fr\/un-ensemble-de-solistes\/actions-culturelles\/formation-et-transmission\/","og_locale":"fr_FR","og_type":"article","og_title":"Formation et transmission - Ensemble intercontemporain","og_description":"Ambassadeurs d\u2019un r\u00e9pertoire et de techniques de jeux particuli\u00e8res, les solistes de l\u2019Ensemble intercontemporain travaillent r\u00e9guli\u00e8rement avec des artistes et compositeur.trice.s majeur.e.s de notre temps. Leur mission de transmission de ce savoir, aussi bien aux jeunes interpr\u00e8tes qu\u2019aux jeunes compositeur.trice.s, leur tient particuli\u00e8rement \u00e0 c\u0153ur.","og_url":"https:\/\/www.ensembleintercontemporain.com\/fr\/un-ensemble-de-solistes\/actions-culturelles\/formation-et-transmission\/","og_site_name":"Ensemble intercontemporain","article_modified_time":"2025-09-26T15:31:10+00:00","og_image":[{"width":1920,"height":1280,"url":"http:\/\/www.ensembleintercontemporain.com\/content\/uploads\/2022\/11\/dscf8233-mag.jpg","type":"image\/jpeg"}],"twitter_card":"summary_large_image","twitter_misc":{"Dur\u00e9e de lecture estim\u00e9e":"3 minutes"},"schema":{"@context":"https:\/\/schema.org","@graph":[{"@type":"WebPage","@id":"https:\/\/www.ensembleintercontemporain.com\/fr\/un-ensemble-de-solistes\/actions-culturelles\/formation-et-transmission\/","url":"https:\/\/www.ensembleintercontemporain.com\/fr\/un-ensemble-de-solistes\/actions-culturelles\/formation-et-transmission\/","name":"Formation et transmission - Ensemble intercontemporain","isPartOf":{"@id":"https:\/\/www.ensembleintercontemporain.com\/en\/#website"},"primaryImageOfPage":{"@id":"https:\/\/www.ensembleintercontemporain.com\/fr\/un-ensemble-de-solistes\/actions-culturelles\/formation-et-transmission\/#primaryimage"},"image":{"@id":"https:\/\/www.ensembleintercontemporain.com\/fr\/un-ensemble-de-solistes\/actions-culturelles\/formation-et-transmission\/#primaryimage"},"thumbnailUrl":"https:\/\/www.ensembleintercontemporain.com\/content\/uploads\/2022\/11\/dscf8233-mag.jpg","datePublished":"2023-05-05T15:43:43+00:00","dateModified":"2025-09-26T15:31:10+00:00","breadcrumb":{"@id":"https:\/\/www.ensembleintercontemporain.com\/fr\/un-ensemble-de-solistes\/actions-culturelles\/formation-et-transmission\/#breadcrumb"},"inLanguage":"fr-FR","potentialAction":[{"@type":"ReadAction","target":["https:\/\/www.ensembleintercontemporain.com\/fr\/un-ensemble-de-solistes\/actions-culturelles\/formation-et-transmission\/"]}]},{"@type":"ImageObject","inLanguage":"fr-FR","@id":"https:\/\/www.ensembleintercontemporain.com\/fr\/un-ensemble-de-solistes\/actions-culturelles\/formation-et-transmission\/#primaryimage","url":"https:\/\/www.ensembleintercontemporain.com\/content\/uploads\/2022\/11\/dscf8233-mag.jpg","contentUrl":"https:\/\/www.ensembleintercontemporain.com\/content\/uploads\/2022\/11\/dscf8233-mag.jpg","width":1920,"height":1280},{"@type":"BreadcrumbList","@id":"https:\/\/www.ensembleintercontemporain.com\/fr\/un-ensemble-de-solistes\/actions-culturelles\/formation-et-transmission\/#breadcrumb","itemListElement":[{"@type":"ListItem","position":1,"name":"Home","item":"https:\/\/www.ensembleintercontemporain.com\/fr\/"},{"@type":"ListItem","position":2,"name":"Un Ensemble de solistes","item":"https:\/\/www.ensembleintercontemporain.com\/fr\/un-ensemble-de-solistes\/"},{"@type":"ListItem","position":3,"name":"Actions culturelles","item":"https:\/\/www.ensembleintercontemporain.com\/fr\/un-ensemble-de-solistes\/actions-culturelles\/"},{"@type":"ListItem","position":4,"name":"Formation et transmission"}]},{"@type":"WebSite","@id":"https:\/\/www.ensembleintercontemporain.com\/en\/#website","url":"https:\/\/www.ensembleintercontemporain.com\/en\/","name":"Ensemble intercontemporain","description":"","potentialAction":[{"@type":"SearchAction","target":{"@type":"EntryPoint","urlTemplate":"https:\/\/www.ensembleintercontemporain.com\/en\/?s={search_term_string}"},"query-input":{"@type":"PropertyValueSpecification","valueRequired":true,"valueName":"search_term_string"}}],"inLanguage":"fr-FR"}]}},"_links":{"self":[{"href":"https:\/\/www.ensembleintercontemporain.com\/fr\/wp-json\/wp\/v2\/pages\/24710\/"}],"collection":[{"href":"https:\/\/www.ensembleintercontemporain.com\/fr\/wp-json\/wp\/v2\/pages\/"}],"about":[{"href":"https:\/\/www.ensembleintercontemporain.com\/fr\/wp-json\/wp\/v2\/types\/page\/"}],"author":[{"embeddable":true,"href":"https:\/\/www.ensembleintercontemporain.com\/fr\/wp-json\/wp\/v2\/users\/145\/"}],"replies":[{"embeddable":true,"href":"https:\/\/www.ensembleintercontemporain.com\/fr\/wp-json\/wp\/v2\/comments\/?post=24710"}],"version-history":[{"count":13,"href":"https:\/\/www.ensembleintercontemporain.com\/fr\/wp-json\/wp\/v2\/pages\/24710\/revisions\/"}],"predecessor-version":[{"id":29723,"href":"https:\/\/www.ensembleintercontemporain.com\/fr\/wp-json\/wp\/v2\/pages\/24710\/revisions\/29723\/"}],"up":[{"embeddable":true,"href":"https:\/\/www.ensembleintercontemporain.com\/fr\/wp-json\/wp\/v2\/pages\/12183\/"}],"wp:featuredmedia":[{"embeddable":true,"href":"https:\/\/www.ensembleintercontemporain.com\/fr\/wp-json\/wp\/v2\/media\/23483\/"}],"wp:attachment":[{"href":"https:\/\/www.ensembleintercontemporain.com\/fr\/wp-json\/wp\/v2\/media\/?parent=24710"}],"curies":[{"name":"wp","href":"https:\/\/api.w.org\/{rel}","templated":true}]}}