{"id":24708,"date":"2023-05-05T17:41:44","date_gmt":"2023-05-05T15:41:44","guid":{"rendered":"https:\/\/www.ensembleintercontemporain.com\/?page_id=24708"},"modified":"2024-07-05T15:56:59","modified_gmt":"2024-07-05T13:56:59","slug":"concerts-et-spectacles","status":"publish","type":"page","link":"https:\/\/www.ensembleintercontemporain.com\/fr\/un-ensemble-de-solistes\/actions-culturelles\/concerts-et-spectacles\/","title":{"rendered":"Concerts et spectacles"},"content":{"rendered":"<h2><span style=\"color: #ff4646;\">Les dr\u00f4les de pianos de M. Cage<\/span><\/h2>\n<ul>\n<li><strong>Quoi\u00a0:<\/strong> concert participatif en famille<\/li>\n<li><strong>Pour qui\u00a0:<\/strong> enfants \u00e0 partir de 6 ans<\/li>\n<li><strong>Quand\u00a0<\/strong>: le dimanche 13 octobre 2024<\/li>\n<li><strong>O\u00f9\u00a0:<\/strong> \u00e0 la Philharmonie de Paris<\/li>\n<\/ul>\n<p>John Cage a su saisir le piano par ses cordes sensibles pour en r\u00e9v\u00e9ler la nature secr\u00e8te. Sa pratique exp\u00e9rimentale offrira au piano pr\u00e9par\u00e9 un r\u00e9pertoire affranchi des codes de jeu et des fronti\u00e8res. Dans la lign\u00e9e de cet esprit libre et iconoclaste, la compositrice am\u00e9ricaine Julia Wolfe questionne \u00e0 son tour l\u2019identit\u00e9 musicale de son pays \u00e0 travers une oeuvre virtuose, ouverte aux m\u00e9tissages de sources et d\u2019esth\u00e9tiques qui font l\u2019Am\u00e9rique. Mettant en sc\u00e8ne les solistes de l\u2019Ensemble intercontemporain, la notion de jeu reprend ici son sens premier : le piano est un objet au son manipulable, un \u00ab jouet \u00bb \u00e0 disposition de tous.<\/p>\n<p><strong>Programme :<\/strong> Extraits d&rsquo;\u0153uvres de John Cage et Julia Wolfe<\/p>\n<p><strong>Nos partenaires\u00a0:<\/strong> <a href=\"https:\/\/philharmoniedeparis.fr\/fr\">Philharmonie de Paris<\/a><\/p>\n<hr \/>\n<h2><span style=\"color: #ff4646;\">Alice et le miroir<\/span><\/h2>\n<ul>\n<li><strong>Quoi\u00a0:<\/strong> concert jeune public<\/li>\n<li><strong>Pour qui\u00a0:<\/strong> enfants \u00e0 partir de 8 ans<\/li>\n<li><strong>Quand\u00a0<\/strong>: le mardi 4 f\u00e9vrier 2025<\/li>\n<li><strong>O\u00f9\u00a0:<\/strong> \u00e0 Tandem &#8211; Th\u00e9\u00e2tre d&rsquo;Arras<\/li>\n<\/ul>\n<p>L\u2019univers foisonnant et cr\u00e9atif de Lewis Carroll fait \u00e9cho au travail exp\u00e9rimental des musicien.ne.s de l\u2019Ensemble intercontemporain. C\u2019est pourquoi il a \u00e9t\u00e9 confi\u00e9 \u00e0 la compositrice Sofia Avramidou une r\u00e9\u00e9criture du second volet des aventures d&rsquo;Alice, <em>De l&rsquo;Autre c\u00f4t\u00e9 du miroir<\/em>, pour quatre musiciens, une chanteuse soprano et \u00e9lectronique. La mise en sc\u00e8ne est assur\u00e9e par Aur\u00e9lie Hubeau, avec quatre \u00e9l\u00e8ves marionnettistes de l&rsquo;Institut international de la marionnette de Charleville-M\u00e9zi\u00e8res.<\/p>\n<p><strong>Programme :<\/strong> <em>De l&rsquo;Autre c\u00f4t\u00e9 d&rsquo;Alice<\/em>, pour soprano, clarinette basse, violoncelle, percussion et contrebasse. Sur un livret de M\u00e9lanie Le Moine.<\/p>\n<p><strong>Nos partenaires\u00a0:<\/strong> <a href=\"https:\/\/www.artsetmetiers.fr\/fr\">ESNAM<\/a>, <a href=\"https:\/\/philharmoniedeparis.fr\/fr\">Philharmonie de Paris<\/a>. Avec le soutien de la <a href=\"https:\/\/www.sacem.fr\/\">Sacem<\/a><\/p>\n<p>Le spectacle, cr\u00e9\u00e9 en mai 2024 \u00e0 la Philharmonie de Paris, est \u00e0 retrouver <strong><a href=\"https:\/\/www.youtube.com\/watch?v=V8dppBsCAyM\">sur notre cha\u00eene YouTube<\/a>.\u00a0<\/strong><\/p>\n<p><img loading=\"lazy\" decoding=\"async\" class=\"wp-image-26359 aligncenter\" src=\"http:\/\/www.ensembleintercontemporain.com\/content\/uploads\/2024\/02\/repetition-alice-22fev24-cdm-2-scaled-e1708966836691.jpeg\" alt=\"\" width=\"568\" height=\"349\" srcset=\"https:\/\/www.ensembleintercontemporain.com\/content\/uploads\/2024\/02\/repetition-alice-22fev24-cdm-2-scaled-e1708966836691.jpeg 2342w, https:\/\/www.ensembleintercontemporain.com\/content\/uploads\/2024\/02\/repetition-alice-22fev24-cdm-2-scaled-e1708966836691-300x184.jpeg 300w, https:\/\/www.ensembleintercontemporain.com\/content\/uploads\/2024\/02\/repetition-alice-22fev24-cdm-2-scaled-e1708966836691-1024x628.jpeg 1024w, https:\/\/www.ensembleintercontemporain.com\/content\/uploads\/2024\/02\/repetition-alice-22fev24-cdm-2-scaled-e1708966836691-768x471.jpeg 768w, https:\/\/www.ensembleintercontemporain.com\/content\/uploads\/2024\/02\/repetition-alice-22fev24-cdm-2-scaled-e1708966836691-1536x942.jpeg 1536w, https:\/\/www.ensembleintercontemporain.com\/content\/uploads\/2024\/02\/repetition-alice-22fev24-cdm-2-scaled-e1708966836691-2048x1257.jpeg 2048w\" sizes=\"auto, (max-width: 568px) 100vw, 568px\" \/><\/p>\n<hr \/>\n<h2><span style=\"color: #ff4646;\">Connect &#8211; Audience as artist<\/span><\/h2>\n<ul>\n<li><strong>Quoi\u00a0:<\/strong> un projet participatif<\/li>\n<li><strong>Pour qui\u00a0:<\/strong> tout public<\/li>\n<li><strong>Quand\u00a0<\/strong>: pendant la saison 2026\/2027<\/li>\n<li><strong>O\u00f9\u00a0:<\/strong> \u00e0 la Philharmonie de Paris<\/li>\n<li><strong>Comment :<\/strong> avec le soutien d&rsquo;Art Mentor Foundation Lucerne, en collaboration avec le London Sinfonietta, l&rsquo;Ensemble Modern, Asko|Sch\u00f6nberg, Remix Ensemble Casa da M\u00fasica<\/li>\n<\/ul>\n<p>\u00ab\u00a0Connect\u00a0\u00bb vise \u00e0 dissoudre les hi\u00e9rarchies entre le public et les interpr\u00e8tes, en cr\u00e9ant de nouveaux formats interactifs de concerts, dont le public devient co-cr\u00e9ateur. Cette initiative europ\u00e9enne a commenc\u00e9 en 2016 sous la forme d&rsquo;une coop\u00e9ration entre quatre ensembles de musique contemporaine, que rejoint pour la premi\u00e8re fois l&rsquo;Ensemble intercontemporain cette ann\u00e9e. L&rsquo;objectif du projet est :<\/p>\n<ul>\n<li>d&rsquo;explorer la relation entre le compositeur, le musicien et le public, en permettant aux spectateurs de jouer un r\u00f4le participatif ;<\/li>\n<li>inspirer les compositeurs et compositrices \u00e0 exp\u00e9rimenter l&rsquo;id\u00e9e d&rsquo;une conservation partag\u00e9e, en encourageant de nouvelles fa\u00e7ons pour les musiciens d&rsquo;interagir avec le public ;<\/li>\n<li>et permettre au public de jouer son propre r\u00f4le dans la cr\u00e9ation de l&rsquo;art contemporain.<\/li>\n<\/ul>\n<p><strong>Programme : <\/strong>la\u00a04\u00e8me \u00e9dition de \u00ab\u00a0Connect\u00a0\u00bb sera ax\u00e9e sur le d\u00e9veloppement d&rsquo;une approche radicale du concept de \u00ab Audience as an Artist \u00bb. Une commande de nouvelle oeuvre a \u00e9t\u00e9 pass\u00e9e \u00e0 la compositrice Brigitta Muntendorf, dont les repr\u00e9sentations auront lieu au cours des saisons 2025-26 et 2026-27.<\/p>\n<p><strong>Nos partenaires<\/strong> : <a href=\"https:\/\/artmentor.ch\">Fondation Art Mentor Lucerne<\/a>, <a href=\"https:\/\/londonsinfonietta.org.uk\">London Sinfonietta<\/a>, <a href=\"https:\/\/askoschoenberg.nl\">Asko|Sch\u00f6nberg<\/a>, <a href=\"https:\/\/www.ensemble-modern.com\">Ensemble Modern <\/a>et <a href=\"https:\/\/casadamusica.com\/resident_group\/remix-ensemble-casa-da-musica\/\">Remix Ensemble<\/a><\/p>\n<p><img loading=\"lazy\" decoding=\"async\" class=\"aligncenter size-large wp-image-26751\" src=\"http:\/\/www.ensembleintercontemporain.com\/content\/uploads\/2024\/05\/all-logos-1024x79.png\" alt=\"\" width=\"1024\" height=\"79\" srcset=\"https:\/\/www.ensembleintercontemporain.com\/content\/uploads\/2024\/05\/all-logos-1024x79.png 1024w, https:\/\/www.ensembleintercontemporain.com\/content\/uploads\/2024\/05\/all-logos-300x23.png 300w, https:\/\/www.ensembleintercontemporain.com\/content\/uploads\/2024\/05\/all-logos-768x59.png 768w, https:\/\/www.ensembleintercontemporain.com\/content\/uploads\/2024\/05\/all-logos.png 1497w\" sizes=\"auto, (max-width: 1024px) 100vw, 1024px\" \/><\/p>\n","protected":false},"excerpt":{"rendered":"<p>Afin de porter un autre regard sur son r\u00e9pertoire, l\u2019Ensemble intercontemporain s\u2019associe r\u00e9guli\u00e8rement avec des artistes d\u2019autres disciplines (metteur en sc\u00e8ne, chor\u00e9graphe, marionnettistes, plasticiens\u2026) pour pr\u00e9senter, sous une forme ludique et originale, des \u0153uvres du XXe si\u00e8cle \u00e0 nos jours.<\/p>\n","protected":false},"author":145,"featured_media":24725,"parent":12183,"menu_order":0,"comment_status":"closed","ping_status":"closed","template":"page-templates\/actions-educatives-projet.php","meta":{"_acf_changed":false,"footnotes":""},"class_list":["post-24708","page","type-page","status-publish","has-post-thumbnail","hentry"],"acf":[],"yoast_head":"<!-- This site is optimized with the Yoast SEO plugin v27.6 - https:\/\/yoast.com\/product\/yoast-seo-wordpress\/ -->\n<title>Concerts et spectacles - Ensemble intercontemporain<\/title>\n<meta name=\"robots\" content=\"index, follow, max-snippet:-1, max-image-preview:large, max-video-preview:-1\" \/>\n<link rel=\"canonical\" href=\"https:\/\/www.ensembleintercontemporain.com\/fr\/un-ensemble-de-solistes\/actions-culturelles\/concerts-et-spectacles\/\" \/>\n<meta property=\"og:locale\" content=\"fr_FR\" \/>\n<meta property=\"og:type\" content=\"article\" \/>\n<meta property=\"og:title\" content=\"Concerts et spectacles - Ensemble intercontemporain\" \/>\n<meta property=\"og:description\" content=\"Afin de porter un autre regard sur son r\u00e9pertoire, l\u2019Ensemble intercontemporain s\u2019associe r\u00e9guli\u00e8rement avec des artistes d\u2019autres disciplines (metteur en sc\u00e8ne, chor\u00e9graphe, marionnettistes, plasticiens\u2026) pour pr\u00e9senter, sous une forme ludique et originale, des \u0153uvres du XXe si\u00e8cle \u00e0 nos jours.\" \/>\n<meta property=\"og:url\" content=\"https:\/\/www.ensembleintercontemporain.com\/fr\/un-ensemble-de-solistes\/actions-culturelles\/concerts-et-spectacles\/\" \/>\n<meta property=\"og:site_name\" content=\"Ensemble intercontemporain\" \/>\n<meta property=\"article:modified_time\" content=\"2024-07-05T13:56:59+00:00\" \/>\n<meta property=\"og:image\" content=\"http:\/\/www.ensembleintercontemporain.com\/content\/uploads\/2022\/06\/06735-090523-eic-percussionanne-elise-grosbois-1024x683.jpg\" \/>\n\t<meta property=\"og:image:width\" content=\"1024\" \/>\n\t<meta property=\"og:image:height\" content=\"683\" \/>\n\t<meta property=\"og:image:type\" content=\"image\/jpeg\" \/>\n<meta name=\"twitter:card\" content=\"summary_large_image\" \/>\n<meta name=\"twitter:label1\" content=\"Dur\u00e9e de lecture estim\u00e9e\" \/>\n\t<meta name=\"twitter:data1\" content=\"3 minutes\" \/>\n<script type=\"application\/ld+json\" class=\"yoast-schema-graph\">{\"@context\":\"https:\\\/\\\/schema.org\",\"@graph\":[{\"@type\":\"WebPage\",\"@id\":\"https:\\\/\\\/www.ensembleintercontemporain.com\\\/fr\\\/un-ensemble-de-solistes\\\/actions-culturelles\\\/concerts-et-spectacles\\\/\",\"url\":\"https:\\\/\\\/www.ensembleintercontemporain.com\\\/fr\\\/un-ensemble-de-solistes\\\/actions-culturelles\\\/concerts-et-spectacles\\\/\",\"name\":\"Concerts et spectacles - Ensemble intercontemporain\",\"isPartOf\":{\"@id\":\"https:\\\/\\\/www.ensembleintercontemporain.com\\\/en\\\/#website\"},\"primaryImageOfPage\":{\"@id\":\"https:\\\/\\\/www.ensembleintercontemporain.com\\\/fr\\\/un-ensemble-de-solistes\\\/actions-culturelles\\\/concerts-et-spectacles\\\/#primaryimage\"},\"image\":{\"@id\":\"https:\\\/\\\/www.ensembleintercontemporain.com\\\/fr\\\/un-ensemble-de-solistes\\\/actions-culturelles\\\/concerts-et-spectacles\\\/#primaryimage\"},\"thumbnailUrl\":\"https:\\\/\\\/www.ensembleintercontemporain.com\\\/content\\\/uploads\\\/2022\\\/06\\\/06735-090523-eic-percussionanne-elise-grosbois.jpg\",\"datePublished\":\"2023-05-05T15:41:44+00:00\",\"dateModified\":\"2024-07-05T13:56:59+00:00\",\"breadcrumb\":{\"@id\":\"https:\\\/\\\/www.ensembleintercontemporain.com\\\/fr\\\/un-ensemble-de-solistes\\\/actions-culturelles\\\/concerts-et-spectacles\\\/#breadcrumb\"},\"inLanguage\":\"fr-FR\",\"potentialAction\":[{\"@type\":\"ReadAction\",\"target\":[\"https:\\\/\\\/www.ensembleintercontemporain.com\\\/fr\\\/un-ensemble-de-solistes\\\/actions-culturelles\\\/concerts-et-spectacles\\\/\"]}]},{\"@type\":\"ImageObject\",\"inLanguage\":\"fr-FR\",\"@id\":\"https:\\\/\\\/www.ensembleintercontemporain.com\\\/fr\\\/un-ensemble-de-solistes\\\/actions-culturelles\\\/concerts-et-spectacles\\\/#primaryimage\",\"url\":\"https:\\\/\\\/www.ensembleintercontemporain.com\\\/content\\\/uploads\\\/2022\\\/06\\\/06735-090523-eic-percussionanne-elise-grosbois.jpg\",\"contentUrl\":\"https:\\\/\\\/www.ensembleintercontemporain.com\\\/content\\\/uploads\\\/2022\\\/06\\\/06735-090523-eic-percussionanne-elise-grosbois.jpg\",\"width\":1920,\"height\":1280},{\"@type\":\"BreadcrumbList\",\"@id\":\"https:\\\/\\\/www.ensembleintercontemporain.com\\\/fr\\\/un-ensemble-de-solistes\\\/actions-culturelles\\\/concerts-et-spectacles\\\/#breadcrumb\",\"itemListElement\":[{\"@type\":\"ListItem\",\"position\":1,\"name\":\"Home\",\"item\":\"https:\\\/\\\/www.ensembleintercontemporain.com\\\/fr\\\/\"},{\"@type\":\"ListItem\",\"position\":2,\"name\":\"Un Ensemble de solistes\",\"item\":\"https:\\\/\\\/www.ensembleintercontemporain.com\\\/fr\\\/un-ensemble-de-solistes\\\/\"},{\"@type\":\"ListItem\",\"position\":3,\"name\":\"Actions culturelles\",\"item\":\"https:\\\/\\\/www.ensembleintercontemporain.com\\\/fr\\\/un-ensemble-de-solistes\\\/actions-culturelles\\\/\"},{\"@type\":\"ListItem\",\"position\":4,\"name\":\"Concerts et spectacles\"}]},{\"@type\":\"WebSite\",\"@id\":\"https:\\\/\\\/www.ensembleintercontemporain.com\\\/en\\\/#website\",\"url\":\"https:\\\/\\\/www.ensembleintercontemporain.com\\\/en\\\/\",\"name\":\"Ensemble intercontemporain\",\"description\":\"\",\"potentialAction\":[{\"@type\":\"SearchAction\",\"target\":{\"@type\":\"EntryPoint\",\"urlTemplate\":\"https:\\\/\\\/www.ensembleintercontemporain.com\\\/en\\\/?s={search_term_string}\"},\"query-input\":{\"@type\":\"PropertyValueSpecification\",\"valueRequired\":true,\"valueName\":\"search_term_string\"}}],\"inLanguage\":\"fr-FR\"}]}<\/script>\n<!-- \/ Yoast SEO plugin. -->","yoast_head_json":{"title":"Concerts et spectacles - Ensemble intercontemporain","robots":{"index":"index","follow":"follow","max-snippet":"max-snippet:-1","max-image-preview":"max-image-preview:large","max-video-preview":"max-video-preview:-1"},"canonical":"https:\/\/www.ensembleintercontemporain.com\/fr\/un-ensemble-de-solistes\/actions-culturelles\/concerts-et-spectacles\/","og_locale":"fr_FR","og_type":"article","og_title":"Concerts et spectacles - Ensemble intercontemporain","og_description":"Afin de porter un autre regard sur son r\u00e9pertoire, l\u2019Ensemble intercontemporain s\u2019associe r\u00e9guli\u00e8rement avec des artistes d\u2019autres disciplines (metteur en sc\u00e8ne, chor\u00e9graphe, marionnettistes, plasticiens\u2026) pour pr\u00e9senter, sous une forme ludique et originale, des \u0153uvres du XXe si\u00e8cle \u00e0 nos jours.","og_url":"https:\/\/www.ensembleintercontemporain.com\/fr\/un-ensemble-de-solistes\/actions-culturelles\/concerts-et-spectacles\/","og_site_name":"Ensemble intercontemporain","article_modified_time":"2024-07-05T13:56:59+00:00","og_image":[{"width":1024,"height":683,"url":"http:\/\/www.ensembleintercontemporain.com\/content\/uploads\/2022\/06\/06735-090523-eic-percussionanne-elise-grosbois-1024x683.jpg","type":"image\/jpeg"}],"twitter_card":"summary_large_image","twitter_misc":{"Dur\u00e9e de lecture estim\u00e9e":"3 minutes"},"schema":{"@context":"https:\/\/schema.org","@graph":[{"@type":"WebPage","@id":"https:\/\/www.ensembleintercontemporain.com\/fr\/un-ensemble-de-solistes\/actions-culturelles\/concerts-et-spectacles\/","url":"https:\/\/www.ensembleintercontemporain.com\/fr\/un-ensemble-de-solistes\/actions-culturelles\/concerts-et-spectacles\/","name":"Concerts et spectacles - Ensemble intercontemporain","isPartOf":{"@id":"https:\/\/www.ensembleintercontemporain.com\/en\/#website"},"primaryImageOfPage":{"@id":"https:\/\/www.ensembleintercontemporain.com\/fr\/un-ensemble-de-solistes\/actions-culturelles\/concerts-et-spectacles\/#primaryimage"},"image":{"@id":"https:\/\/www.ensembleintercontemporain.com\/fr\/un-ensemble-de-solistes\/actions-culturelles\/concerts-et-spectacles\/#primaryimage"},"thumbnailUrl":"https:\/\/www.ensembleintercontemporain.com\/content\/uploads\/2022\/06\/06735-090523-eic-percussionanne-elise-grosbois.jpg","datePublished":"2023-05-05T15:41:44+00:00","dateModified":"2024-07-05T13:56:59+00:00","breadcrumb":{"@id":"https:\/\/www.ensembleintercontemporain.com\/fr\/un-ensemble-de-solistes\/actions-culturelles\/concerts-et-spectacles\/#breadcrumb"},"inLanguage":"fr-FR","potentialAction":[{"@type":"ReadAction","target":["https:\/\/www.ensembleintercontemporain.com\/fr\/un-ensemble-de-solistes\/actions-culturelles\/concerts-et-spectacles\/"]}]},{"@type":"ImageObject","inLanguage":"fr-FR","@id":"https:\/\/www.ensembleintercontemporain.com\/fr\/un-ensemble-de-solistes\/actions-culturelles\/concerts-et-spectacles\/#primaryimage","url":"https:\/\/www.ensembleintercontemporain.com\/content\/uploads\/2022\/06\/06735-090523-eic-percussionanne-elise-grosbois.jpg","contentUrl":"https:\/\/www.ensembleintercontemporain.com\/content\/uploads\/2022\/06\/06735-090523-eic-percussionanne-elise-grosbois.jpg","width":1920,"height":1280},{"@type":"BreadcrumbList","@id":"https:\/\/www.ensembleintercontemporain.com\/fr\/un-ensemble-de-solistes\/actions-culturelles\/concerts-et-spectacles\/#breadcrumb","itemListElement":[{"@type":"ListItem","position":1,"name":"Home","item":"https:\/\/www.ensembleintercontemporain.com\/fr\/"},{"@type":"ListItem","position":2,"name":"Un Ensemble de solistes","item":"https:\/\/www.ensembleintercontemporain.com\/fr\/un-ensemble-de-solistes\/"},{"@type":"ListItem","position":3,"name":"Actions culturelles","item":"https:\/\/www.ensembleintercontemporain.com\/fr\/un-ensemble-de-solistes\/actions-culturelles\/"},{"@type":"ListItem","position":4,"name":"Concerts et spectacles"}]},{"@type":"WebSite","@id":"https:\/\/www.ensembleintercontemporain.com\/en\/#website","url":"https:\/\/www.ensembleintercontemporain.com\/en\/","name":"Ensemble intercontemporain","description":"","potentialAction":[{"@type":"SearchAction","target":{"@type":"EntryPoint","urlTemplate":"https:\/\/www.ensembleintercontemporain.com\/en\/?s={search_term_string}"},"query-input":{"@type":"PropertyValueSpecification","valueRequired":true,"valueName":"search_term_string"}}],"inLanguage":"fr-FR"}]}},"_links":{"self":[{"href":"https:\/\/www.ensembleintercontemporain.com\/fr\/wp-json\/wp\/v2\/pages\/24708\/"}],"collection":[{"href":"https:\/\/www.ensembleintercontemporain.com\/fr\/wp-json\/wp\/v2\/pages\/"}],"about":[{"href":"https:\/\/www.ensembleintercontemporain.com\/fr\/wp-json\/wp\/v2\/types\/page\/"}],"author":[{"embeddable":true,"href":"https:\/\/www.ensembleintercontemporain.com\/fr\/wp-json\/wp\/v2\/users\/145\/"}],"replies":[{"embeddable":true,"href":"https:\/\/www.ensembleintercontemporain.com\/fr\/wp-json\/wp\/v2\/comments\/?post=24708"}],"version-history":[{"count":24,"href":"https:\/\/www.ensembleintercontemporain.com\/fr\/wp-json\/wp\/v2\/pages\/24708\/revisions\/"}],"predecessor-version":[{"id":27287,"href":"https:\/\/www.ensembleintercontemporain.com\/fr\/wp-json\/wp\/v2\/pages\/24708\/revisions\/27287\/"}],"up":[{"embeddable":true,"href":"https:\/\/www.ensembleintercontemporain.com\/fr\/wp-json\/wp\/v2\/pages\/12183\/"}],"wp:featuredmedia":[{"embeddable":true,"href":"https:\/\/www.ensembleintercontemporain.com\/fr\/wp-json\/wp\/v2\/media\/24725\/"}],"wp:attachment":[{"href":"https:\/\/www.ensembleintercontemporain.com\/fr\/wp-json\/wp\/v2\/media\/?parent=24708"}],"curies":[{"name":"wp","href":"https:\/\/api.w.org\/{rel}","templated":true}]}}