{"id":19354,"date":"2020-07-29T15:27:17","date_gmt":"2020-07-29T13:27:17","guid":{"rendered":"https:\/\/www.ensembleintercontemporain.com\/?page_id=19354"},"modified":"2020-07-29T15:33:36","modified_gmt":"2020-07-29T13:33:36","slug":"accompagnement-des-futur-e-s-professionnel-les","status":"publish","type":"page","link":"https:\/\/www.ensembleintercontemporain.com\/fr\/un-ensemble-de-solistes\/mecenat\/accompagnement-des-futur-e-s-professionnel-les\/","title":{"rendered":"ACCOMPAGNEMENT DES FUTUR-E-S PROFESSIONNEL-LES"},"content":{"rendered":"<p><strong>Accompagnez dans leur \u00e9volution les futures g\u00e9n\u00e9rations et artistes de demain !<\/strong><br \/>\n&#8211; Ateliers et master-classes en conservatoires<br \/>\n&#8211; Tutorat annuel des \u00e9tudiant-e- s du Conservatoire National Sup\u00e9rieur de Musique et de Danse de Paris<br \/>\n&#8211; D\u00e9veloppement d\u2019une acad\u00e9mie de jeunes artistes<br \/>\n&#8211; D\u00e9veloppement d\u2019une application de d\u00e9couverte et d\u2019exp\u00e9rimentation du r\u00e9pertoire et des modes de jeux contemporains<\/p>\n","protected":false},"excerpt":{"rendered":"<p>Accompagnez dans leur \u00e9volution les futures g\u00e9n\u00e9rations et artistes de demain ! &#8211; Ateliers et master-classes en conservatoires &#8211; Tutorat annuel des \u00e9tudiant-e- s du Conservatoire National Sup\u00e9rieur de Musique et de Danse de Paris &#8211; D\u00e9veloppement d\u2019une acad\u00e9mie de jeunes artistes &#8211; D\u00e9veloppement d\u2019une application de d\u00e9couverte et d\u2019exp\u00e9rimentation du r\u00e9pertoire et des modes [&hellip;]<\/p>\n","protected":false},"author":59,"featured_media":19351,"parent":12185,"menu_order":4,"comment_status":"closed","ping_status":"closed","template":"page-templates\/mecenat-projet.php","meta":{"_acf_changed":false,"footnotes":""},"class_list":["post-19354","page","type-page","status-publish","has-post-thumbnail","hentry"],"acf":[],"yoast_head":"<!-- This site is optimized with the Yoast SEO plugin v27.6 - https:\/\/yoast.com\/product\/yoast-seo-wordpress\/ -->\n<title>ACCOMPAGNEMENT DES FUTUR-E-S PROFESSIONNEL-LES - Ensemble intercontemporain<\/title>\n<meta name=\"robots\" content=\"index, follow, max-snippet:-1, max-image-preview:large, max-video-preview:-1\" \/>\n<link rel=\"canonical\" href=\"https:\/\/www.ensembleintercontemporain.com\/fr\/un-ensemble-de-solistes\/mecenat\/accompagnement-des-futur-e-s-professionnel-les\/\" \/>\n<meta property=\"og:locale\" content=\"fr_FR\" \/>\n<meta property=\"og:type\" content=\"article\" \/>\n<meta property=\"og:title\" content=\"ACCOMPAGNEMENT DES FUTUR-E-S PROFESSIONNEL-LES - Ensemble intercontemporain\" \/>\n<meta property=\"og:description\" content=\"Accompagnez dans leur \u00e9volution les futures g\u00e9n\u00e9rations et artistes de demain ! &#8211; Ateliers et master-classes en conservatoires &#8211; Tutorat annuel des \u00e9tudiant-e- s du Conservatoire National Sup\u00e9rieur de Musique et de Danse de Paris &#8211; D\u00e9veloppement d\u2019une acad\u00e9mie de jeunes artistes &#8211; D\u00e9veloppement d\u2019une application de d\u00e9couverte et d\u2019exp\u00e9rimentation du r\u00e9pertoire et des modes [&hellip;]\" \/>\n<meta property=\"og:url\" content=\"https:\/\/www.ensembleintercontemporain.com\/fr\/un-ensemble-de-solistes\/mecenat\/accompagnement-des-futur-e-s-professionnel-les\/\" \/>\n<meta property=\"og:site_name\" content=\"Ensemble intercontemporain\" \/>\n<meta property=\"article:modified_time\" content=\"2020-07-29T13:33:36+00:00\" \/>\n<meta property=\"og:image\" content=\"http:\/\/www.ensembleintercontemporain.com\/content\/uploads\/2020\/07\/accompagnement-des-futurs-pros.jpg\" \/>\n\t<meta property=\"og:image:width\" content=\"1972\" \/>\n\t<meta property=\"og:image:height\" content=\"1315\" \/>\n\t<meta property=\"og:image:type\" content=\"image\/jpeg\" \/>\n<meta name=\"twitter:card\" content=\"summary_large_image\" \/>\n<script type=\"application\/ld+json\" class=\"yoast-schema-graph\">{\"@context\":\"https:\\\/\\\/schema.org\",\"@graph\":[{\"@type\":\"WebPage\",\"@id\":\"https:\\\/\\\/www.ensembleintercontemporain.com\\\/fr\\\/un-ensemble-de-solistes\\\/mecenat\\\/accompagnement-des-futur-e-s-professionnel-les\\\/\",\"url\":\"https:\\\/\\\/www.ensembleintercontemporain.com\\\/fr\\\/un-ensemble-de-solistes\\\/mecenat\\\/accompagnement-des-futur-e-s-professionnel-les\\\/\",\"name\":\"ACCOMPAGNEMENT DES FUTUR-E-S PROFESSIONNEL-LES - Ensemble intercontemporain\",\"isPartOf\":{\"@id\":\"https:\\\/\\\/www.ensembleintercontemporain.com\\\/en\\\/#website\"},\"primaryImageOfPage\":{\"@id\":\"https:\\\/\\\/www.ensembleintercontemporain.com\\\/fr\\\/un-ensemble-de-solistes\\\/mecenat\\\/accompagnement-des-futur-e-s-professionnel-les\\\/#primaryimage\"},\"image\":{\"@id\":\"https:\\\/\\\/www.ensembleintercontemporain.com\\\/fr\\\/un-ensemble-de-solistes\\\/mecenat\\\/accompagnement-des-futur-e-s-professionnel-les\\\/#primaryimage\"},\"thumbnailUrl\":\"https:\\\/\\\/www.ensembleintercontemporain.com\\\/content\\\/uploads\\\/2020\\\/07\\\/accompagnement-des-futurs-pros.jpg\",\"datePublished\":\"2020-07-29T13:27:17+00:00\",\"dateModified\":\"2020-07-29T13:33:36+00:00\",\"breadcrumb\":{\"@id\":\"https:\\\/\\\/www.ensembleintercontemporain.com\\\/fr\\\/un-ensemble-de-solistes\\\/mecenat\\\/accompagnement-des-futur-e-s-professionnel-les\\\/#breadcrumb\"},\"inLanguage\":\"fr-FR\",\"potentialAction\":[{\"@type\":\"ReadAction\",\"target\":[\"https:\\\/\\\/www.ensembleintercontemporain.com\\\/fr\\\/un-ensemble-de-solistes\\\/mecenat\\\/accompagnement-des-futur-e-s-professionnel-les\\\/\"]}]},{\"@type\":\"ImageObject\",\"inLanguage\":\"fr-FR\",\"@id\":\"https:\\\/\\\/www.ensembleintercontemporain.com\\\/fr\\\/un-ensemble-de-solistes\\\/mecenat\\\/accompagnement-des-futur-e-s-professionnel-les\\\/#primaryimage\",\"url\":\"https:\\\/\\\/www.ensembleintercontemporain.com\\\/content\\\/uploads\\\/2020\\\/07\\\/accompagnement-des-futurs-pros.jpg\",\"contentUrl\":\"https:\\\/\\\/www.ensembleintercontemporain.com\\\/content\\\/uploads\\\/2020\\\/07\\\/accompagnement-des-futurs-pros.jpg\",\"width\":1972,\"height\":1315,\"caption\":\"Accompagnement des futur-e-s professionnels-les\"},{\"@type\":\"BreadcrumbList\",\"@id\":\"https:\\\/\\\/www.ensembleintercontemporain.com\\\/fr\\\/un-ensemble-de-solistes\\\/mecenat\\\/accompagnement-des-futur-e-s-professionnel-les\\\/#breadcrumb\",\"itemListElement\":[{\"@type\":\"ListItem\",\"position\":1,\"name\":\"Home\",\"item\":\"https:\\\/\\\/www.ensembleintercontemporain.com\\\/fr\\\/\"},{\"@type\":\"ListItem\",\"position\":2,\"name\":\"Un Ensemble de solistes\",\"item\":\"https:\\\/\\\/www.ensembleintercontemporain.com\\\/fr\\\/un-ensemble-de-solistes\\\/\"},{\"@type\":\"ListItem\",\"position\":3,\"name\":\"M\u00e9c\u00e9nat\",\"item\":\"https:\\\/\\\/www.ensembleintercontemporain.com\\\/fr\\\/un-ensemble-de-solistes\\\/mecenat\\\/\"},{\"@type\":\"ListItem\",\"position\":4,\"name\":\"ACCOMPAGNEMENT DES FUTUR-E-S PROFESSIONNEL-LES\"}]},{\"@type\":\"WebSite\",\"@id\":\"https:\\\/\\\/www.ensembleintercontemporain.com\\\/en\\\/#website\",\"url\":\"https:\\\/\\\/www.ensembleintercontemporain.com\\\/en\\\/\",\"name\":\"Ensemble intercontemporain\",\"description\":\"\",\"potentialAction\":[{\"@type\":\"SearchAction\",\"target\":{\"@type\":\"EntryPoint\",\"urlTemplate\":\"https:\\\/\\\/www.ensembleintercontemporain.com\\\/en\\\/?s={search_term_string}\"},\"query-input\":{\"@type\":\"PropertyValueSpecification\",\"valueRequired\":true,\"valueName\":\"search_term_string\"}}],\"inLanguage\":\"fr-FR\"}]}<\/script>\n<!-- \/ Yoast SEO plugin. -->","yoast_head_json":{"title":"ACCOMPAGNEMENT DES FUTUR-E-S PROFESSIONNEL-LES - Ensemble intercontemporain","robots":{"index":"index","follow":"follow","max-snippet":"max-snippet:-1","max-image-preview":"max-image-preview:large","max-video-preview":"max-video-preview:-1"},"canonical":"https:\/\/www.ensembleintercontemporain.com\/fr\/un-ensemble-de-solistes\/mecenat\/accompagnement-des-futur-e-s-professionnel-les\/","og_locale":"fr_FR","og_type":"article","og_title":"ACCOMPAGNEMENT DES FUTUR-E-S PROFESSIONNEL-LES - Ensemble intercontemporain","og_description":"Accompagnez dans leur \u00e9volution les futures g\u00e9n\u00e9rations et artistes de demain ! &#8211; Ateliers et master-classes en conservatoires &#8211; Tutorat annuel des \u00e9tudiant-e- s du Conservatoire National Sup\u00e9rieur de Musique et de Danse de Paris &#8211; D\u00e9veloppement d\u2019une acad\u00e9mie de jeunes artistes &#8211; D\u00e9veloppement d\u2019une application de d\u00e9couverte et d\u2019exp\u00e9rimentation du r\u00e9pertoire et des modes [&hellip;]","og_url":"https:\/\/www.ensembleintercontemporain.com\/fr\/un-ensemble-de-solistes\/mecenat\/accompagnement-des-futur-e-s-professionnel-les\/","og_site_name":"Ensemble intercontemporain","article_modified_time":"2020-07-29T13:33:36+00:00","og_image":[{"width":1972,"height":1315,"url":"http:\/\/www.ensembleintercontemporain.com\/content\/uploads\/2020\/07\/accompagnement-des-futurs-pros.jpg","type":"image\/jpeg"}],"twitter_card":"summary_large_image","schema":{"@context":"https:\/\/schema.org","@graph":[{"@type":"WebPage","@id":"https:\/\/www.ensembleintercontemporain.com\/fr\/un-ensemble-de-solistes\/mecenat\/accompagnement-des-futur-e-s-professionnel-les\/","url":"https:\/\/www.ensembleintercontemporain.com\/fr\/un-ensemble-de-solistes\/mecenat\/accompagnement-des-futur-e-s-professionnel-les\/","name":"ACCOMPAGNEMENT DES FUTUR-E-S PROFESSIONNEL-LES - Ensemble intercontemporain","isPartOf":{"@id":"https:\/\/www.ensembleintercontemporain.com\/en\/#website"},"primaryImageOfPage":{"@id":"https:\/\/www.ensembleintercontemporain.com\/fr\/un-ensemble-de-solistes\/mecenat\/accompagnement-des-futur-e-s-professionnel-les\/#primaryimage"},"image":{"@id":"https:\/\/www.ensembleintercontemporain.com\/fr\/un-ensemble-de-solistes\/mecenat\/accompagnement-des-futur-e-s-professionnel-les\/#primaryimage"},"thumbnailUrl":"https:\/\/www.ensembleintercontemporain.com\/content\/uploads\/2020\/07\/accompagnement-des-futurs-pros.jpg","datePublished":"2020-07-29T13:27:17+00:00","dateModified":"2020-07-29T13:33:36+00:00","breadcrumb":{"@id":"https:\/\/www.ensembleintercontemporain.com\/fr\/un-ensemble-de-solistes\/mecenat\/accompagnement-des-futur-e-s-professionnel-les\/#breadcrumb"},"inLanguage":"fr-FR","potentialAction":[{"@type":"ReadAction","target":["https:\/\/www.ensembleintercontemporain.com\/fr\/un-ensemble-de-solistes\/mecenat\/accompagnement-des-futur-e-s-professionnel-les\/"]}]},{"@type":"ImageObject","inLanguage":"fr-FR","@id":"https:\/\/www.ensembleintercontemporain.com\/fr\/un-ensemble-de-solistes\/mecenat\/accompagnement-des-futur-e-s-professionnel-les\/#primaryimage","url":"https:\/\/www.ensembleintercontemporain.com\/content\/uploads\/2020\/07\/accompagnement-des-futurs-pros.jpg","contentUrl":"https:\/\/www.ensembleintercontemporain.com\/content\/uploads\/2020\/07\/accompagnement-des-futurs-pros.jpg","width":1972,"height":1315,"caption":"Accompagnement des futur-e-s professionnels-les"},{"@type":"BreadcrumbList","@id":"https:\/\/www.ensembleintercontemporain.com\/fr\/un-ensemble-de-solistes\/mecenat\/accompagnement-des-futur-e-s-professionnel-les\/#breadcrumb","itemListElement":[{"@type":"ListItem","position":1,"name":"Home","item":"https:\/\/www.ensembleintercontemporain.com\/fr\/"},{"@type":"ListItem","position":2,"name":"Un Ensemble de solistes","item":"https:\/\/www.ensembleintercontemporain.com\/fr\/un-ensemble-de-solistes\/"},{"@type":"ListItem","position":3,"name":"M\u00e9c\u00e9nat","item":"https:\/\/www.ensembleintercontemporain.com\/fr\/un-ensemble-de-solistes\/mecenat\/"},{"@type":"ListItem","position":4,"name":"ACCOMPAGNEMENT DES FUTUR-E-S PROFESSIONNEL-LES"}]},{"@type":"WebSite","@id":"https:\/\/www.ensembleintercontemporain.com\/en\/#website","url":"https:\/\/www.ensembleintercontemporain.com\/en\/","name":"Ensemble intercontemporain","description":"","potentialAction":[{"@type":"SearchAction","target":{"@type":"EntryPoint","urlTemplate":"https:\/\/www.ensembleintercontemporain.com\/en\/?s={search_term_string}"},"query-input":{"@type":"PropertyValueSpecification","valueRequired":true,"valueName":"search_term_string"}}],"inLanguage":"fr-FR"}]}},"_links":{"self":[{"href":"https:\/\/www.ensembleintercontemporain.com\/fr\/wp-json\/wp\/v2\/pages\/19354\/"}],"collection":[{"href":"https:\/\/www.ensembleintercontemporain.com\/fr\/wp-json\/wp\/v2\/pages\/"}],"about":[{"href":"https:\/\/www.ensembleintercontemporain.com\/fr\/wp-json\/wp\/v2\/types\/page\/"}],"author":[{"embeddable":true,"href":"https:\/\/www.ensembleintercontemporain.com\/fr\/wp-json\/wp\/v2\/users\/59\/"}],"replies":[{"embeddable":true,"href":"https:\/\/www.ensembleintercontemporain.com\/fr\/wp-json\/wp\/v2\/comments\/?post=19354"}],"version-history":[{"count":1,"href":"https:\/\/www.ensembleintercontemporain.com\/fr\/wp-json\/wp\/v2\/pages\/19354\/revisions\/"}],"predecessor-version":[{"id":19355,"href":"https:\/\/www.ensembleintercontemporain.com\/fr\/wp-json\/wp\/v2\/pages\/19354\/revisions\/19355\/"}],"up":[{"embeddable":true,"href":"https:\/\/www.ensembleintercontemporain.com\/fr\/wp-json\/wp\/v2\/pages\/12185\/"}],"wp:featuredmedia":[{"embeddable":true,"href":"https:\/\/www.ensembleintercontemporain.com\/fr\/wp-json\/wp\/v2\/media\/19351\/"}],"wp:attachment":[{"href":"https:\/\/www.ensembleintercontemporain.com\/fr\/wp-json\/wp\/v2\/media\/?parent=19354"}],"curies":[{"name":"wp","href":"https:\/\/api.w.org\/{rel}","templated":true}]}}