{"id":19342,"date":"2020-07-29T14:54:14","date_gmt":"2020-07-29T12:54:14","guid":{"rendered":"https:\/\/www.ensembleintercontemporain.com\/?page_id=19342"},"modified":"2020-07-29T15:54:27","modified_gmt":"2020-07-29T13:54:27","slug":"projets-multidisciplinaires","status":"publish","type":"page","link":"https:\/\/www.ensembleintercontemporain.com\/fr\/un-ensemble-de-solistes\/mecenat\/projets-multidisciplinaires\/","title":{"rendered":"PROJETS MULTIDISCIPLINAIRES"},"content":{"rendered":"<p><em><strong>Soutenir la r\u00e9alisation de projets artistiques d\u2019envergure, \u00e0 la crois\u00e9e des disciplines artistiques<\/strong><\/em><\/p>\n<p>&#8211; Concerts carte blanche \u00e0 des artistes venu-e-s d\u2019autres disciplines<br \/>\n&#8211; Performance ou installation (danse, arts plastiques etc.)<br \/>\n&#8211; Projet de cr\u00e9ation musicale et visuelle (vid\u00e9o, arts visuels et num\u00e9riques, installation multim\u00e9dia etc.)<\/p>\n","protected":false},"excerpt":{"rendered":"<p>Soutenir la r\u00e9alisation de projets artistiques d\u2019envergure, \u00e0 la crois\u00e9e des disciplines artistiques &#8211; Concerts carte blanche \u00e0 des artistes venu-e-s d\u2019autres disciplines &#8211; Performance ou installation (danse, arts plastiques etc.) &#8211; Projet de cr\u00e9ation musicale et visuelle (vid\u00e9o, arts visuels et num\u00e9riques, installation multim\u00e9dia etc.)<\/p>\n","protected":false},"author":59,"featured_media":19344,"parent":12185,"menu_order":2,"comment_status":"closed","ping_status":"closed","template":"page-templates\/mecenat-projet.php","meta":{"_acf_changed":false,"footnotes":""},"class_list":["post-19342","page","type-page","status-publish","has-post-thumbnail","hentry"],"acf":[],"yoast_head":"<!-- This site is optimized with the Yoast SEO plugin v27.6 - https:\/\/yoast.com\/product\/yoast-seo-wordpress\/ -->\n<title>PROJETS MULTIDISCIPLINAIRES - Ensemble intercontemporain<\/title>\n<meta name=\"robots\" content=\"index, follow, max-snippet:-1, max-image-preview:large, max-video-preview:-1\" \/>\n<link rel=\"canonical\" href=\"https:\/\/www.ensembleintercontemporain.com\/fr\/un-ensemble-de-solistes\/mecenat\/projets-multidisciplinaires\/\" \/>\n<meta property=\"og:locale\" content=\"fr_FR\" \/>\n<meta property=\"og:type\" content=\"article\" \/>\n<meta property=\"og:title\" content=\"PROJETS MULTIDISCIPLINAIRES - Ensemble intercontemporain\" \/>\n<meta property=\"og:description\" content=\"Soutenir la r\u00e9alisation de projets artistiques d\u2019envergure, \u00e0 la crois\u00e9e des disciplines artistiques &#8211; Concerts carte blanche \u00e0 des artistes venu-e-s d\u2019autres disciplines &#8211; Performance ou installation (danse, arts plastiques etc.) &#8211; Projet de cr\u00e9ation musicale et visuelle (vid\u00e9o, arts visuels et num\u00e9riques, installation multim\u00e9dia etc.)\" \/>\n<meta property=\"og:url\" content=\"https:\/\/www.ensembleintercontemporain.com\/fr\/un-ensemble-de-solistes\/mecenat\/projets-multidisciplinaires\/\" \/>\n<meta property=\"og:site_name\" content=\"Ensemble intercontemporain\" \/>\n<meta property=\"article:modified_time\" content=\"2020-07-29T13:54:27+00:00\" \/>\n<meta property=\"og:image\" content=\"http:\/\/www.ensembleintercontemporain.com\/content\/uploads\/2020\/07\/simplexity.jpg\" \/>\n\t<meta property=\"og:image:width\" content=\"2400\" \/>\n\t<meta property=\"og:image:height\" content=\"1600\" \/>\n\t<meta property=\"og:image:type\" content=\"image\/jpeg\" \/>\n<meta name=\"twitter:card\" content=\"summary_large_image\" \/>\n<script type=\"application\/ld+json\" class=\"yoast-schema-graph\">{\"@context\":\"https:\\\/\\\/schema.org\",\"@graph\":[{\"@type\":\"WebPage\",\"@id\":\"https:\\\/\\\/www.ensembleintercontemporain.com\\\/fr\\\/un-ensemble-de-solistes\\\/mecenat\\\/projets-multidisciplinaires\\\/\",\"url\":\"https:\\\/\\\/www.ensembleintercontemporain.com\\\/fr\\\/un-ensemble-de-solistes\\\/mecenat\\\/projets-multidisciplinaires\\\/\",\"name\":\"PROJETS MULTIDISCIPLINAIRES - Ensemble intercontemporain\",\"isPartOf\":{\"@id\":\"https:\\\/\\\/www.ensembleintercontemporain.com\\\/en\\\/#website\"},\"primaryImageOfPage\":{\"@id\":\"https:\\\/\\\/www.ensembleintercontemporain.com\\\/fr\\\/un-ensemble-de-solistes\\\/mecenat\\\/projets-multidisciplinaires\\\/#primaryimage\"},\"image\":{\"@id\":\"https:\\\/\\\/www.ensembleintercontemporain.com\\\/fr\\\/un-ensemble-de-solistes\\\/mecenat\\\/projets-multidisciplinaires\\\/#primaryimage\"},\"thumbnailUrl\":\"https:\\\/\\\/www.ensembleintercontemporain.com\\\/content\\\/uploads\\\/2020\\\/07\\\/simplexity.jpg\",\"datePublished\":\"2020-07-29T12:54:14+00:00\",\"dateModified\":\"2020-07-29T13:54:27+00:00\",\"breadcrumb\":{\"@id\":\"https:\\\/\\\/www.ensembleintercontemporain.com\\\/fr\\\/un-ensemble-de-solistes\\\/mecenat\\\/projets-multidisciplinaires\\\/#breadcrumb\"},\"inLanguage\":\"fr-FR\",\"potentialAction\":[{\"@type\":\"ReadAction\",\"target\":[\"https:\\\/\\\/www.ensembleintercontemporain.com\\\/fr\\\/un-ensemble-de-solistes\\\/mecenat\\\/projets-multidisciplinaires\\\/\"]}]},{\"@type\":\"ImageObject\",\"inLanguage\":\"fr-FR\",\"@id\":\"https:\\\/\\\/www.ensembleintercontemporain.com\\\/fr\\\/un-ensemble-de-solistes\\\/mecenat\\\/projets-multidisciplinaires\\\/#primaryimage\",\"url\":\"https:\\\/\\\/www.ensembleintercontemporain.com\\\/content\\\/uploads\\\/2020\\\/07\\\/simplexity.jpg\",\"contentUrl\":\"https:\\\/\\\/www.ensembleintercontemporain.com\\\/content\\\/uploads\\\/2020\\\/07\\\/simplexity.jpg\",\"width\":2400,\"height\":1600},{\"@type\":\"BreadcrumbList\",\"@id\":\"https:\\\/\\\/www.ensembleintercontemporain.com\\\/fr\\\/un-ensemble-de-solistes\\\/mecenat\\\/projets-multidisciplinaires\\\/#breadcrumb\",\"itemListElement\":[{\"@type\":\"ListItem\",\"position\":1,\"name\":\"Home\",\"item\":\"https:\\\/\\\/www.ensembleintercontemporain.com\\\/fr\\\/\"},{\"@type\":\"ListItem\",\"position\":2,\"name\":\"Un Ensemble de solistes\",\"item\":\"https:\\\/\\\/www.ensembleintercontemporain.com\\\/fr\\\/un-ensemble-de-solistes\\\/\"},{\"@type\":\"ListItem\",\"position\":3,\"name\":\"M\u00e9c\u00e9nat\",\"item\":\"https:\\\/\\\/www.ensembleintercontemporain.com\\\/fr\\\/un-ensemble-de-solistes\\\/mecenat\\\/\"},{\"@type\":\"ListItem\",\"position\":4,\"name\":\"PROJETS MULTIDISCIPLINAIRES\"}]},{\"@type\":\"WebSite\",\"@id\":\"https:\\\/\\\/www.ensembleintercontemporain.com\\\/en\\\/#website\",\"url\":\"https:\\\/\\\/www.ensembleintercontemporain.com\\\/en\\\/\",\"name\":\"Ensemble intercontemporain\",\"description\":\"\",\"potentialAction\":[{\"@type\":\"SearchAction\",\"target\":{\"@type\":\"EntryPoint\",\"urlTemplate\":\"https:\\\/\\\/www.ensembleintercontemporain.com\\\/en\\\/?s={search_term_string}\"},\"query-input\":{\"@type\":\"PropertyValueSpecification\",\"valueRequired\":true,\"valueName\":\"search_term_string\"}}],\"inLanguage\":\"fr-FR\"}]}<\/script>\n<!-- \/ Yoast SEO plugin. -->","yoast_head_json":{"title":"PROJETS MULTIDISCIPLINAIRES - Ensemble intercontemporain","robots":{"index":"index","follow":"follow","max-snippet":"max-snippet:-1","max-image-preview":"max-image-preview:large","max-video-preview":"max-video-preview:-1"},"canonical":"https:\/\/www.ensembleintercontemporain.com\/fr\/un-ensemble-de-solistes\/mecenat\/projets-multidisciplinaires\/","og_locale":"fr_FR","og_type":"article","og_title":"PROJETS MULTIDISCIPLINAIRES - Ensemble intercontemporain","og_description":"Soutenir la r\u00e9alisation de projets artistiques d\u2019envergure, \u00e0 la crois\u00e9e des disciplines artistiques &#8211; Concerts carte blanche \u00e0 des artistes venu-e-s d\u2019autres disciplines &#8211; Performance ou installation (danse, arts plastiques etc.) &#8211; Projet de cr\u00e9ation musicale et visuelle (vid\u00e9o, arts visuels et num\u00e9riques, installation multim\u00e9dia etc.)","og_url":"https:\/\/www.ensembleintercontemporain.com\/fr\/un-ensemble-de-solistes\/mecenat\/projets-multidisciplinaires\/","og_site_name":"Ensemble intercontemporain","article_modified_time":"2020-07-29T13:54:27+00:00","og_image":[{"width":2400,"height":1600,"url":"http:\/\/www.ensembleintercontemporain.com\/content\/uploads\/2020\/07\/simplexity.jpg","type":"image\/jpeg"}],"twitter_card":"summary_large_image","schema":{"@context":"https:\/\/schema.org","@graph":[{"@type":"WebPage","@id":"https:\/\/www.ensembleintercontemporain.com\/fr\/un-ensemble-de-solistes\/mecenat\/projets-multidisciplinaires\/","url":"https:\/\/www.ensembleintercontemporain.com\/fr\/un-ensemble-de-solistes\/mecenat\/projets-multidisciplinaires\/","name":"PROJETS MULTIDISCIPLINAIRES - Ensemble intercontemporain","isPartOf":{"@id":"https:\/\/www.ensembleintercontemporain.com\/en\/#website"},"primaryImageOfPage":{"@id":"https:\/\/www.ensembleintercontemporain.com\/fr\/un-ensemble-de-solistes\/mecenat\/projets-multidisciplinaires\/#primaryimage"},"image":{"@id":"https:\/\/www.ensembleintercontemporain.com\/fr\/un-ensemble-de-solistes\/mecenat\/projets-multidisciplinaires\/#primaryimage"},"thumbnailUrl":"https:\/\/www.ensembleintercontemporain.com\/content\/uploads\/2020\/07\/simplexity.jpg","datePublished":"2020-07-29T12:54:14+00:00","dateModified":"2020-07-29T13:54:27+00:00","breadcrumb":{"@id":"https:\/\/www.ensembleintercontemporain.com\/fr\/un-ensemble-de-solistes\/mecenat\/projets-multidisciplinaires\/#breadcrumb"},"inLanguage":"fr-FR","potentialAction":[{"@type":"ReadAction","target":["https:\/\/www.ensembleintercontemporain.com\/fr\/un-ensemble-de-solistes\/mecenat\/projets-multidisciplinaires\/"]}]},{"@type":"ImageObject","inLanguage":"fr-FR","@id":"https:\/\/www.ensembleintercontemporain.com\/fr\/un-ensemble-de-solistes\/mecenat\/projets-multidisciplinaires\/#primaryimage","url":"https:\/\/www.ensembleintercontemporain.com\/content\/uploads\/2020\/07\/simplexity.jpg","contentUrl":"https:\/\/www.ensembleintercontemporain.com\/content\/uploads\/2020\/07\/simplexity.jpg","width":2400,"height":1600},{"@type":"BreadcrumbList","@id":"https:\/\/www.ensembleintercontemporain.com\/fr\/un-ensemble-de-solistes\/mecenat\/projets-multidisciplinaires\/#breadcrumb","itemListElement":[{"@type":"ListItem","position":1,"name":"Home","item":"https:\/\/www.ensembleintercontemporain.com\/fr\/"},{"@type":"ListItem","position":2,"name":"Un Ensemble de solistes","item":"https:\/\/www.ensembleintercontemporain.com\/fr\/un-ensemble-de-solistes\/"},{"@type":"ListItem","position":3,"name":"M\u00e9c\u00e9nat","item":"https:\/\/www.ensembleintercontemporain.com\/fr\/un-ensemble-de-solistes\/mecenat\/"},{"@type":"ListItem","position":4,"name":"PROJETS MULTIDISCIPLINAIRES"}]},{"@type":"WebSite","@id":"https:\/\/www.ensembleintercontemporain.com\/en\/#website","url":"https:\/\/www.ensembleintercontemporain.com\/en\/","name":"Ensemble intercontemporain","description":"","potentialAction":[{"@type":"SearchAction","target":{"@type":"EntryPoint","urlTemplate":"https:\/\/www.ensembleintercontemporain.com\/en\/?s={search_term_string}"},"query-input":{"@type":"PropertyValueSpecification","valueRequired":true,"valueName":"search_term_string"}}],"inLanguage":"fr-FR"}]}},"_links":{"self":[{"href":"https:\/\/www.ensembleintercontemporain.com\/fr\/wp-json\/wp\/v2\/pages\/19342\/"}],"collection":[{"href":"https:\/\/www.ensembleintercontemporain.com\/fr\/wp-json\/wp\/v2\/pages\/"}],"about":[{"href":"https:\/\/www.ensembleintercontemporain.com\/fr\/wp-json\/wp\/v2\/types\/page\/"}],"author":[{"embeddable":true,"href":"https:\/\/www.ensembleintercontemporain.com\/fr\/wp-json\/wp\/v2\/users\/59\/"}],"replies":[{"embeddable":true,"href":"https:\/\/www.ensembleintercontemporain.com\/fr\/wp-json\/wp\/v2\/comments\/?post=19342"}],"version-history":[{"count":4,"href":"https:\/\/www.ensembleintercontemporain.com\/fr\/wp-json\/wp\/v2\/pages\/19342\/revisions\/"}],"predecessor-version":[{"id":19365,"href":"https:\/\/www.ensembleintercontemporain.com\/fr\/wp-json\/wp\/v2\/pages\/19342\/revisions\/19365\/"}],"up":[{"embeddable":true,"href":"https:\/\/www.ensembleintercontemporain.com\/fr\/wp-json\/wp\/v2\/pages\/12185\/"}],"wp:featuredmedia":[{"embeddable":true,"href":"https:\/\/www.ensembleintercontemporain.com\/fr\/wp-json\/wp\/v2\/media\/19344\/"}],"wp:attachment":[{"href":"https:\/\/www.ensembleintercontemporain.com\/fr\/wp-json\/wp\/v2\/media\/?parent=19342"}],"curies":[{"name":"wp","href":"https:\/\/api.w.org\/{rel}","templated":true}]}}