{"id":19323,"date":"2020-07-29T14:25:11","date_gmt":"2020-07-29T12:25:11","guid":{"rendered":"https:\/\/www.ensembleintercontemporain.com\/?page_id=19323"},"modified":"2020-07-29T15:32:01","modified_gmt":"2020-07-29T13:32:01","slug":"transmission-et-vivre-ensemble","status":"publish","type":"page","link":"https:\/\/www.ensembleintercontemporain.com\/fr\/un-ensemble-de-solistes\/mecenat\/transmission-et-vivre-ensemble\/","title":{"rendered":"TRANSMISSION ET VIVRE ENSEMBLE"},"content":{"rendered":"<p><em><strong>Accompagner la d\u00e9couverte du r\u00e9pertoire contemporain et favoriser l\u2019\u00e9coute !<\/strong><\/em><\/p>\n<p>&#8211; Concerts \u00e9ducatifs et scolaires<br \/>\n&#8211; R\u00e9sidences de cr\u00e9ation en milieu scolaire anim\u00e9es par les solistes, des musicologies et compositeurs-trices<br \/>\n&#8211; Cr\u00e9ations multidisciplinaires avec et pour les amateurs-trices<br \/>\n&#8211; Cr\u00e9ations avec et pour les mineurs isol\u00e9s \u00e9trangers<\/p>\n","protected":false},"excerpt":{"rendered":"<p>Accompagner la d\u00e9couverte du r\u00e9pertoire contemporain et favoriser l\u2019\u00e9coute ! &#8211; Concerts \u00e9ducatifs et scolaires &#8211; R\u00e9sidences de cr\u00e9ation en milieu scolaire anim\u00e9es par les solistes, des musicologies et compositeurs-trices &#8211; Cr\u00e9ations multidisciplinaires avec et pour les amateurs-trices &#8211; Cr\u00e9ations avec et pour les mineurs isol\u00e9s \u00e9trangers<\/p>\n","protected":false},"author":59,"featured_media":15344,"parent":12185,"menu_order":1,"comment_status":"closed","ping_status":"closed","template":"page-templates\/mecenat-projet.php","meta":{"_acf_changed":false,"footnotes":""},"class_list":["post-19323","page","type-page","status-publish","has-post-thumbnail","hentry"],"acf":[],"yoast_head":"<!-- This site is optimized with the Yoast SEO plugin v27.6 - https:\/\/yoast.com\/product\/yoast-seo-wordpress\/ -->\n<title>TRANSMISSION ET VIVRE ENSEMBLE - Ensemble intercontemporain<\/title>\n<meta name=\"robots\" content=\"index, follow, max-snippet:-1, max-image-preview:large, max-video-preview:-1\" \/>\n<link rel=\"canonical\" href=\"https:\/\/www.ensembleintercontemporain.com\/fr\/un-ensemble-de-solistes\/mecenat\/transmission-et-vivre-ensemble\/\" \/>\n<meta property=\"og:locale\" content=\"fr_FR\" \/>\n<meta property=\"og:type\" content=\"article\" \/>\n<meta property=\"og:title\" content=\"TRANSMISSION ET VIVRE ENSEMBLE - Ensemble intercontemporain\" \/>\n<meta property=\"og:description\" content=\"Accompagner la d\u00e9couverte du r\u00e9pertoire contemporain et favoriser l\u2019\u00e9coute ! &#8211; Concerts \u00e9ducatifs et scolaires &#8211; R\u00e9sidences de cr\u00e9ation en milieu scolaire anim\u00e9es par les solistes, des musicologies et compositeurs-trices &#8211; Cr\u00e9ations multidisciplinaires avec et pour les amateurs-trices &#8211; Cr\u00e9ations avec et pour les mineurs isol\u00e9s \u00e9trangers\" \/>\n<meta property=\"og:url\" content=\"https:\/\/www.ensembleintercontemporain.com\/fr\/un-ensemble-de-solistes\/mecenat\/transmission-et-vivre-ensemble\/\" \/>\n<meta property=\"og:site_name\" content=\"Ensemble intercontemporain\" \/>\n<meta property=\"article:modified_time\" content=\"2020-07-29T13:32:01+00:00\" \/>\n<meta property=\"og:image\" content=\"http:\/\/www.ensembleintercontemporain.com\/content\/uploads\/2019\/02\/dscf9314.jpg\" \/>\n\t<meta property=\"og:image:width\" content=\"1920\" \/>\n\t<meta property=\"og:image:height\" content=\"1280\" \/>\n\t<meta property=\"og:image:type\" content=\"image\/jpeg\" \/>\n<meta name=\"twitter:card\" content=\"summary_large_image\" \/>\n<script type=\"application\/ld+json\" class=\"yoast-schema-graph\">{\"@context\":\"https:\\\/\\\/schema.org\",\"@graph\":[{\"@type\":\"WebPage\",\"@id\":\"https:\\\/\\\/www.ensembleintercontemporain.com\\\/fr\\\/un-ensemble-de-solistes\\\/mecenat\\\/transmission-et-vivre-ensemble\\\/\",\"url\":\"https:\\\/\\\/www.ensembleintercontemporain.com\\\/fr\\\/un-ensemble-de-solistes\\\/mecenat\\\/transmission-et-vivre-ensemble\\\/\",\"name\":\"TRANSMISSION ET VIVRE ENSEMBLE - Ensemble intercontemporain\",\"isPartOf\":{\"@id\":\"https:\\\/\\\/www.ensembleintercontemporain.com\\\/en\\\/#website\"},\"primaryImageOfPage\":{\"@id\":\"https:\\\/\\\/www.ensembleintercontemporain.com\\\/fr\\\/un-ensemble-de-solistes\\\/mecenat\\\/transmission-et-vivre-ensemble\\\/#primaryimage\"},\"image\":{\"@id\":\"https:\\\/\\\/www.ensembleintercontemporain.com\\\/fr\\\/un-ensemble-de-solistes\\\/mecenat\\\/transmission-et-vivre-ensemble\\\/#primaryimage\"},\"thumbnailUrl\":\"https:\\\/\\\/www.ensembleintercontemporain.com\\\/content\\\/uploads\\\/2019\\\/02\\\/dscf9314.jpg\",\"datePublished\":\"2020-07-29T12:25:11+00:00\",\"dateModified\":\"2020-07-29T13:32:01+00:00\",\"breadcrumb\":{\"@id\":\"https:\\\/\\\/www.ensembleintercontemporain.com\\\/fr\\\/un-ensemble-de-solistes\\\/mecenat\\\/transmission-et-vivre-ensemble\\\/#breadcrumb\"},\"inLanguage\":\"fr-FR\",\"potentialAction\":[{\"@type\":\"ReadAction\",\"target\":[\"https:\\\/\\\/www.ensembleintercontemporain.com\\\/fr\\\/un-ensemble-de-solistes\\\/mecenat\\\/transmission-et-vivre-ensemble\\\/\"]}]},{\"@type\":\"ImageObject\",\"inLanguage\":\"fr-FR\",\"@id\":\"https:\\\/\\\/www.ensembleintercontemporain.com\\\/fr\\\/un-ensemble-de-solistes\\\/mecenat\\\/transmission-et-vivre-ensemble\\\/#primaryimage\",\"url\":\"https:\\\/\\\/www.ensembleintercontemporain.com\\\/content\\\/uploads\\\/2019\\\/02\\\/dscf9314.jpg\",\"contentUrl\":\"https:\\\/\\\/www.ensembleintercontemporain.com\\\/content\\\/uploads\\\/2019\\\/02\\\/dscf9314.jpg\",\"width\":1920,\"height\":1280},{\"@type\":\"BreadcrumbList\",\"@id\":\"https:\\\/\\\/www.ensembleintercontemporain.com\\\/fr\\\/un-ensemble-de-solistes\\\/mecenat\\\/transmission-et-vivre-ensemble\\\/#breadcrumb\",\"itemListElement\":[{\"@type\":\"ListItem\",\"position\":1,\"name\":\"Home\",\"item\":\"https:\\\/\\\/www.ensembleintercontemporain.com\\\/fr\\\/\"},{\"@type\":\"ListItem\",\"position\":2,\"name\":\"Un Ensemble de solistes\",\"item\":\"https:\\\/\\\/www.ensembleintercontemporain.com\\\/fr\\\/un-ensemble-de-solistes\\\/\"},{\"@type\":\"ListItem\",\"position\":3,\"name\":\"M\u00e9c\u00e9nat\",\"item\":\"https:\\\/\\\/www.ensembleintercontemporain.com\\\/fr\\\/un-ensemble-de-solistes\\\/mecenat\\\/\"},{\"@type\":\"ListItem\",\"position\":4,\"name\":\"TRANSMISSION ET VIVRE ENSEMBLE\"}]},{\"@type\":\"WebSite\",\"@id\":\"https:\\\/\\\/www.ensembleintercontemporain.com\\\/en\\\/#website\",\"url\":\"https:\\\/\\\/www.ensembleintercontemporain.com\\\/en\\\/\",\"name\":\"Ensemble intercontemporain\",\"description\":\"\",\"potentialAction\":[{\"@type\":\"SearchAction\",\"target\":{\"@type\":\"EntryPoint\",\"urlTemplate\":\"https:\\\/\\\/www.ensembleintercontemporain.com\\\/en\\\/?s={search_term_string}\"},\"query-input\":{\"@type\":\"PropertyValueSpecification\",\"valueRequired\":true,\"valueName\":\"search_term_string\"}}],\"inLanguage\":\"fr-FR\"}]}<\/script>\n<!-- \/ Yoast SEO plugin. -->","yoast_head_json":{"title":"TRANSMISSION ET VIVRE ENSEMBLE - Ensemble intercontemporain","robots":{"index":"index","follow":"follow","max-snippet":"max-snippet:-1","max-image-preview":"max-image-preview:large","max-video-preview":"max-video-preview:-1"},"canonical":"https:\/\/www.ensembleintercontemporain.com\/fr\/un-ensemble-de-solistes\/mecenat\/transmission-et-vivre-ensemble\/","og_locale":"fr_FR","og_type":"article","og_title":"TRANSMISSION ET VIVRE ENSEMBLE - Ensemble intercontemporain","og_description":"Accompagner la d\u00e9couverte du r\u00e9pertoire contemporain et favoriser l\u2019\u00e9coute ! &#8211; Concerts \u00e9ducatifs et scolaires &#8211; R\u00e9sidences de cr\u00e9ation en milieu scolaire anim\u00e9es par les solistes, des musicologies et compositeurs-trices &#8211; Cr\u00e9ations multidisciplinaires avec et pour les amateurs-trices &#8211; Cr\u00e9ations avec et pour les mineurs isol\u00e9s \u00e9trangers","og_url":"https:\/\/www.ensembleintercontemporain.com\/fr\/un-ensemble-de-solistes\/mecenat\/transmission-et-vivre-ensemble\/","og_site_name":"Ensemble intercontemporain","article_modified_time":"2020-07-29T13:32:01+00:00","og_image":[{"width":1920,"height":1280,"url":"http:\/\/www.ensembleintercontemporain.com\/content\/uploads\/2019\/02\/dscf9314.jpg","type":"image\/jpeg"}],"twitter_card":"summary_large_image","schema":{"@context":"https:\/\/schema.org","@graph":[{"@type":"WebPage","@id":"https:\/\/www.ensembleintercontemporain.com\/fr\/un-ensemble-de-solistes\/mecenat\/transmission-et-vivre-ensemble\/","url":"https:\/\/www.ensembleintercontemporain.com\/fr\/un-ensemble-de-solistes\/mecenat\/transmission-et-vivre-ensemble\/","name":"TRANSMISSION ET VIVRE ENSEMBLE - Ensemble intercontemporain","isPartOf":{"@id":"https:\/\/www.ensembleintercontemporain.com\/en\/#website"},"primaryImageOfPage":{"@id":"https:\/\/www.ensembleintercontemporain.com\/fr\/un-ensemble-de-solistes\/mecenat\/transmission-et-vivre-ensemble\/#primaryimage"},"image":{"@id":"https:\/\/www.ensembleintercontemporain.com\/fr\/un-ensemble-de-solistes\/mecenat\/transmission-et-vivre-ensemble\/#primaryimage"},"thumbnailUrl":"https:\/\/www.ensembleintercontemporain.com\/content\/uploads\/2019\/02\/dscf9314.jpg","datePublished":"2020-07-29T12:25:11+00:00","dateModified":"2020-07-29T13:32:01+00:00","breadcrumb":{"@id":"https:\/\/www.ensembleintercontemporain.com\/fr\/un-ensemble-de-solistes\/mecenat\/transmission-et-vivre-ensemble\/#breadcrumb"},"inLanguage":"fr-FR","potentialAction":[{"@type":"ReadAction","target":["https:\/\/www.ensembleintercontemporain.com\/fr\/un-ensemble-de-solistes\/mecenat\/transmission-et-vivre-ensemble\/"]}]},{"@type":"ImageObject","inLanguage":"fr-FR","@id":"https:\/\/www.ensembleintercontemporain.com\/fr\/un-ensemble-de-solistes\/mecenat\/transmission-et-vivre-ensemble\/#primaryimage","url":"https:\/\/www.ensembleintercontemporain.com\/content\/uploads\/2019\/02\/dscf9314.jpg","contentUrl":"https:\/\/www.ensembleintercontemporain.com\/content\/uploads\/2019\/02\/dscf9314.jpg","width":1920,"height":1280},{"@type":"BreadcrumbList","@id":"https:\/\/www.ensembleintercontemporain.com\/fr\/un-ensemble-de-solistes\/mecenat\/transmission-et-vivre-ensemble\/#breadcrumb","itemListElement":[{"@type":"ListItem","position":1,"name":"Home","item":"https:\/\/www.ensembleintercontemporain.com\/fr\/"},{"@type":"ListItem","position":2,"name":"Un Ensemble de solistes","item":"https:\/\/www.ensembleintercontemporain.com\/fr\/un-ensemble-de-solistes\/"},{"@type":"ListItem","position":3,"name":"M\u00e9c\u00e9nat","item":"https:\/\/www.ensembleintercontemporain.com\/fr\/un-ensemble-de-solistes\/mecenat\/"},{"@type":"ListItem","position":4,"name":"TRANSMISSION ET VIVRE ENSEMBLE"}]},{"@type":"WebSite","@id":"https:\/\/www.ensembleintercontemporain.com\/en\/#website","url":"https:\/\/www.ensembleintercontemporain.com\/en\/","name":"Ensemble intercontemporain","description":"","potentialAction":[{"@type":"SearchAction","target":{"@type":"EntryPoint","urlTemplate":"https:\/\/www.ensembleintercontemporain.com\/en\/?s={search_term_string}"},"query-input":{"@type":"PropertyValueSpecification","valueRequired":true,"valueName":"search_term_string"}}],"inLanguage":"fr-FR"}]}},"_links":{"self":[{"href":"https:\/\/www.ensembleintercontemporain.com\/fr\/wp-json\/wp\/v2\/pages\/19323\/"}],"collection":[{"href":"https:\/\/www.ensembleintercontemporain.com\/fr\/wp-json\/wp\/v2\/pages\/"}],"about":[{"href":"https:\/\/www.ensembleintercontemporain.com\/fr\/wp-json\/wp\/v2\/types\/page\/"}],"author":[{"embeddable":true,"href":"https:\/\/www.ensembleintercontemporain.com\/fr\/wp-json\/wp\/v2\/users\/59\/"}],"replies":[{"embeddable":true,"href":"https:\/\/www.ensembleintercontemporain.com\/fr\/wp-json\/wp\/v2\/comments\/?post=19323"}],"version-history":[{"count":6,"href":"https:\/\/www.ensembleintercontemporain.com\/fr\/wp-json\/wp\/v2\/pages\/19323\/revisions\/"}],"predecessor-version":[{"id":19356,"href":"https:\/\/www.ensembleintercontemporain.com\/fr\/wp-json\/wp\/v2\/pages\/19323\/revisions\/19356\/"}],"up":[{"embeddable":true,"href":"https:\/\/www.ensembleintercontemporain.com\/fr\/wp-json\/wp\/v2\/pages\/12185\/"}],"wp:featuredmedia":[{"embeddable":true,"href":"https:\/\/www.ensembleintercontemporain.com\/fr\/wp-json\/wp\/v2\/media\/15344\/"}],"wp:attachment":[{"href":"https:\/\/www.ensembleintercontemporain.com\/fr\/wp-json\/wp\/v2\/media\/?parent=19323"}],"curies":[{"name":"wp","href":"https:\/\/api.w.org\/{rel}","templated":true}]}}