{"id":19251,"date":"2020-07-20T16:08:00","date_gmt":"2020-07-20T14:08:00","guid":{"rendered":"https:\/\/www.ensembleintercontemporain.com\/?page_id=19251"},"modified":"2024-01-31T13:00:04","modified_gmt":"2024-01-31T12:00:04","slug":"vous-etes-un-particulier","status":"publish","type":"page","link":"https:\/\/www.ensembleintercontemporain.com\/fr\/un-ensemble-de-solistes\/mecenat\/vous-etes-un-particulier\/","title":{"rendered":"Vos avantages"},"content":{"rendered":"<p>Si vous aussi vous souhaitez participer \u00e0 nos aventures et permettre aux projets de l\u2019Ensemble de voir le jour, soutenez-nous ! Quel qu\u2019en soit le montant, votre don contribue \u00e0 assurer la p\u00e9rennit\u00e9 de cet Ensemble unique, libre, cr\u00e9atif et le futur de la cr\u00e9ation musicale.<\/p>\n<p><span style=\"color: #ff0000;\"><strong>DONATEUR-TRICE<\/strong><\/span><br \/>\n<em>\u00c0 partir de 50 \u20ac<\/em><br \/>\n&#8211; 1 disque de l\u2019Ensemble<br \/>\n&#8211; 1 tote bag<\/p>\n<p><strong><span style=\"color: #ff0000;\">BIENFAITEUR-TRICE<\/span><\/strong><br \/>\n<em>\u00c0 partir de 150 \u20ac<\/em><br \/>\n&#8211; 1 disque de l\u2019Ensemble<br \/>\n&#8211; 1 tote bag<br \/>\n&#8211; 1 invitation par saison au concert de votre choix<\/p>\n<p><span style=\"color: #ff0000;\"><strong>AMI-E<\/strong><\/span><br \/>\n<em>\u00c0 partir de 300 \u20ac<\/em><br \/>\n&#8211; 1 disque de l\u2019Ensemble<br \/>\n&#8211; 1 tote bag<br \/>\n&#8211; 2 invitations par saison \u00e0 une r\u00e9p\u00e9tition g\u00e9n\u00e9rale et\/ou comment\u00e9e<br \/>\n&#8211; 1 invitation par saison au concert de votre choix<\/p>\n<p><span style=\"color: #ff0000;\"><strong>M\u00c9C\u00c8NE<\/strong><\/span><br \/>\n<em>\u00c0 partir de 500 \u20ac et plus<\/em><br \/>\n&#8211; 1 disque de l\u2019Ensemble<br \/>\n&#8211; 1 tote bag<br \/>\n&#8211; 2 invitations par saison \u00e0 une r\u00e9p\u00e9tition g\u00e9n\u00e9rale et\/ou comment\u00e9e<br \/>\n&#8211; 2 invitations par saison au concert de votre choix<br \/>\n&#8211; Possibilit\u00e9 d\u2019acc\u00e8s backstage sur r\u00e9servation<\/p>\n<p>&nbsp;<\/p>\n<hr \/>\n<p>Particuliers, vous b\u00e9n\u00e9ficiez d\u2019une r\u00e9duction d\u2019imp\u00f4t \u00e9gale \u00e0 66\u00a0% du montant de votre don, dans la limite de 20\u00a0% du revenu imposable.<\/p>\n<p>Si vous souhaitez nous soutenir, un bulletin d&rsquo;adh\u00e9sion, \u00e0 nous renvoyer avec votre don au Service M\u00e9c\u00e9nat &#8211; Ensemble intercontemporain &#8211; 223 avenue Jean Jaur\u00e8s 75019 Paris, est disponible <span style=\"color: #ff0000;\"><a style=\"color: #ff0000;\" href=\"http:\/\/www.ensembleintercontemporain.com\/content\/uploads\/2020\/07\/BULLETIN-DADHESION-PARTICULIERS.pdf\"><strong>ici<\/strong>.<\/a><\/span><\/p>\n<hr \/>\n<h3>POUR PLUS D&rsquo;INFORMATIONS<\/h3>\n<p><strong>Claire de Montgolfier<\/strong><br \/>\nCharg\u00e9e de communication &amp; de relations ext\u00e9rieures<br \/>\n+ 33 (0)1 44 84 44 53<br \/>\nc.demontgolfier@ensembleinter.com<\/p>\n","protected":false},"excerpt":{"rendered":"<p>Si vous aussi vous souhaitez participer \u00e0 nos aventures et permettre aux projets de l\u2019Ensemble de voir le jour, soutenez-nous ! Quel qu\u2019en soit le montant, votre don contribue \u00e0 assurer la p\u00e9rennit\u00e9 de cet Ensemble unique, libre, cr\u00e9atif et le futur de la cr\u00e9ation musicale. DONATEUR-TRICE \u00c0 partir de 50 \u20ac &#8211; 1 disque [&hellip;]<\/p>\n","protected":false},"author":2,"featured_media":0,"parent":12185,"menu_order":0,"comment_status":"closed","ping_status":"closed","template":"page-templates\/mecenat-particulier.php","meta":{"_acf_changed":false,"footnotes":""},"class_list":["post-19251","page","type-page","status-publish","hentry"],"acf":[],"yoast_head":"<!-- This site is optimized with the Yoast SEO plugin v27.6 - https:\/\/yoast.com\/product\/yoast-seo-wordpress\/ -->\n<title>Vos avantages - Ensemble intercontemporain<\/title>\n<meta name=\"robots\" content=\"index, follow, max-snippet:-1, max-image-preview:large, max-video-preview:-1\" \/>\n<link rel=\"canonical\" href=\"https:\/\/www.ensembleintercontemporain.com\/fr\/un-ensemble-de-solistes\/mecenat\/vous-etes-un-particulier\/\" \/>\n<meta property=\"og:locale\" content=\"fr_FR\" \/>\n<meta property=\"og:type\" content=\"article\" \/>\n<meta property=\"og:title\" content=\"Vos avantages - Ensemble intercontemporain\" \/>\n<meta property=\"og:description\" content=\"Si vous aussi vous souhaitez participer \u00e0 nos aventures et permettre aux projets de l\u2019Ensemble de voir le jour, soutenez-nous ! Quel qu\u2019en soit le montant, votre don contribue \u00e0 assurer la p\u00e9rennit\u00e9 de cet Ensemble unique, libre, cr\u00e9atif et le futur de la cr\u00e9ation musicale. DONATEUR-TRICE \u00c0 partir de 50 \u20ac &#8211; 1 disque [&hellip;]\" \/>\n<meta property=\"og:url\" content=\"https:\/\/www.ensembleintercontemporain.com\/fr\/un-ensemble-de-solistes\/mecenat\/vous-etes-un-particulier\/\" \/>\n<meta property=\"og:site_name\" content=\"Ensemble intercontemporain\" \/>\n<meta property=\"article:modified_time\" content=\"2024-01-31T12:00:04+00:00\" \/>\n<meta name=\"twitter:card\" content=\"summary_large_image\" \/>\n<meta name=\"twitter:label1\" content=\"Dur\u00e9e de lecture estim\u00e9e\" \/>\n\t<meta name=\"twitter:data1\" content=\"2 minutes\" \/>\n<script type=\"application\/ld+json\" class=\"yoast-schema-graph\">{\"@context\":\"https:\\\/\\\/schema.org\",\"@graph\":[{\"@type\":\"WebPage\",\"@id\":\"https:\\\/\\\/www.ensembleintercontemporain.com\\\/fr\\\/un-ensemble-de-solistes\\\/mecenat\\\/vous-etes-un-particulier\\\/\",\"url\":\"https:\\\/\\\/www.ensembleintercontemporain.com\\\/fr\\\/un-ensemble-de-solistes\\\/mecenat\\\/vous-etes-un-particulier\\\/\",\"name\":\"Vos avantages - Ensemble intercontemporain\",\"isPartOf\":{\"@id\":\"https:\\\/\\\/www.ensembleintercontemporain.com\\\/en\\\/#website\"},\"datePublished\":\"2020-07-20T14:08:00+00:00\",\"dateModified\":\"2024-01-31T12:00:04+00:00\",\"breadcrumb\":{\"@id\":\"https:\\\/\\\/www.ensembleintercontemporain.com\\\/fr\\\/un-ensemble-de-solistes\\\/mecenat\\\/vous-etes-un-particulier\\\/#breadcrumb\"},\"inLanguage\":\"fr-FR\",\"potentialAction\":[{\"@type\":\"ReadAction\",\"target\":[\"https:\\\/\\\/www.ensembleintercontemporain.com\\\/fr\\\/un-ensemble-de-solistes\\\/mecenat\\\/vous-etes-un-particulier\\\/\"]}]},{\"@type\":\"BreadcrumbList\",\"@id\":\"https:\\\/\\\/www.ensembleintercontemporain.com\\\/fr\\\/un-ensemble-de-solistes\\\/mecenat\\\/vous-etes-un-particulier\\\/#breadcrumb\",\"itemListElement\":[{\"@type\":\"ListItem\",\"position\":1,\"name\":\"Home\",\"item\":\"https:\\\/\\\/www.ensembleintercontemporain.com\\\/fr\\\/\"},{\"@type\":\"ListItem\",\"position\":2,\"name\":\"Un Ensemble de solistes\",\"item\":\"https:\\\/\\\/www.ensembleintercontemporain.com\\\/fr\\\/un-ensemble-de-solistes\\\/\"},{\"@type\":\"ListItem\",\"position\":3,\"name\":\"M\u00e9c\u00e9nat\",\"item\":\"https:\\\/\\\/www.ensembleintercontemporain.com\\\/fr\\\/un-ensemble-de-solistes\\\/mecenat\\\/\"},{\"@type\":\"ListItem\",\"position\":4,\"name\":\"Vos avantages\"}]},{\"@type\":\"WebSite\",\"@id\":\"https:\\\/\\\/www.ensembleintercontemporain.com\\\/en\\\/#website\",\"url\":\"https:\\\/\\\/www.ensembleintercontemporain.com\\\/en\\\/\",\"name\":\"Ensemble intercontemporain\",\"description\":\"\",\"potentialAction\":[{\"@type\":\"SearchAction\",\"target\":{\"@type\":\"EntryPoint\",\"urlTemplate\":\"https:\\\/\\\/www.ensembleintercontemporain.com\\\/en\\\/?s={search_term_string}\"},\"query-input\":{\"@type\":\"PropertyValueSpecification\",\"valueRequired\":true,\"valueName\":\"search_term_string\"}}],\"inLanguage\":\"fr-FR\"}]}<\/script>\n<!-- \/ Yoast SEO plugin. -->","yoast_head_json":{"title":"Vos avantages - Ensemble intercontemporain","robots":{"index":"index","follow":"follow","max-snippet":"max-snippet:-1","max-image-preview":"max-image-preview:large","max-video-preview":"max-video-preview:-1"},"canonical":"https:\/\/www.ensembleintercontemporain.com\/fr\/un-ensemble-de-solistes\/mecenat\/vous-etes-un-particulier\/","og_locale":"fr_FR","og_type":"article","og_title":"Vos avantages - Ensemble intercontemporain","og_description":"Si vous aussi vous souhaitez participer \u00e0 nos aventures et permettre aux projets de l\u2019Ensemble de voir le jour, soutenez-nous ! Quel qu\u2019en soit le montant, votre don contribue \u00e0 assurer la p\u00e9rennit\u00e9 de cet Ensemble unique, libre, cr\u00e9atif et le futur de la cr\u00e9ation musicale. DONATEUR-TRICE \u00c0 partir de 50 \u20ac &#8211; 1 disque [&hellip;]","og_url":"https:\/\/www.ensembleintercontemporain.com\/fr\/un-ensemble-de-solistes\/mecenat\/vous-etes-un-particulier\/","og_site_name":"Ensemble intercontemporain","article_modified_time":"2024-01-31T12:00:04+00:00","twitter_card":"summary_large_image","twitter_misc":{"Dur\u00e9e de lecture estim\u00e9e":"2 minutes"},"schema":{"@context":"https:\/\/schema.org","@graph":[{"@type":"WebPage","@id":"https:\/\/www.ensembleintercontemporain.com\/fr\/un-ensemble-de-solistes\/mecenat\/vous-etes-un-particulier\/","url":"https:\/\/www.ensembleintercontemporain.com\/fr\/un-ensemble-de-solistes\/mecenat\/vous-etes-un-particulier\/","name":"Vos avantages - Ensemble intercontemporain","isPartOf":{"@id":"https:\/\/www.ensembleintercontemporain.com\/en\/#website"},"datePublished":"2020-07-20T14:08:00+00:00","dateModified":"2024-01-31T12:00:04+00:00","breadcrumb":{"@id":"https:\/\/www.ensembleintercontemporain.com\/fr\/un-ensemble-de-solistes\/mecenat\/vous-etes-un-particulier\/#breadcrumb"},"inLanguage":"fr-FR","potentialAction":[{"@type":"ReadAction","target":["https:\/\/www.ensembleintercontemporain.com\/fr\/un-ensemble-de-solistes\/mecenat\/vous-etes-un-particulier\/"]}]},{"@type":"BreadcrumbList","@id":"https:\/\/www.ensembleintercontemporain.com\/fr\/un-ensemble-de-solistes\/mecenat\/vous-etes-un-particulier\/#breadcrumb","itemListElement":[{"@type":"ListItem","position":1,"name":"Home","item":"https:\/\/www.ensembleintercontemporain.com\/fr\/"},{"@type":"ListItem","position":2,"name":"Un Ensemble de solistes","item":"https:\/\/www.ensembleintercontemporain.com\/fr\/un-ensemble-de-solistes\/"},{"@type":"ListItem","position":3,"name":"M\u00e9c\u00e9nat","item":"https:\/\/www.ensembleintercontemporain.com\/fr\/un-ensemble-de-solistes\/mecenat\/"},{"@type":"ListItem","position":4,"name":"Vos avantages"}]},{"@type":"WebSite","@id":"https:\/\/www.ensembleintercontemporain.com\/en\/#website","url":"https:\/\/www.ensembleintercontemporain.com\/en\/","name":"Ensemble intercontemporain","description":"","potentialAction":[{"@type":"SearchAction","target":{"@type":"EntryPoint","urlTemplate":"https:\/\/www.ensembleintercontemporain.com\/en\/?s={search_term_string}"},"query-input":{"@type":"PropertyValueSpecification","valueRequired":true,"valueName":"search_term_string"}}],"inLanguage":"fr-FR"}]}},"_links":{"self":[{"href":"https:\/\/www.ensembleintercontemporain.com\/fr\/wp-json\/wp\/v2\/pages\/19251\/"}],"collection":[{"href":"https:\/\/www.ensembleintercontemporain.com\/fr\/wp-json\/wp\/v2\/pages\/"}],"about":[{"href":"https:\/\/www.ensembleintercontemporain.com\/fr\/wp-json\/wp\/v2\/types\/page\/"}],"author":[{"embeddable":true,"href":"https:\/\/www.ensembleintercontemporain.com\/fr\/wp-json\/wp\/v2\/users\/2\/"}],"replies":[{"embeddable":true,"href":"https:\/\/www.ensembleintercontemporain.com\/fr\/wp-json\/wp\/v2\/comments\/?post=19251"}],"version-history":[{"count":17,"href":"https:\/\/www.ensembleintercontemporain.com\/fr\/wp-json\/wp\/v2\/pages\/19251\/revisions\/"}],"predecessor-version":[{"id":26187,"href":"https:\/\/www.ensembleintercontemporain.com\/fr\/wp-json\/wp\/v2\/pages\/19251\/revisions\/26187\/"}],"up":[{"embeddable":true,"href":"https:\/\/www.ensembleintercontemporain.com\/fr\/wp-json\/wp\/v2\/pages\/12185\/"}],"wp:attachment":[{"href":"https:\/\/www.ensembleintercontemporain.com\/fr\/wp-json\/wp\/v2\/media\/?parent=19251"}],"curies":[{"name":"wp","href":"https:\/\/api.w.org\/{rel}","templated":true}]}}