{"id":18681,"date":"2020-03-18T15:19:57","date_gmt":"2020-03-18T14:19:57","guid":{"rendered":"https:\/\/www.ensembleintercontemporain.com\/?page_id=18681"},"modified":"2025-03-11T11:27:11","modified_gmt":"2025-03-11T10:27:11","slug":"directeur-musical","status":"publish","type":"page","link":"https:\/\/www.ensembleintercontemporain.com\/fr\/un-ensemble-de-solistes\/directeur-musical\/","title":{"rendered":"Directeur musical &#8211; Pierre Bleuse"},"content":{"rendered":"<p style=\"text-align: right;\"><img loading=\"lazy\" decoding=\"async\" class=\"aligncenter size-full wp-image-28482\" src=\"http:\/\/www.ensembleintercontemporain.com\/content\/uploads\/2025\/03\/sandrine-expilly-eic-pierre-bleuse-68hd.jpg\" alt=\"\" width=\"1920\" height=\"1920\" srcset=\"https:\/\/www.ensembleintercontemporain.com\/content\/uploads\/2025\/03\/sandrine-expilly-eic-pierre-bleuse-68hd.jpg 1920w, https:\/\/www.ensembleintercontemporain.com\/content\/uploads\/2025\/03\/sandrine-expilly-eic-pierre-bleuse-68hd-300x300.jpg 300w, https:\/\/www.ensembleintercontemporain.com\/content\/uploads\/2025\/03\/sandrine-expilly-eic-pierre-bleuse-68hd-1024x1024.jpg 1024w, https:\/\/www.ensembleintercontemporain.com\/content\/uploads\/2025\/03\/sandrine-expilly-eic-pierre-bleuse-68hd-150x150.jpg 150w, https:\/\/www.ensembleintercontemporain.com\/content\/uploads\/2025\/03\/sandrine-expilly-eic-pierre-bleuse-68hd-768x768.jpg 768w, https:\/\/www.ensembleintercontemporain.com\/content\/uploads\/2025\/03\/sandrine-expilly-eic-pierre-bleuse-68hd-1536x1536.jpg 1536w\" sizes=\"auto, (max-width: 1920px) 100vw, 1920px\" \/><span style=\"font-size: 14pt;\"><span style=\"font-size: 18pt;\"><span style=\"font-size: 12pt;\">\u00a9 Sandrine Expilly<\/span><\/span><\/span><\/p>\n<p class=\"p1\"><span style=\"font-size: 14pt;\"><span style=\"font-size: 18pt;\">D<\/span>irecteur musical de l\u2019Ensemble intercontemporain depuis septembre 2023, Pierre Bleuse s\u2019est impos\u00e9 en quelques ann\u00e9es sur la sc\u00e8ne internationale comme l\u2019invit\u00e9 r\u00e9gulier d\u2019orchestres prestigieux : Royal Concertgebouw d\u2019Amsterdam, Orchestre de Paris, Orchestre National de France, Tokyo Symphony, City of Birmingham Symphony, BBC Symphony, Orchestre Symphonique de Singapour, Orchestre Symphonique de Sao Paulo, Orchestre de la Hessische-Rundfunk de Francfort, NDR RadioPhiharmonie de Hanovre, MDR-Sinfonieorchestrer de Leipzig, Tonku\u0308nstler Orchestra, Orchestre Philharmonique Royal de Stockholm, Orchestre National du Capitole de Toulouse, Orchestre de la Suisse Romande, orchestres symphoniques de B\u00e2le et de Berne, Brussels Philharmonic. <\/span><\/p>\n<p class=\"p1\"><span style=\"font-size: 14pt;\">Directeur Musical de l\u2019Orchestre Symphonique d\u2019Odense, au Danemark, il est \u00e9galement Directeur Artistique du c\u00e9l\u00e8bre Festival Pablo Casals de Prades.<\/span><\/p>\n<p class=\"p1\"><span style=\"font-size: 14pt;\">Tr\u00e8s engag\u00e9 dans l\u2019interpr\u00e9tation et la diffusion de la musique contemporaine, il a enregistr\u00e9 de nombreux projets, parmi lesquels un disque Ligeti, avec l\u2019Ensemble intercontemporain, couronn\u00e9 Choc Classica et Diapason d\u2019Or de l\u2019Ann\u00e9e 2024. <\/span><\/p>\n<p class=\"p1\"><span style=\"font-size: 14pt;\">Premier prix de violon au Conservatoire National de Musique et de Danse de Paris, Pierre Bleuse s\u2019est form\u00e9 \u00e0 la direction aupr\u00e8s de Jorma Panula en Finlande et de Laurent Gay \u00e0 la Haute \u00c9cole de Gen\u00e8ve.<\/span><\/p>\n","protected":false},"excerpt":{"rendered":"<p>\u00a9 Sandrine Expilly Directeur musical de l\u2019Ensemble intercontemporain depuis septembre 2023, Pierre Bleuse s\u2019est impos\u00e9 en quelques ann\u00e9es sur la sc\u00e8ne internationale comme l\u2019invit\u00e9 r\u00e9gulier d\u2019orchestres prestigieux : Royal Concertgebouw d\u2019Amsterdam, Orchestre de Paris, Orchestre National de France, Tokyo Symphony, City of Birmingham Symphony, BBC Symphony, Orchestre Symphonique de Singapour, Orchestre Symphonique de Sao Paulo, [&hellip;]<\/p>\n","protected":false},"author":59,"featured_media":0,"parent":11636,"menu_order":1,"comment_status":"closed","ping_status":"closed","template":"","meta":{"_acf_changed":false,"footnotes":""},"class_list":["post-18681","page","type-page","status-publish","hentry"],"acf":[],"yoast_head":"<!-- This site is optimized with the Yoast SEO plugin v27.5 - https:\/\/yoast.com\/product\/yoast-seo-wordpress\/ -->\n<title>Directeur musical - Pierre Bleuse - Ensemble intercontemporain<\/title>\n<meta name=\"robots\" content=\"index, follow, max-snippet:-1, max-image-preview:large, max-video-preview:-1\" \/>\n<link rel=\"canonical\" href=\"https:\/\/www.ensembleintercontemporain.com\/fr\/un-ensemble-de-solistes\/directeur-musical\/\" \/>\n<meta property=\"og:locale\" content=\"fr_FR\" \/>\n<meta property=\"og:type\" content=\"article\" \/>\n<meta property=\"og:title\" content=\"Directeur musical - Pierre Bleuse - Ensemble intercontemporain\" \/>\n<meta property=\"og:description\" content=\"\u00a9 Sandrine Expilly Directeur musical de l\u2019Ensemble intercontemporain depuis septembre 2023, Pierre Bleuse s\u2019est impos\u00e9 en quelques ann\u00e9es sur la sc\u00e8ne internationale comme l\u2019invit\u00e9 r\u00e9gulier d\u2019orchestres prestigieux : Royal Concertgebouw d\u2019Amsterdam, Orchestre de Paris, Orchestre National de France, Tokyo Symphony, City of Birmingham Symphony, BBC Symphony, Orchestre Symphonique de Singapour, Orchestre Symphonique de Sao Paulo, [&hellip;]\" \/>\n<meta property=\"og:url\" content=\"https:\/\/www.ensembleintercontemporain.com\/fr\/un-ensemble-de-solistes\/directeur-musical\/\" \/>\n<meta property=\"og:site_name\" content=\"Ensemble intercontemporain\" \/>\n<meta property=\"article:modified_time\" content=\"2025-03-11T10:27:11+00:00\" \/>\n<meta property=\"og:image\" content=\"https:\/\/www.ensembleintercontemporain.com\/content\/uploads\/2025\/03\/sandrine-expilly-eic-pierre-bleuse-68hd.jpg\" \/>\n\t<meta property=\"og:image:width\" content=\"1920\" \/>\n\t<meta property=\"og:image:height\" content=\"1920\" \/>\n\t<meta property=\"og:image:type\" content=\"image\/jpeg\" \/>\n<meta name=\"twitter:card\" content=\"summary_large_image\" \/>\n<meta name=\"twitter:label1\" content=\"Dur\u00e9e de lecture estim\u00e9e\" \/>\n\t<meta name=\"twitter:data1\" content=\"3 minutes\" \/>\n<script type=\"application\/ld+json\" class=\"yoast-schema-graph\">{\"@context\":\"https:\\\/\\\/schema.org\",\"@graph\":[{\"@type\":\"WebPage\",\"@id\":\"https:\\\/\\\/www.ensembleintercontemporain.com\\\/fr\\\/un-ensemble-de-solistes\\\/directeur-musical\\\/\",\"url\":\"https:\\\/\\\/www.ensembleintercontemporain.com\\\/fr\\\/un-ensemble-de-solistes\\\/directeur-musical\\\/\",\"name\":\"Directeur musical - Pierre Bleuse - Ensemble intercontemporain\",\"isPartOf\":{\"@id\":\"https:\\\/\\\/www.ensembleintercontemporain.com\\\/en\\\/#website\"},\"primaryImageOfPage\":{\"@id\":\"https:\\\/\\\/www.ensembleintercontemporain.com\\\/fr\\\/un-ensemble-de-solistes\\\/directeur-musical\\\/#primaryimage\"},\"image\":{\"@id\":\"https:\\\/\\\/www.ensembleintercontemporain.com\\\/fr\\\/un-ensemble-de-solistes\\\/directeur-musical\\\/#primaryimage\"},\"thumbnailUrl\":\"http:\\\/\\\/www.ensembleintercontemporain.com\\\/content\\\/uploads\\\/2025\\\/03\\\/sandrine-expilly-eic-pierre-bleuse-68hd.jpg\",\"datePublished\":\"2020-03-18T14:19:57+00:00\",\"dateModified\":\"2025-03-11T10:27:11+00:00\",\"breadcrumb\":{\"@id\":\"https:\\\/\\\/www.ensembleintercontemporain.com\\\/fr\\\/un-ensemble-de-solistes\\\/directeur-musical\\\/#breadcrumb\"},\"inLanguage\":\"fr-FR\",\"potentialAction\":[{\"@type\":\"ReadAction\",\"target\":[\"https:\\\/\\\/www.ensembleintercontemporain.com\\\/fr\\\/un-ensemble-de-solistes\\\/directeur-musical\\\/\"]}]},{\"@type\":\"ImageObject\",\"inLanguage\":\"fr-FR\",\"@id\":\"https:\\\/\\\/www.ensembleintercontemporain.com\\\/fr\\\/un-ensemble-de-solistes\\\/directeur-musical\\\/#primaryimage\",\"url\":\"http:\\\/\\\/www.ensembleintercontemporain.com\\\/content\\\/uploads\\\/2025\\\/03\\\/sandrine-expilly-eic-pierre-bleuse-68hd.jpg\",\"contentUrl\":\"http:\\\/\\\/www.ensembleintercontemporain.com\\\/content\\\/uploads\\\/2025\\\/03\\\/sandrine-expilly-eic-pierre-bleuse-68hd.jpg\"},{\"@type\":\"BreadcrumbList\",\"@id\":\"https:\\\/\\\/www.ensembleintercontemporain.com\\\/fr\\\/un-ensemble-de-solistes\\\/directeur-musical\\\/#breadcrumb\",\"itemListElement\":[{\"@type\":\"ListItem\",\"position\":1,\"name\":\"Home\",\"item\":\"https:\\\/\\\/www.ensembleintercontemporain.com\\\/fr\\\/\"},{\"@type\":\"ListItem\",\"position\":2,\"name\":\"Un Ensemble de solistes\",\"item\":\"https:\\\/\\\/www.ensembleintercontemporain.com\\\/fr\\\/un-ensemble-de-solistes\\\/\"},{\"@type\":\"ListItem\",\"position\":3,\"name\":\"Directeur musical &#8211; Matthias Pintscher\"}]},{\"@type\":\"WebSite\",\"@id\":\"https:\\\/\\\/www.ensembleintercontemporain.com\\\/en\\\/#website\",\"url\":\"https:\\\/\\\/www.ensembleintercontemporain.com\\\/en\\\/\",\"name\":\"Ensemble intercontemporain\",\"description\":\"\",\"potentialAction\":[{\"@type\":\"SearchAction\",\"target\":{\"@type\":\"EntryPoint\",\"urlTemplate\":\"https:\\\/\\\/www.ensembleintercontemporain.com\\\/en\\\/?s={search_term_string}\"},\"query-input\":{\"@type\":\"PropertyValueSpecification\",\"valueRequired\":true,\"valueName\":\"search_term_string\"}}],\"inLanguage\":\"fr-FR\"}]}<\/script>\n<!-- \/ Yoast SEO plugin. -->","yoast_head_json":{"title":"Directeur musical - Pierre Bleuse - Ensemble intercontemporain","robots":{"index":"index","follow":"follow","max-snippet":"max-snippet:-1","max-image-preview":"max-image-preview:large","max-video-preview":"max-video-preview:-1"},"canonical":"https:\/\/www.ensembleintercontemporain.com\/fr\/un-ensemble-de-solistes\/directeur-musical\/","og_locale":"fr_FR","og_type":"article","og_title":"Directeur musical - Pierre Bleuse - Ensemble intercontemporain","og_description":"\u00a9 Sandrine Expilly Directeur musical de l\u2019Ensemble intercontemporain depuis septembre 2023, Pierre Bleuse s\u2019est impos\u00e9 en quelques ann\u00e9es sur la sc\u00e8ne internationale comme l\u2019invit\u00e9 r\u00e9gulier d\u2019orchestres prestigieux : Royal Concertgebouw d\u2019Amsterdam, Orchestre de Paris, Orchestre National de France, Tokyo Symphony, City of Birmingham Symphony, BBC Symphony, Orchestre Symphonique de Singapour, Orchestre Symphonique de Sao Paulo, [&hellip;]","og_url":"https:\/\/www.ensembleintercontemporain.com\/fr\/un-ensemble-de-solistes\/directeur-musical\/","og_site_name":"Ensemble intercontemporain","article_modified_time":"2025-03-11T10:27:11+00:00","og_image":[{"width":1920,"height":1920,"url":"https:\/\/www.ensembleintercontemporain.com\/content\/uploads\/2025\/03\/sandrine-expilly-eic-pierre-bleuse-68hd.jpg","type":"image\/jpeg"}],"twitter_card":"summary_large_image","twitter_misc":{"Dur\u00e9e de lecture estim\u00e9e":"3 minutes"},"schema":{"@context":"https:\/\/schema.org","@graph":[{"@type":"WebPage","@id":"https:\/\/www.ensembleintercontemporain.com\/fr\/un-ensemble-de-solistes\/directeur-musical\/","url":"https:\/\/www.ensembleintercontemporain.com\/fr\/un-ensemble-de-solistes\/directeur-musical\/","name":"Directeur musical - Pierre Bleuse - Ensemble intercontemporain","isPartOf":{"@id":"https:\/\/www.ensembleintercontemporain.com\/en\/#website"},"primaryImageOfPage":{"@id":"https:\/\/www.ensembleintercontemporain.com\/fr\/un-ensemble-de-solistes\/directeur-musical\/#primaryimage"},"image":{"@id":"https:\/\/www.ensembleintercontemporain.com\/fr\/un-ensemble-de-solistes\/directeur-musical\/#primaryimage"},"thumbnailUrl":"http:\/\/www.ensembleintercontemporain.com\/content\/uploads\/2025\/03\/sandrine-expilly-eic-pierre-bleuse-68hd.jpg","datePublished":"2020-03-18T14:19:57+00:00","dateModified":"2025-03-11T10:27:11+00:00","breadcrumb":{"@id":"https:\/\/www.ensembleintercontemporain.com\/fr\/un-ensemble-de-solistes\/directeur-musical\/#breadcrumb"},"inLanguage":"fr-FR","potentialAction":[{"@type":"ReadAction","target":["https:\/\/www.ensembleintercontemporain.com\/fr\/un-ensemble-de-solistes\/directeur-musical\/"]}]},{"@type":"ImageObject","inLanguage":"fr-FR","@id":"https:\/\/www.ensembleintercontemporain.com\/fr\/un-ensemble-de-solistes\/directeur-musical\/#primaryimage","url":"http:\/\/www.ensembleintercontemporain.com\/content\/uploads\/2025\/03\/sandrine-expilly-eic-pierre-bleuse-68hd.jpg","contentUrl":"http:\/\/www.ensembleintercontemporain.com\/content\/uploads\/2025\/03\/sandrine-expilly-eic-pierre-bleuse-68hd.jpg"},{"@type":"BreadcrumbList","@id":"https:\/\/www.ensembleintercontemporain.com\/fr\/un-ensemble-de-solistes\/directeur-musical\/#breadcrumb","itemListElement":[{"@type":"ListItem","position":1,"name":"Home","item":"https:\/\/www.ensembleintercontemporain.com\/fr\/"},{"@type":"ListItem","position":2,"name":"Un Ensemble de solistes","item":"https:\/\/www.ensembleintercontemporain.com\/fr\/un-ensemble-de-solistes\/"},{"@type":"ListItem","position":3,"name":"Directeur musical &#8211; Matthias Pintscher"}]},{"@type":"WebSite","@id":"https:\/\/www.ensembleintercontemporain.com\/en\/#website","url":"https:\/\/www.ensembleintercontemporain.com\/en\/","name":"Ensemble intercontemporain","description":"","potentialAction":[{"@type":"SearchAction","target":{"@type":"EntryPoint","urlTemplate":"https:\/\/www.ensembleintercontemporain.com\/en\/?s={search_term_string}"},"query-input":{"@type":"PropertyValueSpecification","valueRequired":true,"valueName":"search_term_string"}}],"inLanguage":"fr-FR"}]}},"_links":{"self":[{"href":"https:\/\/www.ensembleintercontemporain.com\/fr\/wp-json\/wp\/v2\/pages\/18681\/"}],"collection":[{"href":"https:\/\/www.ensembleintercontemporain.com\/fr\/wp-json\/wp\/v2\/pages\/"}],"about":[{"href":"https:\/\/www.ensembleintercontemporain.com\/fr\/wp-json\/wp\/v2\/types\/page\/"}],"author":[{"embeddable":true,"href":"https:\/\/www.ensembleintercontemporain.com\/fr\/wp-json\/wp\/v2\/users\/59\/"}],"replies":[{"embeddable":true,"href":"https:\/\/www.ensembleintercontemporain.com\/fr\/wp-json\/wp\/v2\/comments\/?post=18681"}],"version-history":[{"count":23,"href":"https:\/\/www.ensembleintercontemporain.com\/fr\/wp-json\/wp\/v2\/pages\/18681\/revisions\/"}],"predecessor-version":[{"id":28539,"href":"https:\/\/www.ensembleintercontemporain.com\/fr\/wp-json\/wp\/v2\/pages\/18681\/revisions\/28539\/"}],"up":[{"embeddable":true,"href":"https:\/\/www.ensembleintercontemporain.com\/fr\/wp-json\/wp\/v2\/pages\/11636\/"}],"wp:attachment":[{"href":"https:\/\/www.ensembleintercontemporain.com\/fr\/wp-json\/wp\/v2\/media\/?parent=18681"}],"curies":[{"name":"wp","href":"https:\/\/api.w.org\/{rel}","templated":true}]}}