{"id":18632,"date":"2020-03-06T11:56:24","date_gmt":"2020-03-06T10:56:24","guid":{"rendered":"https:\/\/www.ensembleintercontemporain.com\/?page_id=18632"},"modified":"2025-10-28T12:15:27","modified_gmt":"2025-10-28T11:15:27","slug":"chefs-assistants","status":"publish","type":"page","link":"https:\/\/www.ensembleintercontemporain.com\/fr\/un-ensemble-de-solistes\/chefs-assistants\/","title":{"rendered":"Chef\u00b7fe\u00b7s assistant\u00b7e\u00b7s"},"content":{"rendered":"<p>L\u2019Ensemble intercontemporain a le plaisir d\u2019annoncer la nomination de trois nouveaux chef et cheffes assistants, qui rejoindront l\u2019EIC sous la direction de Pierre Bleuse d\u00e8s janvier 2026, pour deux ans.<\/p>\n<p><span style=\"font-size: 18pt;\"><strong>Liubov Nosova<\/strong><\/span><\/p>\n<p><img loading=\"lazy\" decoding=\"async\" class=\"aligncenter size-full wp-image-29800\" src=\"http:\/\/www.ensembleintercontemporain.com\/content\/uploads\/2025\/10\/liubov-nosova-finale-pauline-ballet-6-scaled.jpg\" alt=\"\" width=\"2560\" height=\"1706\" srcset=\"https:\/\/www.ensembleintercontemporain.com\/content\/uploads\/2025\/10\/liubov-nosova-finale-pauline-ballet-6-scaled.jpg 2560w, https:\/\/www.ensembleintercontemporain.com\/content\/uploads\/2025\/10\/liubov-nosova-finale-pauline-ballet-6-300x200.jpg 300w, https:\/\/www.ensembleintercontemporain.com\/content\/uploads\/2025\/10\/liubov-nosova-finale-pauline-ballet-6-1024x682.jpg 1024w, https:\/\/www.ensembleintercontemporain.com\/content\/uploads\/2025\/10\/liubov-nosova-finale-pauline-ballet-6-768x512.jpg 768w, https:\/\/www.ensembleintercontemporain.com\/content\/uploads\/2025\/10\/liubov-nosova-finale-pauline-ballet-6-1536x1023.jpg 1536w, https:\/\/www.ensembleintercontemporain.com\/content\/uploads\/2025\/10\/liubov-nosova-finale-pauline-ballet-6-2048x1364.jpg 2048w\" sizes=\"auto, (max-width: 2560px) 100vw, 2560px\" \/><\/p>\n<p><span style=\"font-size: 14pt;\">Liubov Nosova est une cheffe d\u2019orchestre russe. Sa carri\u00e8re, en pleine ascension, l\u2019a conduite \u00e0 diriger certains des plus grands orchestres europ\u00e9ens, parmi lesquels l\u2019Orchestre de la Suisse Romande \u00e0 Gen\u00e8ve et le Tonhalle-Orchester de Zurich en Suisse, le Berliner Symphoniker, le Bochumer Symphoniker, la Neubrandenburger Philharmonie, le Brandenburgisches Staatsorchester et le Staatsorchester Frankfurt en Allemagne, l\u2019Orchestre d\u2019Estr\u00e9madure et l\u2019Orchestre de la Ville de Lliria en Espagne, l\u2019Orchestre symphonique d\u2019\u00c9tat de Moscou, ainsi que les orchestres symphoniques du Conservatoire de Saint-P\u00e9tersbourg, de l\u2019Acad\u00e9mie de Saint-P\u00e9tersbourg, la Chapelle acad\u00e9mique d\u2019\u00c9tat de Saint-P\u00e9tersbourg et de la Philharmonie de Togliatti en Russie, ainsi que l\u2019Orchestre national de France et le Paris Mozart Orchestra en France.<\/span><\/p>\n<p><span style=\"font-size: 14pt;\">Au cours des derni\u00e8res saisons, Liubov Nosova a occup\u00e9 le poste de cheffe r\u00e9sidente \u00e0 l\u2019Orchestre symphonique acad\u00e9mique de Rostov, en Russie, avant de rejoindre le Novaya Opera \u00e0 Moscou. En 2026, elle devient cheffe assistante de Pierre Bleuse \u00e0 l\u2019Ensemble intercontemporain \u00e0 la Philharmonie de Paris.<\/span><\/p>\n<p><span style=\"font-size: 14pt;\">Liubov Nosova a commenc\u00e9 son parcours musical \u00e0 l\u2019\u00e2ge de 4 ans, d\u2019abord comme pianiste puis comme organiste, \u00e9tudiant au c\u00e9l\u00e8bre Conservatoire d\u2019\u00c9tat Rimski-Korsakov de Saint-P\u00e9tersbourg, o\u00f9 elle s\u2019est produite pour la premi\u00e8re fois en soliste avec un orchestre symphonique \u00e0 seulement 9 ans. \u00c0 18 ans, elle est invit\u00e9e \u00e0 diriger l\u2019orchestre symphonique du Conservatoire. Elle a ensuite poursuivi ses \u00e9tudes de direction \u00e0 l\u2019Universit\u00e9 des arts de Zurich et \u00e0 l\u2019Universit\u00e9 des arts de Berlin, sous la direction de ma\u00eetres tels que Paavo J\u00e4rvi, Daniele Gatti, Johannes Schlaefli, James Lowe, Vladimir Fedoseev et Rodolfo Fischer.<\/span><\/p>\n<p><span style=\"font-size: 14pt;\">En 2021, Liubov Nosova a \u00e9t\u00e9 invit\u00e9e \u00e0 rejoindre le prestigieux Forum Dirigieren du Conseil allemand de la musique. La m\u00eame ann\u00e9e, elle a remport\u00e9 le Deuxi\u00e8me Prix du Concours international de direction d\u2019orchestre de Lliria (Espagne) et, en 2024, le 2e prix du c\u00e9l\u00e8bre concours international de Cheffes d\u2019Orchestre La Maestra \u00e0 la Philharmonie de Paris. Ces distinctions lui ont valu de nombreuses invitations en tant que cheffe invit\u00e9e. Dans les prochains mois, elle fera ses d\u00e9buts ou reviendra se produire au Landestheater Coburg, \u00e0 la Philharmonie et \u00e0 l\u2019Erzgebirgische Philharmonie en Allemagne, \u00e0 l\u2019Op\u00e9ra national de Montpellier et au Paris Mozart Orchestra, \u00e0 l\u2019Orchestre symphonique acad\u00e9mique de Saint-P\u00e9tersbourg, \u00e0 la Chapelle acad\u00e9mique d\u2019\u00c9tat de Saint-P\u00e9tersbourg, au Novaya Opera Kolobov de Moscou et \u00e0 la Philharmonie acad\u00e9mique d\u2019\u00c9tat de Sverdlovsk d\u2019Ekaterinbourg en Russie, ainsi qu\u2019\u00e0 la Philharmonie du Maroc \u00e0 Casablanca et \u00e0 l\u2019Atlanta Symphony Orchestra aux \u00c9tats-Unis.<\/span><\/p>\n<p><a href=\"https:\/\/liubov-nosova.com\/\"><span style=\"font-size: 14pt;\">liubov-nosova.com<\/span><\/a><\/p>\n<p>&nbsp;<\/p>\n<p><span style=\"font-size: 18pt;\"><strong>Gabriel Durliat<\/strong><\/span><\/p>\n<p><img loading=\"lazy\" decoding=\"async\" class=\"aligncenter size-full wp-image-29804\" src=\"http:\/\/www.ensembleintercontemporain.com\/content\/uploads\/2025\/10\/gabriel-durliat-4-cdominik-falenski-scaled.jpeg\" alt=\"\" width=\"2560\" height=\"1708\" srcset=\"https:\/\/www.ensembleintercontemporain.com\/content\/uploads\/2025\/10\/gabriel-durliat-4-cdominik-falenski-scaled.jpeg 2560w, https:\/\/www.ensembleintercontemporain.com\/content\/uploads\/2025\/10\/gabriel-durliat-4-cdominik-falenski-300x200.jpeg 300w, https:\/\/www.ensembleintercontemporain.com\/content\/uploads\/2025\/10\/gabriel-durliat-4-cdominik-falenski-1024x683.jpeg 1024w, https:\/\/www.ensembleintercontemporain.com\/content\/uploads\/2025\/10\/gabriel-durliat-4-cdominik-falenski-768x512.jpeg 768w, https:\/\/www.ensembleintercontemporain.com\/content\/uploads\/2025\/10\/gabriel-durliat-4-cdominik-falenski-1536x1025.jpeg 1536w, https:\/\/www.ensembleintercontemporain.com\/content\/uploads\/2025\/10\/gabriel-durliat-4-cdominik-falenski-2048x1366.jpeg 2048w\" sizes=\"auto, (max-width: 2560px) 100vw, 2560px\" \/><\/p>\n<p><span style=\"font-size: 14pt;\">Gabriel Durliat trace un sillon singulier dans le paysage musical fran\u00e7ais entre piano, direction d\u2019orchestre et composition. Laur\u00e9at du Concours G\u00e9n\u00e9ral des lyc\u00e9es (1er Prix d\u2019histoire de la musique) en 2017, il entre la m\u00eame ann\u00e9e, \u00e0 l\u2019\u00e2ge de 16 ans, au Conservatoire de Paris o\u00f9 il est l\u2019\u00e9l\u00e8ve d\u2019Hortense Cartier-Bresson, Thierry Escaich, Jean-Fr\u00e9d\u00e9ric Neuburger et Guillaume Connesson. <\/span><\/p>\n<p><span style=\"font-size: 14pt;\">Il y obtient les Prix de piano, d\u2019harmonie, d\u2019accompagnement au piano et d\u2019orchestration \u2013 tous \u00e0 l\u2019unanimit\u00e9 avec les f\u00e9licitations du jury \u2013 ainsi que les Prix de contrepoint et fugue. Il est admis en 2022 au Dipl\u00f4me d\u2019Artiste Interpr\u00e8te tout en se perfectionnant aupr\u00e8s de C\u00e9dric Tiberghien au sein de l\u2019Acad\u00e9mie Jaroussky. Il \u00e9tudie actuellement la direction d\u2019orchestre dans la classe d\u2019Alain Altinoglu. <\/span><\/p>\n<p><span style=\"font-size: 14pt;\">En 2022, Gabriel Durliat est l\u2019un des six musiciens s\u00e9lectionn\u00e9s pour \u00e9tudier \u00e0 la Malko International Academy for Young Conductors de Copenhague organis\u00e9e par le Danish National Symphony Orchestra. Il b\u00e9n\u00e9ficie dans ce cadre des conseils de chefs d\u2019orchestre de premier plan tels que Fabio Luisi, Herbert Blomstedt ou Johannes Schlaefli. En 2023, il est le chef assistant de l\u2019Ensemble intercontemporain pour une production des Espaces Acoustiques de G\u00e9rard Grisey \u00e0 la Philharmonie de Paris, avant de devenir l\u2019un des chefs assistants de l\u2019Ensemble en 2026. <\/span><\/p>\n<p><span style=\"font-size: 14pt;\">Premier laur\u00e9at fran\u00e7ais du concours international Piano Campus, Gabriel Durliat remporte aussi le 2e prix \u00e0 la Hans von Bu\u0308low International Conducting from the Piano Competition de Meiningen (Allemagne), rare concours consacr\u00e9 \u00e0 la direction depuis le piano. <\/span><\/p>\n<p><span style=\"font-size: 14pt;\">Gabriel Durliat se produit r\u00e9guli\u00e8rement avec orchestre, en r\u00e9cital et en musique de chambre et participe \u00e0 de prestigieuses programmations telles que le Festival International de Piano de la Roque d\u2019Anth\u00e9ron, la Folle Journ\u00e9e de Nantes, le Festival Radio France de Montpellier, le Festival d\u2019Auvers-sur-Oise, le Festival de Deauville&#8230; <\/span><\/p>\n<p><span style=\"font-size: 14pt;\">Son premier disque solo, associant la musique de Bach \u00e0 celle de Faur\u00e9, paru en 2024 pour le label Scala Music a \u00e9t\u00e9 chaleureusement accueilli par la critique. Laur\u00e9at de la fondation Banque Populaire, Gabriel Durliat est artiste en r\u00e9sidence \u00e0 la fondation Singer-Polignac.<\/span><\/p>\n<p><a href=\"https:\/\/www.gabrieldurliat.fr\/fr\"><span style=\"font-size: 14pt;\">www.gabrieldurliat.fr<\/span><\/a><\/p>\n<p>&nbsp;<\/p>\n<p><span style=\"font-size: 18pt;\"><b>Polina Lebedieva<\/b><\/span><\/p>\n<p><img loading=\"lazy\" decoding=\"async\" class=\"aligncenter size-full wp-image-29802\" src=\"http:\/\/www.ensembleintercontemporain.com\/content\/uploads\/2025\/10\/polina-lebedieva-2-c-illya-bel-scaled.jpg\" alt=\"\" width=\"2560\" height=\"1440\" srcset=\"https:\/\/www.ensembleintercontemporain.com\/content\/uploads\/2025\/10\/polina-lebedieva-2-c-illya-bel-scaled.jpg 2560w, https:\/\/www.ensembleintercontemporain.com\/content\/uploads\/2025\/10\/polina-lebedieva-2-c-illya-bel-300x169.jpg 300w, https:\/\/www.ensembleintercontemporain.com\/content\/uploads\/2025\/10\/polina-lebedieva-2-c-illya-bel-1024x576.jpg 1024w, https:\/\/www.ensembleintercontemporain.com\/content\/uploads\/2025\/10\/polina-lebedieva-2-c-illya-bel-768x432.jpg 768w, https:\/\/www.ensembleintercontemporain.com\/content\/uploads\/2025\/10\/polina-lebedieva-2-c-illya-bel-1536x864.jpg 1536w, https:\/\/www.ensembleintercontemporain.com\/content\/uploads\/2025\/10\/polina-lebedieva-2-c-illya-bel-2048x1152.jpg 2048w\" sizes=\"auto, (max-width: 2560px) 100vw, 2560px\" \/><\/p>\n<p><span style=\"font-size: 14pt;\">La jeune cheffe d\u2019orchestre ukrainienne Polina Lebedieva a rapidement acquis une reconnaissance internationale. En 2022, elle a ouvert le Bachfest Leipzig avec le Youth Symphony Orchestra of Ukraine et a particip\u00e9 \u00e0 un enregistrement de la BBC pour l\u2019UNICEF. La m\u00eame ann\u00e9e, elle a \u00e9t\u00e9 s\u00e9lectionn\u00e9e parmi cinq cheffes et chefs d\u2019orchestre pour rejoindre la Riccardo Muti Italian Opera Academy, o\u00f9 elle a dirig\u00e9 la Messa da Requiem de Verdi avec l\u2019Orchestra Giovanile Luigi Cherubini au Teatro Alighieri de Ravenne. <\/span><\/p>\n<p><span style=\"font-size: 14pt;\">En 2023, Polina a \u00e9t\u00e9 demi-finaliste (Top 5) du prestigieux Concours Mahler \u00e0 Bamberg et a \u00e9t\u00e9 nomm\u00e9e Britten Pears Young Artist pour la saison 2023\u20132024. Elle a \u00e9galement particip\u00e9 au programme The Conductor as Dramaturg, organis\u00e9 par le Royal Opera House et le Britten Pears Young Artist Program \u00e0 Snape Maltings. L\u2019ann\u00e9e suivante, elle a atteint les demi-finales du Concours international de direction d\u2019orchestre de Rotterdam.<\/span><\/p>\n<p><span style=\"font-size: 14pt;\"> Depuis 2023, Polina Lebedieva est Askonas Holt Conducting Fellow. Elle a \u00e9galement \u00e9t\u00e9 finaliste du Prix Fabuleuse Signature, une distinction qui c\u00e9l\u00e8bre les femmes artistes d\u2019origine \u00e9trang\u00e8re en France. Parmi ses r\u00e9centes prestations, on compte sa participation au festival Les \u00c9toiles du Classique \u00e0 Saint-Germain-en-Laye et son travail en tant que cheffe assistante pour Madame Butterfly lors du Covent Garden Opera Festival \u00e0 Londres. En 2024, elle a fait ses d\u00e9buts avec le Lviv National Philharmonic Symphony Orchestra et a \u00e9t\u00e9 imm\u00e9diatement r\u00e9invit\u00e9e pour la saison suivante. En ao\u00fbt 2025, elle a pris part \u00e0 la prestigieuse Gstaad Conducting Academy en Suisse, dans le cadre du Gstaad Menuhin Festival, et a dirig\u00e9 le concert d\u2019ouverture de saison de l\u2019Orchestre du Pays Basque. En 2026, elle devient cheffe assistante de Pierre Bleuse \u00e0 l\u2019Ensemble intercontemporain \u00e0 la Philharmonie de Paris. <\/span><\/p>\n<p><span style=\"font-size: 14pt;\">En tant que cheffe assistante, Polina a collabor\u00e9 avec des chefs renomm\u00e9s tels qu\u2019Oksana Lyniv, Benjamin Levy, Jean-Jacques Kantorow et Duncan Ward. Elle a \u00e9galement travaill\u00e9 avec de nombreux ensembles \u00e0 travers l\u2019Europe, notamment le Lviv National Philharmonic Orchestra, le Kurpf\u00e4lzisches Kammerorchester, le Youth Symphony Orchestra of Ukraine, l\u2019Orchestra Giovanile Luigi Cherubini, l\u2019Orchestre R\u00e9gional de Normandie, le London City Philharmonic, l\u2019Ensemble Zar, le Chamber Orchestra Ars Nova et le Queens Orchestra, entre autres. <\/span><\/p>\n<p><span style=\"font-size: 14pt;\">Elle poursuit actuellement ses \u00e9tudes de direction d\u2019orchestre au Conservatoire National Sup\u00e9rieur de Musique et de Danse de Paris, sous la direction d\u2019Alain Altinoglu. Elle est dipl\u00f4m\u00e9e de l\u2019Acad\u00e9mie nationale de musique d\u2019Ukraine en direction d\u2019orchestre.<\/span><\/p>\n<p><a href=\"https:\/\/www.polinalebedieva.com\/\"><span style=\"font-size: 14pt;\">www.polinalebedieva.com<\/span><\/a><\/p>\n<p>&nbsp;<\/p>\n<p>Photos (de haut en bas) : \u00a9 Pauline Ballet \/ Dominik Falenski \/ Illya Bel<\/p>\n","protected":false},"excerpt":{"rendered":"<p>L\u2019Ensemble intercontemporain a le plaisir d\u2019annoncer la nomination de trois nouveaux chef et cheffes assistants, qui rejoindront l\u2019EIC sous la direction de Pierre Bleuse d\u00e8s janvier 2026, pour deux ans. Liubov Nosova Liubov Nosova est une cheffe d\u2019orchestre russe. Sa carri\u00e8re, en pleine ascension, l\u2019a conduite \u00e0 diriger certains des plus grands orchestres europ\u00e9ens, parmi [&hellip;]<\/p>\n","protected":false},"author":59,"featured_media":0,"parent":11636,"menu_order":2,"comment_status":"closed","ping_status":"closed","template":"","meta":{"_acf_changed":false,"footnotes":""},"class_list":["post-18632","page","type-page","status-publish","hentry"],"acf":[],"yoast_head":"<!-- This site is optimized with the Yoast SEO plugin v27.6 - https:\/\/yoast.com\/product\/yoast-seo-wordpress\/ -->\n<title>Chef\u00b7fe\u00b7s assistant\u00b7e\u00b7s - Ensemble intercontemporain<\/title>\n<meta name=\"robots\" content=\"index, follow, max-snippet:-1, max-image-preview:large, max-video-preview:-1\" \/>\n<link rel=\"canonical\" href=\"https:\/\/www.ensembleintercontemporain.com\/fr\/un-ensemble-de-solistes\/chefs-assistants\/\" \/>\n<meta property=\"og:locale\" content=\"fr_FR\" \/>\n<meta property=\"og:type\" content=\"article\" \/>\n<meta property=\"og:title\" content=\"Chef\u00b7fe\u00b7s assistant\u00b7e\u00b7s - Ensemble intercontemporain\" \/>\n<meta property=\"og:description\" content=\"L\u2019Ensemble intercontemporain a le plaisir d\u2019annoncer la nomination de trois nouveaux chef et cheffes assistants, qui rejoindront l\u2019EIC sous la direction de Pierre Bleuse d\u00e8s janvier 2026, pour deux ans. Liubov Nosova Liubov Nosova est une cheffe d\u2019orchestre russe. Sa carri\u00e8re, en pleine ascension, l\u2019a conduite \u00e0 diriger certains des plus grands orchestres europ\u00e9ens, parmi [&hellip;]\" \/>\n<meta property=\"og:url\" content=\"https:\/\/www.ensembleintercontemporain.com\/fr\/un-ensemble-de-solistes\/chefs-assistants\/\" \/>\n<meta property=\"og:site_name\" content=\"Ensemble intercontemporain\" \/>\n<meta property=\"article:modified_time\" content=\"2025-10-28T11:15:27+00:00\" \/>\n<meta property=\"og:image\" content=\"https:\/\/www.ensembleintercontemporain.com\/content\/uploads\/2025\/10\/liubov-nosova-finale-pauline-ballet-6-scaled.jpg\" \/>\n\t<meta property=\"og:image:width\" content=\"2560\" \/>\n\t<meta property=\"og:image:height\" content=\"1706\" \/>\n\t<meta property=\"og:image:type\" content=\"image\/jpeg\" \/>\n<meta name=\"twitter:card\" content=\"summary_large_image\" \/>\n<meta name=\"twitter:label1\" content=\"Dur\u00e9e de lecture estim\u00e9e\" \/>\n\t<meta name=\"twitter:data1\" content=\"7 minutes\" \/>\n<script type=\"application\/ld+json\" class=\"yoast-schema-graph\">{\"@context\":\"https:\\\/\\\/schema.org\",\"@graph\":[{\"@type\":\"WebPage\",\"@id\":\"https:\\\/\\\/www.ensembleintercontemporain.com\\\/fr\\\/un-ensemble-de-solistes\\\/chefs-assistants\\\/\",\"url\":\"https:\\\/\\\/www.ensembleintercontemporain.com\\\/fr\\\/un-ensemble-de-solistes\\\/chefs-assistants\\\/\",\"name\":\"Chef\u00b7fe\u00b7s assistant\u00b7e\u00b7s - Ensemble intercontemporain\",\"isPartOf\":{\"@id\":\"https:\\\/\\\/www.ensembleintercontemporain.com\\\/en\\\/#website\"},\"primaryImageOfPage\":{\"@id\":\"https:\\\/\\\/www.ensembleintercontemporain.com\\\/fr\\\/un-ensemble-de-solistes\\\/chefs-assistants\\\/#primaryimage\"},\"image\":{\"@id\":\"https:\\\/\\\/www.ensembleintercontemporain.com\\\/fr\\\/un-ensemble-de-solistes\\\/chefs-assistants\\\/#primaryimage\"},\"thumbnailUrl\":\"http:\\\/\\\/www.ensembleintercontemporain.com\\\/content\\\/uploads\\\/2025\\\/10\\\/liubov-nosova-finale-pauline-ballet-6-scaled.jpg\",\"datePublished\":\"2020-03-06T10:56:24+00:00\",\"dateModified\":\"2025-10-28T11:15:27+00:00\",\"breadcrumb\":{\"@id\":\"https:\\\/\\\/www.ensembleintercontemporain.com\\\/fr\\\/un-ensemble-de-solistes\\\/chefs-assistants\\\/#breadcrumb\"},\"inLanguage\":\"fr-FR\",\"potentialAction\":[{\"@type\":\"ReadAction\",\"target\":[\"https:\\\/\\\/www.ensembleintercontemporain.com\\\/fr\\\/un-ensemble-de-solistes\\\/chefs-assistants\\\/\"]}]},{\"@type\":\"ImageObject\",\"inLanguage\":\"fr-FR\",\"@id\":\"https:\\\/\\\/www.ensembleintercontemporain.com\\\/fr\\\/un-ensemble-de-solistes\\\/chefs-assistants\\\/#primaryimage\",\"url\":\"http:\\\/\\\/www.ensembleintercontemporain.com\\\/content\\\/uploads\\\/2025\\\/10\\\/liubov-nosova-finale-pauline-ballet-6-scaled.jpg\",\"contentUrl\":\"http:\\\/\\\/www.ensembleintercontemporain.com\\\/content\\\/uploads\\\/2025\\\/10\\\/liubov-nosova-finale-pauline-ballet-6-scaled.jpg\"},{\"@type\":\"BreadcrumbList\",\"@id\":\"https:\\\/\\\/www.ensembleintercontemporain.com\\\/fr\\\/un-ensemble-de-solistes\\\/chefs-assistants\\\/#breadcrumb\",\"itemListElement\":[{\"@type\":\"ListItem\",\"position\":1,\"name\":\"Home\",\"item\":\"https:\\\/\\\/www.ensembleintercontemporain.com\\\/fr\\\/\"},{\"@type\":\"ListItem\",\"position\":2,\"name\":\"Un Ensemble de solistes\",\"item\":\"https:\\\/\\\/www.ensembleintercontemporain.com\\\/fr\\\/un-ensemble-de-solistes\\\/\"},{\"@type\":\"ListItem\",\"position\":3,\"name\":\"Chefs assistants\"}]},{\"@type\":\"WebSite\",\"@id\":\"https:\\\/\\\/www.ensembleintercontemporain.com\\\/en\\\/#website\",\"url\":\"https:\\\/\\\/www.ensembleintercontemporain.com\\\/en\\\/\",\"name\":\"Ensemble intercontemporain\",\"description\":\"\",\"potentialAction\":[{\"@type\":\"SearchAction\",\"target\":{\"@type\":\"EntryPoint\",\"urlTemplate\":\"https:\\\/\\\/www.ensembleintercontemporain.com\\\/en\\\/?s={search_term_string}\"},\"query-input\":{\"@type\":\"PropertyValueSpecification\",\"valueRequired\":true,\"valueName\":\"search_term_string\"}}],\"inLanguage\":\"fr-FR\"}]}<\/script>\n<!-- \/ Yoast SEO plugin. -->","yoast_head_json":{"title":"Chef\u00b7fe\u00b7s assistant\u00b7e\u00b7s - Ensemble intercontemporain","robots":{"index":"index","follow":"follow","max-snippet":"max-snippet:-1","max-image-preview":"max-image-preview:large","max-video-preview":"max-video-preview:-1"},"canonical":"https:\/\/www.ensembleintercontemporain.com\/fr\/un-ensemble-de-solistes\/chefs-assistants\/","og_locale":"fr_FR","og_type":"article","og_title":"Chef\u00b7fe\u00b7s assistant\u00b7e\u00b7s - Ensemble intercontemporain","og_description":"L\u2019Ensemble intercontemporain a le plaisir d\u2019annoncer la nomination de trois nouveaux chef et cheffes assistants, qui rejoindront l\u2019EIC sous la direction de Pierre Bleuse d\u00e8s janvier 2026, pour deux ans. Liubov Nosova Liubov Nosova est une cheffe d\u2019orchestre russe. Sa carri\u00e8re, en pleine ascension, l\u2019a conduite \u00e0 diriger certains des plus grands orchestres europ\u00e9ens, parmi [&hellip;]","og_url":"https:\/\/www.ensembleintercontemporain.com\/fr\/un-ensemble-de-solistes\/chefs-assistants\/","og_site_name":"Ensemble intercontemporain","article_modified_time":"2025-10-28T11:15:27+00:00","og_image":[{"width":2560,"height":1706,"url":"https:\/\/www.ensembleintercontemporain.com\/content\/uploads\/2025\/10\/liubov-nosova-finale-pauline-ballet-6-scaled.jpg","type":"image\/jpeg"}],"twitter_card":"summary_large_image","twitter_misc":{"Dur\u00e9e de lecture estim\u00e9e":"7 minutes"},"schema":{"@context":"https:\/\/schema.org","@graph":[{"@type":"WebPage","@id":"https:\/\/www.ensembleintercontemporain.com\/fr\/un-ensemble-de-solistes\/chefs-assistants\/","url":"https:\/\/www.ensembleintercontemporain.com\/fr\/un-ensemble-de-solistes\/chefs-assistants\/","name":"Chef\u00b7fe\u00b7s assistant\u00b7e\u00b7s - Ensemble intercontemporain","isPartOf":{"@id":"https:\/\/www.ensembleintercontemporain.com\/en\/#website"},"primaryImageOfPage":{"@id":"https:\/\/www.ensembleintercontemporain.com\/fr\/un-ensemble-de-solistes\/chefs-assistants\/#primaryimage"},"image":{"@id":"https:\/\/www.ensembleintercontemporain.com\/fr\/un-ensemble-de-solistes\/chefs-assistants\/#primaryimage"},"thumbnailUrl":"http:\/\/www.ensembleintercontemporain.com\/content\/uploads\/2025\/10\/liubov-nosova-finale-pauline-ballet-6-scaled.jpg","datePublished":"2020-03-06T10:56:24+00:00","dateModified":"2025-10-28T11:15:27+00:00","breadcrumb":{"@id":"https:\/\/www.ensembleintercontemporain.com\/fr\/un-ensemble-de-solistes\/chefs-assistants\/#breadcrumb"},"inLanguage":"fr-FR","potentialAction":[{"@type":"ReadAction","target":["https:\/\/www.ensembleintercontemporain.com\/fr\/un-ensemble-de-solistes\/chefs-assistants\/"]}]},{"@type":"ImageObject","inLanguage":"fr-FR","@id":"https:\/\/www.ensembleintercontemporain.com\/fr\/un-ensemble-de-solistes\/chefs-assistants\/#primaryimage","url":"http:\/\/www.ensembleintercontemporain.com\/content\/uploads\/2025\/10\/liubov-nosova-finale-pauline-ballet-6-scaled.jpg","contentUrl":"http:\/\/www.ensembleintercontemporain.com\/content\/uploads\/2025\/10\/liubov-nosova-finale-pauline-ballet-6-scaled.jpg"},{"@type":"BreadcrumbList","@id":"https:\/\/www.ensembleintercontemporain.com\/fr\/un-ensemble-de-solistes\/chefs-assistants\/#breadcrumb","itemListElement":[{"@type":"ListItem","position":1,"name":"Home","item":"https:\/\/www.ensembleintercontemporain.com\/fr\/"},{"@type":"ListItem","position":2,"name":"Un Ensemble de solistes","item":"https:\/\/www.ensembleintercontemporain.com\/fr\/un-ensemble-de-solistes\/"},{"@type":"ListItem","position":3,"name":"Chefs assistants"}]},{"@type":"WebSite","@id":"https:\/\/www.ensembleintercontemporain.com\/en\/#website","url":"https:\/\/www.ensembleintercontemporain.com\/en\/","name":"Ensemble intercontemporain","description":"","potentialAction":[{"@type":"SearchAction","target":{"@type":"EntryPoint","urlTemplate":"https:\/\/www.ensembleintercontemporain.com\/en\/?s={search_term_string}"},"query-input":{"@type":"PropertyValueSpecification","valueRequired":true,"valueName":"search_term_string"}}],"inLanguage":"fr-FR"}]}},"_links":{"self":[{"href":"https:\/\/www.ensembleintercontemporain.com\/fr\/wp-json\/wp\/v2\/pages\/18632\/"}],"collection":[{"href":"https:\/\/www.ensembleintercontemporain.com\/fr\/wp-json\/wp\/v2\/pages\/"}],"about":[{"href":"https:\/\/www.ensembleintercontemporain.com\/fr\/wp-json\/wp\/v2\/types\/page\/"}],"author":[{"embeddable":true,"href":"https:\/\/www.ensembleintercontemporain.com\/fr\/wp-json\/wp\/v2\/users\/59\/"}],"replies":[{"embeddable":true,"href":"https:\/\/www.ensembleintercontemporain.com\/fr\/wp-json\/wp\/v2\/comments\/?post=18632"}],"version-history":[{"count":44,"href":"https:\/\/www.ensembleintercontemporain.com\/fr\/wp-json\/wp\/v2\/pages\/18632\/revisions\/"}],"predecessor-version":[{"id":29813,"href":"https:\/\/www.ensembleintercontemporain.com\/fr\/wp-json\/wp\/v2\/pages\/18632\/revisions\/29813\/"}],"up":[{"embeddable":true,"href":"https:\/\/www.ensembleintercontemporain.com\/fr\/wp-json\/wp\/v2\/pages\/11636\/"}],"wp:attachment":[{"href":"https:\/\/www.ensembleintercontemporain.com\/fr\/wp-json\/wp\/v2\/media\/?parent=18632"}],"curies":[{"name":"wp","href":"https:\/\/api.w.org\/{rel}","templated":true}]}}