{"id":16146,"date":"2019-03-11T11:08:42","date_gmt":"2019-03-11T10:08:42","guid":{"rendered":"https:\/\/www.ensembleintercontemporain.com\/?page_id=16146"},"modified":"2026-03-30T14:13:46","modified_gmt":"2026-03-30T12:13:46","slug":"recrutement","status":"publish","type":"page","link":"https:\/\/www.ensembleintercontemporain.com\/fr\/un-ensemble-de-solistes\/recrutement\/","title":{"rendered":"Recrutement"},"content":{"rendered":"<p><strong><span style=\"font-size: 14pt;\"><span style=\"color: #003366;\">L\u2019Ensemble intercontemporain<br \/>\n<\/span><\/span><\/strong><strong><span style=\"color: #003366; font-size: large;\">Direction <span style=\"caret-color: #003366;\">musicale Pierre Bleuse<br \/>\n<\/span><\/span><\/strong><\/p>\n<p><strong>recrute un\u00b7e corniste<\/strong><br \/>\n<span style=\"font-size: 14pt;\">\u00a0<\/span><br \/>\n<span style=\"font-size: 14pt;\">&#8211; Dates du concours : 29 et 30 juin 2026<\/span><br \/>\n<span style=\"font-size: 14pt;\">&#8211; Lieu : Cit\u00e9 de la musique \u2013 Philharmonie de Paris<\/span><br \/>\n<span style=\"font-size: 14pt;\">&#8211; Cl\u00f4ture des inscriptions : 10 juin 2026 (inclus)<\/span><br \/>\n<span style=\"font-size: 14pt;\">\u00a0<\/span><br \/>\n<span style=\"font-size: 14pt;\">Le concours est ouvert aux candidat\u00b7es de toutes nationalit\u00e9s, sans limite d\u2019\u00e2ge.<br \/>\n<\/span><br \/>\n<span style=\"font-size: 14pt;\">Poste de soliste permanent de 390 heures par semestre (contrat \u00e0 dur\u00e9e ind\u00e9termin\u00e9e avec p\u00e9riode d\u2019essai de six mois renouvelable une fois)<\/span><\/p>\n<p><span style=\"font-size: 14pt;\">Date de prise de fonction\u00a0: d\u00e9but novembre 2026 au plus tard<\/span><strong><br \/>\n<\/strong><br \/>\n<span style=\"color: #003366;\"><strong>T\u00e9l\u00e9charger le programme du concours :\u00a0<\/strong><\/span><br \/>\n<a href=\"http:\/\/www.ensembleintercontemporain.com\/content\/uploads\/2026\/03\/Programme-concours-cor-2026-fr.pdf\" target=\"_blank\" rel=\"noopener\">Programme concours cor 2026 fr<\/a><\/p>\n<p><strong><span style=\"color: #003366;\">Dossier er r\u00e8glement du concours :<\/span><br \/>\n<\/strong><a href=\"http:\/\/www.ensembleintercontemporain.com\/content\/uploads\/2026\/03\/Dossier-et-reglement-concours-cor-2026-fr.pdf\" target=\"_blank\" rel=\"noopener\">Dossier et r\u00e8glement concours cor 2026 fr<\/a><\/p>\n<p><strong><span style=\"color: #003366;\">Formulaire d&rsquo;inscription au concours :<\/span><br \/>\n<\/strong><a href=\"http:\/\/www.ensembleintercontemporain.com\/content\/uploads\/2026\/03\/Formulaire-inscription-concours-cor-2026-fr.pdf\" target=\"_blank\" rel=\"noopener\">Formulaire inscription concours cor 2026 fr<\/a><\/p>\n<p><span style=\"font-size: 14pt;\">Renseignements : concours@ensembleinter.com<\/span><\/p>\n<p style=\"font-weight: 400;\">\n","protected":false},"excerpt":{"rendered":"<p>L\u2019Ensemble intercontemporain Direction musicale Pierre Bleuse recrute un\u00b7e corniste \u00a0 &#8211; Dates du concours : 29 et 30 juin 2026 &#8211; Lieu : Cit\u00e9 de la musique \u2013 Philharmonie de Paris &#8211; Cl\u00f4ture des inscriptions : 10 juin 2026 (inclus) \u00a0 Le concours est ouvert aux candidat\u00b7es de toutes nationalit\u00e9s, sans limite d\u2019\u00e2ge. Poste de [&hellip;]<\/p>\n","protected":false},"author":59,"featured_media":0,"parent":11636,"menu_order":8,"comment_status":"closed","ping_status":"closed","template":"","meta":{"_acf_changed":false,"footnotes":""},"class_list":["post-16146","page","type-page","status-publish","hentry"],"acf":[],"yoast_head":"<!-- This site is optimized with the Yoast SEO plugin v27.5 - https:\/\/yoast.com\/product\/yoast-seo-wordpress\/ -->\n<title>Recrutement - Ensemble intercontemporain<\/title>\n<meta name=\"robots\" content=\"index, follow, max-snippet:-1, max-image-preview:large, max-video-preview:-1\" \/>\n<link rel=\"canonical\" href=\"https:\/\/www.ensembleintercontemporain.com\/fr\/un-ensemble-de-solistes\/recrutement\/\" \/>\n<meta property=\"og:locale\" content=\"fr_FR\" \/>\n<meta property=\"og:type\" content=\"article\" \/>\n<meta property=\"og:title\" content=\"Recrutement - Ensemble intercontemporain\" \/>\n<meta property=\"og:description\" content=\"L\u2019Ensemble intercontemporain Direction musicale Pierre Bleuse recrute un\u00b7e corniste \u00a0 &#8211; Dates du concours : 29 et 30 juin 2026 &#8211; Lieu : Cit\u00e9 de la musique \u2013 Philharmonie de Paris &#8211; Cl\u00f4ture des inscriptions : 10 juin 2026 (inclus) \u00a0 Le concours est ouvert aux candidat\u00b7es de toutes nationalit\u00e9s, sans limite d\u2019\u00e2ge. Poste de [&hellip;]\" \/>\n<meta property=\"og:url\" content=\"https:\/\/www.ensembleintercontemporain.com\/fr\/un-ensemble-de-solistes\/recrutement\/\" \/>\n<meta property=\"og:site_name\" content=\"Ensemble intercontemporain\" \/>\n<meta property=\"article:modified_time\" content=\"2026-03-30T12:13:46+00:00\" \/>\n<meta name=\"twitter:card\" content=\"summary_large_image\" \/>\n<meta name=\"twitter:label1\" content=\"Dur\u00e9e de lecture estim\u00e9e\" \/>\n\t<meta name=\"twitter:data1\" content=\"4 minutes\" \/>\n<script type=\"application\/ld+json\" class=\"yoast-schema-graph\">{\"@context\":\"https:\\\/\\\/schema.org\",\"@graph\":[{\"@type\":\"WebPage\",\"@id\":\"https:\\\/\\\/www.ensembleintercontemporain.com\\\/fr\\\/un-ensemble-de-solistes\\\/recrutement\\\/\",\"url\":\"https:\\\/\\\/www.ensembleintercontemporain.com\\\/fr\\\/un-ensemble-de-solistes\\\/recrutement\\\/\",\"name\":\"Recrutement - Ensemble intercontemporain\",\"isPartOf\":{\"@id\":\"https:\\\/\\\/www.ensembleintercontemporain.com\\\/en\\\/#website\"},\"datePublished\":\"2019-03-11T10:08:42+00:00\",\"dateModified\":\"2026-03-30T12:13:46+00:00\",\"breadcrumb\":{\"@id\":\"https:\\\/\\\/www.ensembleintercontemporain.com\\\/fr\\\/un-ensemble-de-solistes\\\/recrutement\\\/#breadcrumb\"},\"inLanguage\":\"fr-FR\",\"potentialAction\":[{\"@type\":\"ReadAction\",\"target\":[\"https:\\\/\\\/www.ensembleintercontemporain.com\\\/fr\\\/un-ensemble-de-solistes\\\/recrutement\\\/\"]}]},{\"@type\":\"BreadcrumbList\",\"@id\":\"https:\\\/\\\/www.ensembleintercontemporain.com\\\/fr\\\/un-ensemble-de-solistes\\\/recrutement\\\/#breadcrumb\",\"itemListElement\":[{\"@type\":\"ListItem\",\"position\":1,\"name\":\"Home\",\"item\":\"https:\\\/\\\/www.ensembleintercontemporain.com\\\/fr\\\/\"},{\"@type\":\"ListItem\",\"position\":2,\"name\":\"Un Ensemble de solistes\",\"item\":\"https:\\\/\\\/www.ensembleintercontemporain.com\\\/fr\\\/un-ensemble-de-solistes\\\/\"},{\"@type\":\"ListItem\",\"position\":3,\"name\":\"Recrutement\"}]},{\"@type\":\"WebSite\",\"@id\":\"https:\\\/\\\/www.ensembleintercontemporain.com\\\/en\\\/#website\",\"url\":\"https:\\\/\\\/www.ensembleintercontemporain.com\\\/en\\\/\",\"name\":\"Ensemble intercontemporain\",\"description\":\"\",\"potentialAction\":[{\"@type\":\"SearchAction\",\"target\":{\"@type\":\"EntryPoint\",\"urlTemplate\":\"https:\\\/\\\/www.ensembleintercontemporain.com\\\/en\\\/?s={search_term_string}\"},\"query-input\":{\"@type\":\"PropertyValueSpecification\",\"valueRequired\":true,\"valueName\":\"search_term_string\"}}],\"inLanguage\":\"fr-FR\"}]}<\/script>\n<!-- \/ Yoast SEO plugin. -->","yoast_head_json":{"title":"Recrutement - Ensemble intercontemporain","robots":{"index":"index","follow":"follow","max-snippet":"max-snippet:-1","max-image-preview":"max-image-preview:large","max-video-preview":"max-video-preview:-1"},"canonical":"https:\/\/www.ensembleintercontemporain.com\/fr\/un-ensemble-de-solistes\/recrutement\/","og_locale":"fr_FR","og_type":"article","og_title":"Recrutement - Ensemble intercontemporain","og_description":"L\u2019Ensemble intercontemporain Direction musicale Pierre Bleuse recrute un\u00b7e corniste \u00a0 &#8211; Dates du concours : 29 et 30 juin 2026 &#8211; Lieu : Cit\u00e9 de la musique \u2013 Philharmonie de Paris &#8211; Cl\u00f4ture des inscriptions : 10 juin 2026 (inclus) \u00a0 Le concours est ouvert aux candidat\u00b7es de toutes nationalit\u00e9s, sans limite d\u2019\u00e2ge. Poste de [&hellip;]","og_url":"https:\/\/www.ensembleintercontemporain.com\/fr\/un-ensemble-de-solistes\/recrutement\/","og_site_name":"Ensemble intercontemporain","article_modified_time":"2026-03-30T12:13:46+00:00","twitter_card":"summary_large_image","twitter_misc":{"Dur\u00e9e de lecture estim\u00e9e":"4 minutes"},"schema":{"@context":"https:\/\/schema.org","@graph":[{"@type":"WebPage","@id":"https:\/\/www.ensembleintercontemporain.com\/fr\/un-ensemble-de-solistes\/recrutement\/","url":"https:\/\/www.ensembleintercontemporain.com\/fr\/un-ensemble-de-solistes\/recrutement\/","name":"Recrutement - Ensemble intercontemporain","isPartOf":{"@id":"https:\/\/www.ensembleintercontemporain.com\/en\/#website"},"datePublished":"2019-03-11T10:08:42+00:00","dateModified":"2026-03-30T12:13:46+00:00","breadcrumb":{"@id":"https:\/\/www.ensembleintercontemporain.com\/fr\/un-ensemble-de-solistes\/recrutement\/#breadcrumb"},"inLanguage":"fr-FR","potentialAction":[{"@type":"ReadAction","target":["https:\/\/www.ensembleintercontemporain.com\/fr\/un-ensemble-de-solistes\/recrutement\/"]}]},{"@type":"BreadcrumbList","@id":"https:\/\/www.ensembleintercontemporain.com\/fr\/un-ensemble-de-solistes\/recrutement\/#breadcrumb","itemListElement":[{"@type":"ListItem","position":1,"name":"Home","item":"https:\/\/www.ensembleintercontemporain.com\/fr\/"},{"@type":"ListItem","position":2,"name":"Un Ensemble de solistes","item":"https:\/\/www.ensembleintercontemporain.com\/fr\/un-ensemble-de-solistes\/"},{"@type":"ListItem","position":3,"name":"Recrutement"}]},{"@type":"WebSite","@id":"https:\/\/www.ensembleintercontemporain.com\/en\/#website","url":"https:\/\/www.ensembleintercontemporain.com\/en\/","name":"Ensemble intercontemporain","description":"","potentialAction":[{"@type":"SearchAction","target":{"@type":"EntryPoint","urlTemplate":"https:\/\/www.ensembleintercontemporain.com\/en\/?s={search_term_string}"},"query-input":{"@type":"PropertyValueSpecification","valueRequired":true,"valueName":"search_term_string"}}],"inLanguage":"fr-FR"}]}},"_links":{"self":[{"href":"https:\/\/www.ensembleintercontemporain.com\/fr\/wp-json\/wp\/v2\/pages\/16146\/"}],"collection":[{"href":"https:\/\/www.ensembleintercontemporain.com\/fr\/wp-json\/wp\/v2\/pages\/"}],"about":[{"href":"https:\/\/www.ensembleintercontemporain.com\/fr\/wp-json\/wp\/v2\/types\/page\/"}],"author":[{"embeddable":true,"href":"https:\/\/www.ensembleintercontemporain.com\/fr\/wp-json\/wp\/v2\/users\/59\/"}],"replies":[{"embeddable":true,"href":"https:\/\/www.ensembleintercontemporain.com\/fr\/wp-json\/wp\/v2\/comments\/?post=16146"}],"version-history":[{"count":168,"href":"https:\/\/www.ensembleintercontemporain.com\/fr\/wp-json\/wp\/v2\/pages\/16146\/revisions\/"}],"predecessor-version":[{"id":21712,"href":"https:\/\/www.ensembleintercontemporain.com\/fr\/wp-json\/wp\/v2\/pages\/16146\/revisions\/21712\/"}],"up":[{"embeddable":true,"href":"https:\/\/www.ensembleintercontemporain.com\/fr\/wp-json\/wp\/v2\/pages\/11636\/"}],"wp:attachment":[{"href":"https:\/\/www.ensembleintercontemporain.com\/fr\/wp-json\/wp\/v2\/media\/?parent=16146"}],"curies":[{"name":"wp","href":"https:\/\/api.w.org\/{rel}","templated":true}]}}