{"id":15097,"date":"2019-01-29T18:59:40","date_gmt":"2019-01-29T17:59:40","guid":{"rendered":"http:\/\/www.ensembleinter.com\/?page_id=15097"},"modified":"2025-05-26T16:03:14","modified_gmt":"2025-05-26T14:03:14","slug":"le-conseil-de-l-ensemble","status":"publish","type":"page","link":"https:\/\/www.ensembleintercontemporain.com\/fr\/un-ensemble-de-solistes\/le-conseil-de-l-ensemble\/","title":{"rendered":"Le conseil de l&rsquo;Ensemble"},"content":{"rendered":"<p><strong>Membres de droits <\/strong><br \/>\n&#8211; Ministre de la Culture : Rachida Dati repr\u00e9sent\u00e9e par Christopher Miles, directeur g\u00e9n\u00e9ral de la cr\u00e9ation artistique.<br \/>\n&#8211; Maire de Paris : Anne Hidalgo repr\u00e9sent\u00e9e par Arnaud Ngatcha, Adjoint \u00e0 la Maire charg\u00e9 des relations internationales et de la francophonie.<br \/>\n&#8211; Directeur g\u00e9n\u00e9ral d\u00e9l\u00e9gu\u00e9 de l&rsquo;Institut fran\u00e7ais : Hugues Ghenassia de Ferran repr\u00e9sent\u00e9 par Mathilde Bezard, cheffe de projet Musique classique et contemporaine<br \/>\n&#8211; Directeur de l&rsquo;Office National de Diffusion Artistique<br \/>\n&#8211; Inspecteur de la cr\u00e9ation et des ensembles fran\u00e7ais artistiques, d\u00e9sign\u00e9 par le Minist\u00e8re de la Culture<\/p>\n<p><strong>Bureau <\/strong><br \/>\n&#8211; Pr\u00e9sidente : Emma Lavigne<br \/>\n&#8211; Secr\u00e9taire : Catherine Boissi\u00e8re<br \/>\n&#8211; Tr\u00e9sorier : Vincent Meyer<\/p>\n<p><strong>Personnalit\u00e9s qualifi\u00e9es<\/strong><br \/>\n&#8211; Clara Olivares<br \/>\n&#8211; Olivier Aldeano<br \/>\n&#8211; Brigitte Lef\u00e8vre<br \/>\n&#8211; Bruno Patino<\/p>\n","protected":false},"excerpt":{"rendered":"<p>Membres de droits &#8211; Ministre de la Culture : Rachida Dati repr\u00e9sent\u00e9e par Christopher Miles, directeur g\u00e9n\u00e9ral de la cr\u00e9ation artistique. &#8211; Maire de Paris : Anne Hidalgo repr\u00e9sent\u00e9e par Arnaud Ngatcha, Adjoint \u00e0 la Maire charg\u00e9 des relations internationales et de la francophonie. &#8211; Directeur g\u00e9n\u00e9ral d\u00e9l\u00e9gu\u00e9 de l&rsquo;Institut fran\u00e7ais : Hugues Ghenassia de [&hellip;]<\/p>\n","protected":false},"author":2,"featured_media":0,"parent":11636,"menu_order":7,"comment_status":"closed","ping_status":"closed","template":"","meta":{"_acf_changed":false,"footnotes":""},"class_list":["post-15097","page","type-page","status-publish","hentry"],"acf":[],"yoast_head":"<!-- This site is optimized with the Yoast SEO plugin v27.5 - https:\/\/yoast.com\/product\/yoast-seo-wordpress\/ -->\n<title>Le conseil de l&#039;Ensemble - Ensemble intercontemporain<\/title>\n<meta name=\"robots\" content=\"index, follow, max-snippet:-1, max-image-preview:large, max-video-preview:-1\" \/>\n<link rel=\"canonical\" href=\"https:\/\/www.ensembleintercontemporain.com\/fr\/un-ensemble-de-solistes\/le-conseil-de-l-ensemble\/\" \/>\n<meta property=\"og:locale\" content=\"fr_FR\" \/>\n<meta property=\"og:type\" content=\"article\" \/>\n<meta property=\"og:title\" content=\"Le conseil de l&#039;Ensemble - Ensemble intercontemporain\" \/>\n<meta property=\"og:description\" content=\"Membres de droits &#8211; Ministre de la Culture : Rachida Dati repr\u00e9sent\u00e9e par Christopher Miles, directeur g\u00e9n\u00e9ral de la cr\u00e9ation artistique. &#8211; Maire de Paris : Anne Hidalgo repr\u00e9sent\u00e9e par Arnaud Ngatcha, Adjoint \u00e0 la Maire charg\u00e9 des relations internationales et de la francophonie. &#8211; Directeur g\u00e9n\u00e9ral d\u00e9l\u00e9gu\u00e9 de l&rsquo;Institut fran\u00e7ais : Hugues Ghenassia de [&hellip;]\" \/>\n<meta property=\"og:url\" content=\"https:\/\/www.ensembleintercontemporain.com\/fr\/un-ensemble-de-solistes\/le-conseil-de-l-ensemble\/\" \/>\n<meta property=\"og:site_name\" content=\"Ensemble intercontemporain\" \/>\n<meta property=\"article:modified_time\" content=\"2025-05-26T14:03:14+00:00\" \/>\n<meta name=\"twitter:card\" content=\"summary_large_image\" \/>\n<meta name=\"twitter:label1\" content=\"Dur\u00e9e de lecture estim\u00e9e\" \/>\n\t<meta name=\"twitter:data1\" content=\"1 minute\" \/>\n<script type=\"application\/ld+json\" class=\"yoast-schema-graph\">{\"@context\":\"https:\\\/\\\/schema.org\",\"@graph\":[{\"@type\":\"WebPage\",\"@id\":\"https:\\\/\\\/www.ensembleintercontemporain.com\\\/fr\\\/un-ensemble-de-solistes\\\/le-conseil-de-l-ensemble\\\/\",\"url\":\"https:\\\/\\\/www.ensembleintercontemporain.com\\\/fr\\\/un-ensemble-de-solistes\\\/le-conseil-de-l-ensemble\\\/\",\"name\":\"Le conseil de l'Ensemble - Ensemble intercontemporain\",\"isPartOf\":{\"@id\":\"https:\\\/\\\/www.ensembleintercontemporain.com\\\/en\\\/#website\"},\"datePublished\":\"2019-01-29T17:59:40+00:00\",\"dateModified\":\"2025-05-26T14:03:14+00:00\",\"breadcrumb\":{\"@id\":\"https:\\\/\\\/www.ensembleintercontemporain.com\\\/fr\\\/un-ensemble-de-solistes\\\/le-conseil-de-l-ensemble\\\/#breadcrumb\"},\"inLanguage\":\"fr-FR\",\"potentialAction\":[{\"@type\":\"ReadAction\",\"target\":[\"https:\\\/\\\/www.ensembleintercontemporain.com\\\/fr\\\/un-ensemble-de-solistes\\\/le-conseil-de-l-ensemble\\\/\"]}]},{\"@type\":\"BreadcrumbList\",\"@id\":\"https:\\\/\\\/www.ensembleintercontemporain.com\\\/fr\\\/un-ensemble-de-solistes\\\/le-conseil-de-l-ensemble\\\/#breadcrumb\",\"itemListElement\":[{\"@type\":\"ListItem\",\"position\":1,\"name\":\"Home\",\"item\":\"https:\\\/\\\/www.ensembleintercontemporain.com\\\/fr\\\/\"},{\"@type\":\"ListItem\",\"position\":2,\"name\":\"Un Ensemble de solistes\",\"item\":\"https:\\\/\\\/www.ensembleintercontemporain.com\\\/fr\\\/un-ensemble-de-solistes\\\/\"},{\"@type\":\"ListItem\",\"position\":3,\"name\":\"Le conseil de l&rsquo;Ensemble\"}]},{\"@type\":\"WebSite\",\"@id\":\"https:\\\/\\\/www.ensembleintercontemporain.com\\\/en\\\/#website\",\"url\":\"https:\\\/\\\/www.ensembleintercontemporain.com\\\/en\\\/\",\"name\":\"Ensemble intercontemporain\",\"description\":\"\",\"potentialAction\":[{\"@type\":\"SearchAction\",\"target\":{\"@type\":\"EntryPoint\",\"urlTemplate\":\"https:\\\/\\\/www.ensembleintercontemporain.com\\\/en\\\/?s={search_term_string}\"},\"query-input\":{\"@type\":\"PropertyValueSpecification\",\"valueRequired\":true,\"valueName\":\"search_term_string\"}}],\"inLanguage\":\"fr-FR\"}]}<\/script>\n<!-- \/ Yoast SEO plugin. -->","yoast_head_json":{"title":"Le conseil de l'Ensemble - Ensemble intercontemporain","robots":{"index":"index","follow":"follow","max-snippet":"max-snippet:-1","max-image-preview":"max-image-preview:large","max-video-preview":"max-video-preview:-1"},"canonical":"https:\/\/www.ensembleintercontemporain.com\/fr\/un-ensemble-de-solistes\/le-conseil-de-l-ensemble\/","og_locale":"fr_FR","og_type":"article","og_title":"Le conseil de l'Ensemble - Ensemble intercontemporain","og_description":"Membres de droits &#8211; Ministre de la Culture : Rachida Dati repr\u00e9sent\u00e9e par Christopher Miles, directeur g\u00e9n\u00e9ral de la cr\u00e9ation artistique. &#8211; Maire de Paris : Anne Hidalgo repr\u00e9sent\u00e9e par Arnaud Ngatcha, Adjoint \u00e0 la Maire charg\u00e9 des relations internationales et de la francophonie. &#8211; Directeur g\u00e9n\u00e9ral d\u00e9l\u00e9gu\u00e9 de l&rsquo;Institut fran\u00e7ais : Hugues Ghenassia de [&hellip;]","og_url":"https:\/\/www.ensembleintercontemporain.com\/fr\/un-ensemble-de-solistes\/le-conseil-de-l-ensemble\/","og_site_name":"Ensemble intercontemporain","article_modified_time":"2025-05-26T14:03:14+00:00","twitter_card":"summary_large_image","twitter_misc":{"Dur\u00e9e de lecture estim\u00e9e":"1 minute"},"schema":{"@context":"https:\/\/schema.org","@graph":[{"@type":"WebPage","@id":"https:\/\/www.ensembleintercontemporain.com\/fr\/un-ensemble-de-solistes\/le-conseil-de-l-ensemble\/","url":"https:\/\/www.ensembleintercontemporain.com\/fr\/un-ensemble-de-solistes\/le-conseil-de-l-ensemble\/","name":"Le conseil de l'Ensemble - Ensemble intercontemporain","isPartOf":{"@id":"https:\/\/www.ensembleintercontemporain.com\/en\/#website"},"datePublished":"2019-01-29T17:59:40+00:00","dateModified":"2025-05-26T14:03:14+00:00","breadcrumb":{"@id":"https:\/\/www.ensembleintercontemporain.com\/fr\/un-ensemble-de-solistes\/le-conseil-de-l-ensemble\/#breadcrumb"},"inLanguage":"fr-FR","potentialAction":[{"@type":"ReadAction","target":["https:\/\/www.ensembleintercontemporain.com\/fr\/un-ensemble-de-solistes\/le-conseil-de-l-ensemble\/"]}]},{"@type":"BreadcrumbList","@id":"https:\/\/www.ensembleintercontemporain.com\/fr\/un-ensemble-de-solistes\/le-conseil-de-l-ensemble\/#breadcrumb","itemListElement":[{"@type":"ListItem","position":1,"name":"Home","item":"https:\/\/www.ensembleintercontemporain.com\/fr\/"},{"@type":"ListItem","position":2,"name":"Un Ensemble de solistes","item":"https:\/\/www.ensembleintercontemporain.com\/fr\/un-ensemble-de-solistes\/"},{"@type":"ListItem","position":3,"name":"Le conseil de l&rsquo;Ensemble"}]},{"@type":"WebSite","@id":"https:\/\/www.ensembleintercontemporain.com\/en\/#website","url":"https:\/\/www.ensembleintercontemporain.com\/en\/","name":"Ensemble intercontemporain","description":"","potentialAction":[{"@type":"SearchAction","target":{"@type":"EntryPoint","urlTemplate":"https:\/\/www.ensembleintercontemporain.com\/en\/?s={search_term_string}"},"query-input":{"@type":"PropertyValueSpecification","valueRequired":true,"valueName":"search_term_string"}}],"inLanguage":"fr-FR"}]}},"_links":{"self":[{"href":"https:\/\/www.ensembleintercontemporain.com\/fr\/wp-json\/wp\/v2\/pages\/15097\/"}],"collection":[{"href":"https:\/\/www.ensembleintercontemporain.com\/fr\/wp-json\/wp\/v2\/pages\/"}],"about":[{"href":"https:\/\/www.ensembleintercontemporain.com\/fr\/wp-json\/wp\/v2\/types\/page\/"}],"author":[{"embeddable":true,"href":"https:\/\/www.ensembleintercontemporain.com\/fr\/wp-json\/wp\/v2\/users\/2\/"}],"replies":[{"embeddable":true,"href":"https:\/\/www.ensembleintercontemporain.com\/fr\/wp-json\/wp\/v2\/comments\/?post=15097"}],"version-history":[{"count":22,"href":"https:\/\/www.ensembleintercontemporain.com\/fr\/wp-json\/wp\/v2\/pages\/15097\/revisions\/"}],"predecessor-version":[{"id":29016,"href":"https:\/\/www.ensembleintercontemporain.com\/fr\/wp-json\/wp\/v2\/pages\/15097\/revisions\/29016\/"}],"up":[{"embeddable":true,"href":"https:\/\/www.ensembleintercontemporain.com\/fr\/wp-json\/wp\/v2\/pages\/11636\/"}],"wp:attachment":[{"href":"https:\/\/www.ensembleintercontemporain.com\/fr\/wp-json\/wp\/v2\/media\/?parent=15097"}],"curies":[{"name":"wp","href":"https:\/\/api.w.org\/{rel}","templated":true}]}}