{"id":12185,"date":"2018-12-13T16:15:02","date_gmt":"2018-12-13T15:15:02","guid":{"rendered":"http:\/\/www.ensembleinter.com\/?page_id=12185"},"modified":"2024-01-31T12:59:38","modified_gmt":"2024-01-31T11:59:38","slug":"mecenat","status":"publish","type":"page","link":"https:\/\/www.ensembleintercontemporain.com\/fr\/un-ensemble-de-solistes\/mecenat\/","title":{"rendered":"M\u00e9c\u00e9nat"},"content":{"rendered":"<p><b>Participez \u00e0 l&rsquo;aventure musicale de l&rsquo;Ensemble !<\/b><\/p>\n<p>Susciter la cr\u00e9ation, passer commande \u00e0 un\u00b7e compositeur\u00b7trice, lancer la carri\u00e8re d\u2019un\u00b7e jeune chef\u00b7fe d\u2019orchestre, tisser des liens avec d\u2019autres arts et artistes, c\u2019est prendre des risques, innover, et continuer \u00e0 surprendre ! Chaque nouvelle saison, l\u2019Ensemble s\u2019engage \u00e0 faire vivre l\u2019extraordinaire diversit\u00e9 et richesse de l\u2019univers musical contemporain et \u00e0 proposer de nouveaux formats de concert en r\u00e9sonance avec le monde qui nous entoure.<\/p>\n<p>Un engagement nourri de passion et de d\u00e9sir de partage renouvel\u00e9 cette ann\u00e9e avec l\u2019arriv\u00e9e de Pierre Bleuse comme nouveau directeur musical de l\u2019EIC. De nombreux d\u00e9fis sont \u00e0 relever pour poursuivre une aventure musicale commenc\u00e9e il y a presque cinquante ans.<\/p>\n<p>C\u2019est pour cela que nous faisons appel \u00e0 vous, qui partagez notre passion pour les musiques de cr\u00e9ation et notre \u00e9lan pour les rendre accessibles \u00e0 un public le plus large possible en France et \u00e0 l\u2019\u00e9tranger. Nous remercions chaleureusement tous.tes nos donateur.trice.s et partenaires qui nous soutiennent dans la r\u00e9alisation de nos projets.<\/p>\n","protected":false},"excerpt":{"rendered":"<p>Participez \u00e0 l&rsquo;aventure musicale de l&rsquo;Ensemble ! Susciter la cr\u00e9ation, passer commande \u00e0 un\u00b7e compositeur\u00b7trice, lancer la carri\u00e8re d\u2019un\u00b7e jeune chef\u00b7fe d\u2019orchestre, tisser des liens avec d\u2019autres arts et artistes, c\u2019est prendre des risques, innover, et continuer \u00e0 surprendre ! Chaque nouvelle saison, l\u2019Ensemble s\u2019engage \u00e0 faire vivre l\u2019extraordinaire diversit\u00e9 et richesse de l\u2019univers musical [&hellip;]<\/p>\n","protected":false},"author":2,"featured_media":25241,"parent":11636,"menu_order":4,"comment_status":"closed","ping_status":"closed","template":"page-templates\/mecenat.php","meta":{"_acf_changed":false,"footnotes":""},"class_list":["post-12185","page","type-page","status-publish","has-post-thumbnail","hentry"],"acf":[],"yoast_head":"<!-- This site is optimized with the Yoast SEO plugin v27.3 - https:\/\/yoast.com\/product\/yoast-seo-wordpress\/ -->\n<title>M\u00e9c\u00e9nat - Ensemble intercontemporain<\/title>\n<meta name=\"robots\" content=\"index, follow, max-snippet:-1, max-image-preview:large, max-video-preview:-1\" \/>\n<link rel=\"canonical\" href=\"https:\/\/www.ensembleintercontemporain.com\/fr\/un-ensemble-de-solistes\/mecenat\/\" \/>\n<meta property=\"og:locale\" content=\"fr_FR\" \/>\n<meta property=\"og:type\" content=\"article\" \/>\n<meta property=\"og:title\" content=\"M\u00e9c\u00e9nat - Ensemble intercontemporain\" \/>\n<meta property=\"og:description\" content=\"Participez \u00e0 l&rsquo;aventure musicale de l&rsquo;Ensemble ! Susciter la cr\u00e9ation, passer commande \u00e0 un\u00b7e compositeur\u00b7trice, lancer la carri\u00e8re d\u2019un\u00b7e jeune chef\u00b7fe d\u2019orchestre, tisser des liens avec d\u2019autres arts et artistes, c\u2019est prendre des risques, innover, et continuer \u00e0 surprendre ! Chaque nouvelle saison, l\u2019Ensemble s\u2019engage \u00e0 faire vivre l\u2019extraordinaire diversit\u00e9 et richesse de l\u2019univers musical [&hellip;]\" \/>\n<meta property=\"og:url\" content=\"https:\/\/www.ensembleintercontemporain.com\/fr\/un-ensemble-de-solistes\/mecenat\/\" \/>\n<meta property=\"og:site_name\" content=\"Ensemble intercontemporain\" \/>\n<meta property=\"article:modified_time\" content=\"2024-01-31T11:59:38+00:00\" \/>\n<meta property=\"og:image\" content=\"http:\/\/www.ensembleintercontemporain.com\/content\/uploads\/2019\/02\/28-dscf9113_copyright-luc-hossepied.jpg\" \/>\n\t<meta property=\"og:image:width\" content=\"1920\" \/>\n\t<meta property=\"og:image:height\" content=\"1080\" \/>\n\t<meta property=\"og:image:type\" content=\"image\/jpeg\" \/>\n<meta name=\"twitter:card\" content=\"summary_large_image\" \/>\n<meta name=\"twitter:label1\" content=\"Dur\u00e9e de lecture estim\u00e9e\" \/>\n\t<meta name=\"twitter:data1\" content=\"1 minute\" \/>\n<script type=\"application\/ld+json\" class=\"yoast-schema-graph\">{\"@context\":\"https:\\\/\\\/schema.org\",\"@graph\":[{\"@type\":\"WebPage\",\"@id\":\"https:\\\/\\\/www.ensembleintercontemporain.com\\\/fr\\\/un-ensemble-de-solistes\\\/mecenat\\\/\",\"url\":\"https:\\\/\\\/www.ensembleintercontemporain.com\\\/fr\\\/un-ensemble-de-solistes\\\/mecenat\\\/\",\"name\":\"M\u00e9c\u00e9nat - Ensemble intercontemporain\",\"isPartOf\":{\"@id\":\"https:\\\/\\\/www.ensembleintercontemporain.com\\\/en\\\/#website\"},\"primaryImageOfPage\":{\"@id\":\"https:\\\/\\\/www.ensembleintercontemporain.com\\\/fr\\\/un-ensemble-de-solistes\\\/mecenat\\\/#primaryimage\"},\"image\":{\"@id\":\"https:\\\/\\\/www.ensembleintercontemporain.com\\\/fr\\\/un-ensemble-de-solistes\\\/mecenat\\\/#primaryimage\"},\"thumbnailUrl\":\"https:\\\/\\\/www.ensembleintercontemporain.com\\\/content\\\/uploads\\\/2023\\\/07\\\/ensemble-intercontemporain-ligeti-032.jpg\",\"datePublished\":\"2018-12-13T15:15:02+00:00\",\"dateModified\":\"2024-01-31T11:59:38+00:00\",\"breadcrumb\":{\"@id\":\"https:\\\/\\\/www.ensembleintercontemporain.com\\\/fr\\\/un-ensemble-de-solistes\\\/mecenat\\\/#breadcrumb\"},\"inLanguage\":\"fr-FR\",\"potentialAction\":[{\"@type\":\"ReadAction\",\"target\":[\"https:\\\/\\\/www.ensembleintercontemporain.com\\\/fr\\\/un-ensemble-de-solistes\\\/mecenat\\\/\"]}]},{\"@type\":\"ImageObject\",\"inLanguage\":\"fr-FR\",\"@id\":\"https:\\\/\\\/www.ensembleintercontemporain.com\\\/fr\\\/un-ensemble-de-solistes\\\/mecenat\\\/#primaryimage\",\"url\":\"https:\\\/\\\/www.ensembleintercontemporain.com\\\/content\\\/uploads\\\/2023\\\/07\\\/ensemble-intercontemporain-ligeti-032.jpg\",\"contentUrl\":\"https:\\\/\\\/www.ensembleintercontemporain.com\\\/content\\\/uploads\\\/2023\\\/07\\\/ensemble-intercontemporain-ligeti-032.jpg\",\"width\":1920,\"height\":1280,\"caption\":\"\"},{\"@type\":\"BreadcrumbList\",\"@id\":\"https:\\\/\\\/www.ensembleintercontemporain.com\\\/fr\\\/un-ensemble-de-solistes\\\/mecenat\\\/#breadcrumb\",\"itemListElement\":[{\"@type\":\"ListItem\",\"position\":1,\"name\":\"Home\",\"item\":\"https:\\\/\\\/www.ensembleintercontemporain.com\\\/fr\\\/\"},{\"@type\":\"ListItem\",\"position\":2,\"name\":\"Un Ensemble de solistes\",\"item\":\"https:\\\/\\\/www.ensembleintercontemporain.com\\\/fr\\\/un-ensemble-de-solistes\\\/\"},{\"@type\":\"ListItem\",\"position\":3,\"name\":\"M\u00e9c\u00e9nat\"}]},{\"@type\":\"WebSite\",\"@id\":\"https:\\\/\\\/www.ensembleintercontemporain.com\\\/en\\\/#website\",\"url\":\"https:\\\/\\\/www.ensembleintercontemporain.com\\\/en\\\/\",\"name\":\"Ensemble intercontemporain\",\"description\":\"\",\"potentialAction\":[{\"@type\":\"SearchAction\",\"target\":{\"@type\":\"EntryPoint\",\"urlTemplate\":\"https:\\\/\\\/www.ensembleintercontemporain.com\\\/en\\\/?s={search_term_string}\"},\"query-input\":{\"@type\":\"PropertyValueSpecification\",\"valueRequired\":true,\"valueName\":\"search_term_string\"}}],\"inLanguage\":\"fr-FR\"}]}<\/script>\n<!-- \/ Yoast SEO plugin. -->","yoast_head_json":{"title":"M\u00e9c\u00e9nat - Ensemble intercontemporain","robots":{"index":"index","follow":"follow","max-snippet":"max-snippet:-1","max-image-preview":"max-image-preview:large","max-video-preview":"max-video-preview:-1"},"canonical":"https:\/\/www.ensembleintercontemporain.com\/fr\/un-ensemble-de-solistes\/mecenat\/","og_locale":"fr_FR","og_type":"article","og_title":"M\u00e9c\u00e9nat - Ensemble intercontemporain","og_description":"Participez \u00e0 l&rsquo;aventure musicale de l&rsquo;Ensemble ! Susciter la cr\u00e9ation, passer commande \u00e0 un\u00b7e compositeur\u00b7trice, lancer la carri\u00e8re d\u2019un\u00b7e jeune chef\u00b7fe d\u2019orchestre, tisser des liens avec d\u2019autres arts et artistes, c\u2019est prendre des risques, innover, et continuer \u00e0 surprendre ! Chaque nouvelle saison, l\u2019Ensemble s\u2019engage \u00e0 faire vivre l\u2019extraordinaire diversit\u00e9 et richesse de l\u2019univers musical [&hellip;]","og_url":"https:\/\/www.ensembleintercontemporain.com\/fr\/un-ensemble-de-solistes\/mecenat\/","og_site_name":"Ensemble intercontemporain","article_modified_time":"2024-01-31T11:59:38+00:00","og_image":[{"width":1920,"height":1080,"url":"http:\/\/www.ensembleintercontemporain.com\/content\/uploads\/2019\/02\/28-dscf9113_copyright-luc-hossepied.jpg","type":"image\/jpeg"}],"twitter_card":"summary_large_image","twitter_misc":{"Dur\u00e9e de lecture estim\u00e9e":"1 minute"},"schema":{"@context":"https:\/\/schema.org","@graph":[{"@type":"WebPage","@id":"https:\/\/www.ensembleintercontemporain.com\/fr\/un-ensemble-de-solistes\/mecenat\/","url":"https:\/\/www.ensembleintercontemporain.com\/fr\/un-ensemble-de-solistes\/mecenat\/","name":"M\u00e9c\u00e9nat - Ensemble intercontemporain","isPartOf":{"@id":"https:\/\/www.ensembleintercontemporain.com\/en\/#website"},"primaryImageOfPage":{"@id":"https:\/\/www.ensembleintercontemporain.com\/fr\/un-ensemble-de-solistes\/mecenat\/#primaryimage"},"image":{"@id":"https:\/\/www.ensembleintercontemporain.com\/fr\/un-ensemble-de-solistes\/mecenat\/#primaryimage"},"thumbnailUrl":"https:\/\/www.ensembleintercontemporain.com\/content\/uploads\/2023\/07\/ensemble-intercontemporain-ligeti-032.jpg","datePublished":"2018-12-13T15:15:02+00:00","dateModified":"2024-01-31T11:59:38+00:00","breadcrumb":{"@id":"https:\/\/www.ensembleintercontemporain.com\/fr\/un-ensemble-de-solistes\/mecenat\/#breadcrumb"},"inLanguage":"fr-FR","potentialAction":[{"@type":"ReadAction","target":["https:\/\/www.ensembleintercontemporain.com\/fr\/un-ensemble-de-solistes\/mecenat\/"]}]},{"@type":"ImageObject","inLanguage":"fr-FR","@id":"https:\/\/www.ensembleintercontemporain.com\/fr\/un-ensemble-de-solistes\/mecenat\/#primaryimage","url":"https:\/\/www.ensembleintercontemporain.com\/content\/uploads\/2023\/07\/ensemble-intercontemporain-ligeti-032.jpg","contentUrl":"https:\/\/www.ensembleintercontemporain.com\/content\/uploads\/2023\/07\/ensemble-intercontemporain-ligeti-032.jpg","width":1920,"height":1280,"caption":""},{"@type":"BreadcrumbList","@id":"https:\/\/www.ensembleintercontemporain.com\/fr\/un-ensemble-de-solistes\/mecenat\/#breadcrumb","itemListElement":[{"@type":"ListItem","position":1,"name":"Home","item":"https:\/\/www.ensembleintercontemporain.com\/fr\/"},{"@type":"ListItem","position":2,"name":"Un Ensemble de solistes","item":"https:\/\/www.ensembleintercontemporain.com\/fr\/un-ensemble-de-solistes\/"},{"@type":"ListItem","position":3,"name":"M\u00e9c\u00e9nat"}]},{"@type":"WebSite","@id":"https:\/\/www.ensembleintercontemporain.com\/en\/#website","url":"https:\/\/www.ensembleintercontemporain.com\/en\/","name":"Ensemble intercontemporain","description":"","potentialAction":[{"@type":"SearchAction","target":{"@type":"EntryPoint","urlTemplate":"https:\/\/www.ensembleintercontemporain.com\/en\/?s={search_term_string}"},"query-input":{"@type":"PropertyValueSpecification","valueRequired":true,"valueName":"search_term_string"}}],"inLanguage":"fr-FR"}]}},"_links":{"self":[{"href":"https:\/\/www.ensembleintercontemporain.com\/fr\/wp-json\/wp\/v2\/pages\/12185\/"}],"collection":[{"href":"https:\/\/www.ensembleintercontemporain.com\/fr\/wp-json\/wp\/v2\/pages\/"}],"about":[{"href":"https:\/\/www.ensembleintercontemporain.com\/fr\/wp-json\/wp\/v2\/types\/page\/"}],"author":[{"embeddable":true,"href":"https:\/\/www.ensembleintercontemporain.com\/fr\/wp-json\/wp\/v2\/users\/2\/"}],"replies":[{"embeddable":true,"href":"https:\/\/www.ensembleintercontemporain.com\/fr\/wp-json\/wp\/v2\/comments\/?post=12185"}],"version-history":[{"count":47,"href":"https:\/\/www.ensembleintercontemporain.com\/fr\/wp-json\/wp\/v2\/pages\/12185\/revisions\/"}],"predecessor-version":[{"id":26186,"href":"https:\/\/www.ensembleintercontemporain.com\/fr\/wp-json\/wp\/v2\/pages\/12185\/revisions\/26186\/"}],"up":[{"embeddable":true,"href":"https:\/\/www.ensembleintercontemporain.com\/fr\/wp-json\/wp\/v2\/pages\/11636\/"}],"wp:featuredmedia":[{"embeddable":true,"href":"https:\/\/www.ensembleintercontemporain.com\/fr\/wp-json\/wp\/v2\/media\/25241\/"}],"wp:attachment":[{"href":"https:\/\/www.ensembleintercontemporain.com\/fr\/wp-json\/wp\/v2\/media\/?parent=12185"}],"curies":[{"name":"wp","href":"https:\/\/api.w.org\/{rel}","templated":true}]}}