{"id":25273,"date":"2020-03-06T11:56:24","date_gmt":"2020-03-06T10:56:24","guid":{"rendered":"https:\/\/www.ensembleintercontemporain.com\/?page_id=25273"},"modified":"2025-10-28T12:16:03","modified_gmt":"2025-10-28T11:16:03","slug":"__trashed","status":"publish","type":"page","link":"https:\/\/www.ensembleintercontemporain.com\/en\/a-soloists-ensemble\/__trashed\/","title":{"rendered":"Assistant conductors"},"content":{"rendered":"<p>The Ensemble intercontemporain is pleased to announce the appointment of three new assistant conductors who will join the Ensemble under the direction of Pierre Bleuse in January 2026, for two years.<\/p>\n<p><span style=\"font-size: 18pt;\"><strong>Liubov Nosova<\/strong><\/span><\/p>\n<p><img loading=\"lazy\" decoding=\"async\" class=\"aligncenter size-full wp-image-29801\" src=\"http:\/\/www.ensembleintercontemporain.com\/content\/uploads\/2025\/10\/liubov-nosova-finale-pauline-ballet-6.jpg\" alt=\"\" width=\"2560\" height=\"1706\" \/><\/p>\n<p><span style=\"font-size: 14pt;\">Liubov Nosova is a Russian conductor. Her rapidly rising career has led her to conduct some of Europe\u2019s finest orchestras, including Geneva\u2019s Orchestra de la Suisse Romande and Zurich\u2019s Tonhalle Orchestra in Switzerland, the Berliner Symphoniker, Bochum Symphoniker, Neubrandenburg Philharmonie, Brandenburgisches and Staatsorchester Frankfurt in Germany, the Orchestra of Extremadura and Orchestra City of Lliria in Spain, the Moscow State Symphony Orchestra, the Symphony Orchestras of Saint-Petersburg Conservatory, the Saint Petersburg Academic Symphony Orchestra, the St. Petersburg State Academic Capella and the Tolyatti Philharmonic in Russia, and the Orchestre National de France and Paris Mozart Orchestra in France. <\/span><\/p>\n<p><span style=\"font-size: 14pt;\">The past seasons, Liubov Nosova served as Resident Conductor with the Rostov Academic Symphony Orchestra, in Rostov-on-Don, Russia, and now works at the Novaya Opera in Moscou. In 2026, she will become an Assistant Conductor of Pierre Bleuse at the Ensemble intercontemporain in Paris. <\/span><\/p>\n<p><span style=\"font-size: 14pt;\">Liubov Nosova began her musical journey at the age of 4, first as pianist and later as organist, studying at the famed Rimsky-Korsakov State Conservatory in Saint Petersburg, where she performed as a soloist with a symphony orchestra for the first time aged just 9 years old. At the age of 18 she was invited to conduct the symphony orchestra of the Conservatory. She later completed her orchestra conducting studies at the Zurich University of Arts and the Berlin University of Arts, under the guidance of maestros including Paavo J\u00e4rvi, Daniele Gatti, Johannes Schlaefli, James Lowe, Vladimir Fedoseev, Rodolfo Fischer. <\/span><\/p>\n<p><span style=\"font-size: 14pt;\">In 2021 Liubov Nosova was offered a place in Germany\u2019s prestigious Forum Dirigiern by the German Music Council. She won the Second Prize at the 2021 International Conducting Competition in Llira (Spain) and in 2024 she won the Second Prize at the renowned La Maestra International Competition for Women Conductors at the Philharmonie in Paris. This led to numerous guest conducting invitations, and over the next few months she is looking forward to debuts and return engagements with the Landestheater Coburg, Philharmonic and Erzgebirgische Philharmonie in Germany, the Montpellier National Opera and Paris Mozart Orchestra in France, the Saint Petersburg Academic Symphony Orchestra, St. Petersburg State Academic Capella, Moscow\u2019s Kolobov Novaya Operaa and Yekaterinburg\u2019s Sverdlovsk State Academic Philharmonic in Russia, The Morocco Philharmonic Orchestra in Casablanca and the Atlanta Symphony Orchestra in the United States.<\/span><\/p>\n<p><span style=\"font-size: 14pt;\"><a href=\"https:\/\/liubov-nosova.com\/\">liubov-nosova.com<\/a><\/span><\/p>\n<p>&nbsp;<\/p>\n<p><span style=\"font-size: 18pt;\"><strong>Gabriel Durliat<\/strong><\/span><\/p>\n<p><img loading=\"lazy\" decoding=\"async\" class=\"aligncenter size-full wp-image-29805\" src=\"http:\/\/www.ensembleintercontemporain.com\/content\/uploads\/2025\/10\/gabriel-durliat-4-cdominik-falenski.jpeg\" alt=\"\" width=\"2560\" height=\"1708\" \/><\/p>\n<p><span style=\"font-size: 14pt;\">Gabriel Durliat has carved out a distinctive path in the French musical landscape, evolving between piano, conducting, and composition. A winner of the Concours G\u00e9n\u00e9ral (1st Prize in Music History) in 2017, he entered the Conservatoire National Sup\u00e9rieur de Musique et de Danse de Paris the same year, aged 16, where he studied under Hortense Cartier-Bresson, Thierry Escaich, Jean-Fr\u00e9d\u00e9ric Neuburger and Guillaume Connesson. <\/span><\/p>\n<p><span style=\"font-size: 14pt;\">There, he won First Prizes in piano, harmony, piano accompaniment, and orchestration \u2014all unanimously awarded with the jury\u2019s highest honors\u2014 as well as prizes in counterpoint and fugue. In 2022, he was admitted to the newly-created Artist Diploma program while continuing to refine his skills at the Jaroussky Academy. He is currently studying orchestral conducting in the class of Alain Altinoglu. <\/span><\/p>\n<p><span style=\"font-size: 14pt;\">Gabriel Durliat was one of six musicians selected to study at the Malko International Academy for Young Conductors in Copenhagen, organized by the Danish National Symphony Orchestra. Within this program, he received guidance from leading conductors such as Fabio Luisi, Herbert Blomstedt and Johannes Schlaefli. In 2023, he served as assistant conductor of the Ensemble intercontemporain for a production of G\u00e9rard Grisey\u2019s Les Espaces Acoustiques at the Philharmonie de Paris, before becoming Assistant Conductor of Pierre Bleuse with the Ensemble in 2026. <\/span><\/p>\n<p><span style=\"font-size: 14pt;\">The first French pianist to win the Piano Campus International Competition in February 2022, Gabriel Durliat went on to win the Second Prize at the Hans von Bu\u0308low International Conducting from the Piano Competition in Meiningen (Germany) in May 2023\u2014a rare competition devoted to conducting from the piano. <\/span><\/p>\n<p><span style=\"font-size: 14pt;\">He performs regularly as a soloist, with orchestra and in chamber music, and has been invited to renowned festivals such as the La Roque d\u2019Anth\u00e9ron International Piano Festival, La Folle Journ\u00e9e de Nantes, the Radio France Montpellier Festival, the Auvers-sur-Oise Festival, and the Deauville Festival, among others. His debut solo recording, pairing the music of Bach and Faur\u00e9, released in 2024 on the Scala Music label, was warmly received by critics. A laureate of the Banque Populaire Foundation, Gabriel Durliat is currently an artist in residence at the Singer-Polignac Foundation.<\/span><\/p>\n<p><span style=\"font-size: 14pt;\"><a href=\"https:\/\/www.gabrieldurliat.fr\/fr\">www.gabrieldurliat.fr<\/a><\/span><\/p>\n<p>&nbsp;<\/p>\n<p><span style=\"font-size: 18pt;\"><strong>Polina Lebedieva<\/strong><\/span><\/p>\n<p><img loading=\"lazy\" decoding=\"async\" class=\"aligncenter size-full wp-image-29803\" src=\"http:\/\/www.ensembleintercontemporain.com\/content\/uploads\/2025\/10\/polina-lebedieva-2-c-illya-bel.jpg\" alt=\"\" width=\"2560\" height=\"1440\" \/><\/p>\n<p><span style=\"font-size: 14pt;\">Polina Lebedieva is a Ukrainian conductor, who as rapidly gained international recognition.In 2022, she opened the Bachfest Leipzig with the Youth Symphony Orchestra of Ukraine and participated in a BBC Digital recording for UNICEF. The same year, she was selected as one of five conductors to join the Riccardo Muti Italian Opera Academy, where she conducted Verdi\u2019s Messa da Requiem with the Orchestra Giovanile Luigi Cherubini at the Teatro Alighieri in Ravenna. <\/span><\/p>\n<p><span style=\"font-size: 14pt;\">In 2023, Polina was a semi-finalist (Top 5) in the prestigious Mahler Competition in Bamberg and was named a Britten Pears Young Artist for the 2023\u20132024 season. She took part in The Conductor as Dramaturg program, organized by the Royal Opera House and Britten Pears Young Artist Program in Snape Maltings. The following year, she reached the semi-finals of the International Conducting Competition in Rotterdam. <\/span><\/p>\n<p><span style=\"font-size: 14pt;\">Since 2023, Polina Lebedieva has been an Askonas Holt Conducting Fellow. She was also a finalist for the Prix Fabuleuse Signature, an award celebrating women artists of foreign origin in France. Her recent engagements include appearances in the festival Les \u00c9toiles du Classique in Saint-Germain-en-Laye and her work as assistant conductor for Madame Butterfly at the Covent Garden Opera Festival in London. In 2024, she made her debut with the Lviv National Philharmonic Symphony Orchestra and was immediately re-invited for the following season. In August 2025, she took part in the prestigious Gstaad Conducting Academy in Switzerland, held within the Gstaad Menuhin Festival, and conducted the season opening concert of the Orchestre du Pays Basque. In 2026, she will become an Assistant Conductor of Pierre Bleuse with the Ensemble intercontemporain at the Philharmonie de Paris. <\/span><\/p>\n<p><span style=\"font-size: 14pt;\">As an assistant conductor, Polina has worked closely with distinguished conductors such as Oksana Lyniv, Benjamin Levy, Jean-Jacques Kantorow and Duncan Ward. Polina has collaborated with numerous ensembles across Europe, including the Lviv National Philharmonic Orchestra, Kurpf\u00e4lzisches Kammerorchester, Youth Symphony Orchestra of Ukraine, Orchestra Giovanile Luigi Cherubini, Orchestre R\u00e9gional de Normandie, London City Philharmonic, Ensemble Zar, Chamber Orchestra Ars Nova, the Queens Orchestra, among others. <\/span><\/p>\n<p><span style=\"font-size: 14pt;\">She is currently pursuing advanced conducting studies at the Conservatoire National Sup\u00e9rieur de Musique et de Danse de Paris under the guidance of Alain Altinoglu. She previously graduated from the conducting faculty of the Ukrainian National Academy of Music.<\/span><\/p>\n<p><span style=\"font-size: 14pt;\"><a href=\"https:\/\/www.polinalebedieva.com\/\">www.polinalebedieva.com<\/a><\/span><\/p>\n<p>&nbsp;<\/p>\n<p><span style=\"font-size: 12pt;\">Pictures (top-down) : \u00a9 Pauline Ballet \/ Dominik Falenski \/ Illya Bel<\/span><\/p>\n","protected":false},"excerpt":{"rendered":"<p>The Ensemble intercontemporain is pleased to announce the appointment of three new assistant conductors who will join the Ensemble under the direction of Pierre Bleuse in January 2026, for two years. Liubov Nosova Liubov Nosova is a Russian conductor. Her rapidly rising career has led her to conduct some of Europe\u2019s finest orchestras, including Geneva\u2019s [&hellip;]<\/p>\n","protected":false},"author":59,"featured_media":0,"parent":14848,"menu_order":2,"comment_status":"closed","ping_status":"closed","template":"","meta":{"_acf_changed":false,"footnotes":""},"class_list":["post-25273","page","type-page","status-publish","hentry"],"acf":[],"yoast_head":"<!-- This site is optimized with the Yoast SEO plugin v27.6 - https:\/\/yoast.com\/product\/yoast-seo-wordpress\/ -->\n<title>Assistant conductors - Ensemble intercontemporain<\/title>\n<meta name=\"robots\" content=\"index, follow, max-snippet:-1, max-image-preview:large, max-video-preview:-1\" \/>\n<link rel=\"canonical\" href=\"https:\/\/www.ensembleintercontemporain.com\/en\/a-soloists-ensemble\/__trashed\/\" \/>\n<meta property=\"og:locale\" content=\"en_US\" \/>\n<meta property=\"og:type\" content=\"article\" \/>\n<meta property=\"og:title\" content=\"Assistant conductors - Ensemble intercontemporain\" \/>\n<meta property=\"og:description\" content=\"The Ensemble intercontemporain is pleased to announce the appointment of three new assistant conductors who will join the Ensemble under the direction of Pierre Bleuse in January 2026, for two years. Liubov Nosova Liubov Nosova is a Russian conductor. Her rapidly rising career has led her to conduct some of Europe\u2019s finest orchestras, including Geneva\u2019s [&hellip;]\" \/>\n<meta property=\"og:url\" content=\"https:\/\/www.ensembleintercontemporain.com\/en\/a-soloists-ensemble\/__trashed\/\" \/>\n<meta property=\"og:site_name\" content=\"Ensemble intercontemporain\" \/>\n<meta property=\"article:modified_time\" content=\"2025-10-28T11:16:03+00:00\" \/>\n<meta property=\"og:image\" content=\"http:\/\/www.ensembleintercontemporain.com\/content\/uploads\/2025\/10\/liubov-nosova-finale-pauline-ballet-6.jpg\" \/>\n<meta name=\"twitter:card\" content=\"summary_large_image\" \/>\n<meta name=\"twitter:label1\" content=\"Est. reading time\" \/>\n\t<meta name=\"twitter:data1\" content=\"7 minutes\" \/>\n<script type=\"application\/ld+json\" class=\"yoast-schema-graph\">{\"@context\":\"https:\\\/\\\/schema.org\",\"@graph\":[{\"@type\":\"WebPage\",\"@id\":\"https:\\\/\\\/www.ensembleintercontemporain.com\\\/en\\\/a-soloists-ensemble\\\/__trashed\\\/\",\"url\":\"https:\\\/\\\/www.ensembleintercontemporain.com\\\/en\\\/a-soloists-ensemble\\\/__trashed\\\/\",\"name\":\"Assistant conductors - Ensemble intercontemporain\",\"isPartOf\":{\"@id\":\"https:\\\/\\\/www.ensembleintercontemporain.com\\\/en\\\/#website\"},\"primaryImageOfPage\":{\"@id\":\"https:\\\/\\\/www.ensembleintercontemporain.com\\\/en\\\/a-soloists-ensemble\\\/__trashed\\\/#primaryimage\"},\"image\":{\"@id\":\"https:\\\/\\\/www.ensembleintercontemporain.com\\\/en\\\/a-soloists-ensemble\\\/__trashed\\\/#primaryimage\"},\"thumbnailUrl\":\"http:\\\/\\\/www.ensembleintercontemporain.com\\\/content\\\/uploads\\\/2025\\\/10\\\/liubov-nosova-finale-pauline-ballet-6.jpg\",\"datePublished\":\"2020-03-06T10:56:24+00:00\",\"dateModified\":\"2025-10-28T11:16:03+00:00\",\"breadcrumb\":{\"@id\":\"https:\\\/\\\/www.ensembleintercontemporain.com\\\/en\\\/a-soloists-ensemble\\\/__trashed\\\/#breadcrumb\"},\"inLanguage\":\"en-US\",\"potentialAction\":[{\"@type\":\"ReadAction\",\"target\":[\"https:\\\/\\\/www.ensembleintercontemporain.com\\\/en\\\/a-soloists-ensemble\\\/__trashed\\\/\"]}]},{\"@type\":\"ImageObject\",\"inLanguage\":\"en-US\",\"@id\":\"https:\\\/\\\/www.ensembleintercontemporain.com\\\/en\\\/a-soloists-ensemble\\\/__trashed\\\/#primaryimage\",\"url\":\"http:\\\/\\\/www.ensembleintercontemporain.com\\\/content\\\/uploads\\\/2025\\\/10\\\/liubov-nosova-finale-pauline-ballet-6.jpg\",\"contentUrl\":\"http:\\\/\\\/www.ensembleintercontemporain.com\\\/content\\\/uploads\\\/2025\\\/10\\\/liubov-nosova-finale-pauline-ballet-6.jpg\"},{\"@type\":\"BreadcrumbList\",\"@id\":\"https:\\\/\\\/www.ensembleintercontemporain.com\\\/en\\\/a-soloists-ensemble\\\/__trashed\\\/#breadcrumb\",\"itemListElement\":[{\"@type\":\"ListItem\",\"position\":1,\"name\":\"Home\",\"item\":\"https:\\\/\\\/www.ensembleintercontemporain.com\\\/en\\\/\"},{\"@type\":\"ListItem\",\"position\":2,\"name\":\"A soloists ensemble\",\"item\":\"https:\\\/\\\/www.ensembleintercontemporain.com\\\/en\\\/a-soloists-ensemble\\\/\"},{\"@type\":\"ListItem\",\"position\":3,\"name\":\"Assistant conductors\"}]},{\"@type\":\"WebSite\",\"@id\":\"https:\\\/\\\/www.ensembleintercontemporain.com\\\/en\\\/#website\",\"url\":\"https:\\\/\\\/www.ensembleintercontemporain.com\\\/en\\\/\",\"name\":\"Ensemble intercontemporain\",\"description\":\"\",\"potentialAction\":[{\"@type\":\"SearchAction\",\"target\":{\"@type\":\"EntryPoint\",\"urlTemplate\":\"https:\\\/\\\/www.ensembleintercontemporain.com\\\/en\\\/?s={search_term_string}\"},\"query-input\":{\"@type\":\"PropertyValueSpecification\",\"valueRequired\":true,\"valueName\":\"search_term_string\"}}],\"inLanguage\":\"en-US\"}]}<\/script>\n<!-- \/ Yoast SEO plugin. -->","yoast_head_json":{"title":"Assistant conductors - Ensemble intercontemporain","robots":{"index":"index","follow":"follow","max-snippet":"max-snippet:-1","max-image-preview":"max-image-preview:large","max-video-preview":"max-video-preview:-1"},"canonical":"https:\/\/www.ensembleintercontemporain.com\/en\/a-soloists-ensemble\/__trashed\/","og_locale":"en_US","og_type":"article","og_title":"Assistant conductors - Ensemble intercontemporain","og_description":"The Ensemble intercontemporain is pleased to announce the appointment of three new assistant conductors who will join the Ensemble under the direction of Pierre Bleuse in January 2026, for two years. Liubov Nosova Liubov Nosova is a Russian conductor. Her rapidly rising career has led her to conduct some of Europe\u2019s finest orchestras, including Geneva\u2019s [&hellip;]","og_url":"https:\/\/www.ensembleintercontemporain.com\/en\/a-soloists-ensemble\/__trashed\/","og_site_name":"Ensemble intercontemporain","article_modified_time":"2025-10-28T11:16:03+00:00","og_image":[{"url":"http:\/\/www.ensembleintercontemporain.com\/content\/uploads\/2025\/10\/liubov-nosova-finale-pauline-ballet-6.jpg","type":"","width":"","height":""}],"twitter_card":"summary_large_image","twitter_misc":{"Est. reading time":"7 minutes"},"schema":{"@context":"https:\/\/schema.org","@graph":[{"@type":"WebPage","@id":"https:\/\/www.ensembleintercontemporain.com\/en\/a-soloists-ensemble\/__trashed\/","url":"https:\/\/www.ensembleintercontemporain.com\/en\/a-soloists-ensemble\/__trashed\/","name":"Assistant conductors - Ensemble intercontemporain","isPartOf":{"@id":"https:\/\/www.ensembleintercontemporain.com\/en\/#website"},"primaryImageOfPage":{"@id":"https:\/\/www.ensembleintercontemporain.com\/en\/a-soloists-ensemble\/__trashed\/#primaryimage"},"image":{"@id":"https:\/\/www.ensembleintercontemporain.com\/en\/a-soloists-ensemble\/__trashed\/#primaryimage"},"thumbnailUrl":"http:\/\/www.ensembleintercontemporain.com\/content\/uploads\/2025\/10\/liubov-nosova-finale-pauline-ballet-6.jpg","datePublished":"2020-03-06T10:56:24+00:00","dateModified":"2025-10-28T11:16:03+00:00","breadcrumb":{"@id":"https:\/\/www.ensembleintercontemporain.com\/en\/a-soloists-ensemble\/__trashed\/#breadcrumb"},"inLanguage":"en-US","potentialAction":[{"@type":"ReadAction","target":["https:\/\/www.ensembleintercontemporain.com\/en\/a-soloists-ensemble\/__trashed\/"]}]},{"@type":"ImageObject","inLanguage":"en-US","@id":"https:\/\/www.ensembleintercontemporain.com\/en\/a-soloists-ensemble\/__trashed\/#primaryimage","url":"http:\/\/www.ensembleintercontemporain.com\/content\/uploads\/2025\/10\/liubov-nosova-finale-pauline-ballet-6.jpg","contentUrl":"http:\/\/www.ensembleintercontemporain.com\/content\/uploads\/2025\/10\/liubov-nosova-finale-pauline-ballet-6.jpg"},{"@type":"BreadcrumbList","@id":"https:\/\/www.ensembleintercontemporain.com\/en\/a-soloists-ensemble\/__trashed\/#breadcrumb","itemListElement":[{"@type":"ListItem","position":1,"name":"Home","item":"https:\/\/www.ensembleintercontemporain.com\/en\/"},{"@type":"ListItem","position":2,"name":"A soloists ensemble","item":"https:\/\/www.ensembleintercontemporain.com\/en\/a-soloists-ensemble\/"},{"@type":"ListItem","position":3,"name":"Assistant conductors"}]},{"@type":"WebSite","@id":"https:\/\/www.ensembleintercontemporain.com\/en\/#website","url":"https:\/\/www.ensembleintercontemporain.com\/en\/","name":"Ensemble intercontemporain","description":"","potentialAction":[{"@type":"SearchAction","target":{"@type":"EntryPoint","urlTemplate":"https:\/\/www.ensembleintercontemporain.com\/en\/?s={search_term_string}"},"query-input":{"@type":"PropertyValueSpecification","valueRequired":true,"valueName":"search_term_string"}}],"inLanguage":"en-US"}]}},"_links":{"self":[{"href":"https:\/\/www.ensembleintercontemporain.com\/en\/wp-json\/wp\/v2\/pages\/25273\/"}],"collection":[{"href":"https:\/\/www.ensembleintercontemporain.com\/en\/wp-json\/wp\/v2\/pages\/"}],"about":[{"href":"https:\/\/www.ensembleintercontemporain.com\/en\/wp-json\/wp\/v2\/types\/page\/"}],"author":[{"embeddable":true,"href":"https:\/\/www.ensembleintercontemporain.com\/en\/wp-json\/wp\/v2\/users\/59\/"}],"replies":[{"embeddable":true,"href":"https:\/\/www.ensembleintercontemporain.com\/en\/wp-json\/wp\/v2\/comments\/?post=25273"}],"version-history":[{"count":17,"href":"https:\/\/www.ensembleintercontemporain.com\/en\/wp-json\/wp\/v2\/pages\/25273\/revisions\/"}],"predecessor-version":[{"id":29814,"href":"https:\/\/www.ensembleintercontemporain.com\/en\/wp-json\/wp\/v2\/pages\/25273\/revisions\/29814\/"}],"up":[{"embeddable":true,"href":"https:\/\/www.ensembleintercontemporain.com\/en\/wp-json\/wp\/v2\/pages\/14848\/"}],"wp:attachment":[{"href":"https:\/\/www.ensembleintercontemporain.com\/en\/wp-json\/wp\/v2\/media\/?parent=25273"}],"curies":[{"name":"wp","href":"https:\/\/api.w.org\/{rel}","templated":true}]}}