{"id":25109,"date":"2023-05-10T17:34:17","date_gmt":"2023-05-10T15:34:17","guid":{"rendered":"https:\/\/www.ensembleintercontemporain.com\/a-soloists-ensemble\/educational-actions\/residences-artistiques\/"},"modified":"2024-07-04T17:36:34","modified_gmt":"2024-07-04T15:36:34","slug":"residences-artistiques","status":"publish","type":"page","link":"https:\/\/www.ensembleintercontemporain.com\/en\/a-soloists-ensemble\/educational-actions\/residences-artistiques\/","title":{"rendered":"Artistic residencies"},"content":{"rendered":"<h2><span style=\"color: #ff4646;\">Du Terrain \u00e0 la Sc\u00e8ne<\/span><\/h2>\n<ul>\n<li><b>What<\/b>: an artistic and pedagogical residency<\/li>\n<li><strong>For whom:<\/strong> pupils from Year 5-6<\/li>\n<li><strong>When:<\/strong> from January 2023 to June 2024<\/li>\n<li><strong>When:<\/strong> Cav\u00e9 school in Paris (18<sup>e<\/sup>)<\/li>\n<\/ul>\n<p>This original and inclusive educational project is part of the 2024 Olympic and Paralympic Games in Paris. It will allow pupils aged 8 to 9 year old to experience the many shared values between sport and music \u200b\u200b(discipline, sharing, respect, self-fulfillment, body knowledge, etc.). Some gestures and techniques are even found in both disciplines (bounces, impacts, sliding, speed, etc.). Every Monday morning from January 2023 to June 2024, students are accompanied by EIC soloists and four young composers, under the direction of a choreographer. A final concert will present their work in May 2024 at the Philharmonie de Paris. This project is part of the Cultural Olympics of the City of Paris.<\/p>\n<p><strong>Our partners:<\/strong> <a href=\"https:\/\/philharmoniedeparis.fr\/fr\">Philharmonie de Paris<\/a>, <a href=\"https:\/\/www.paris.fr\/lieux\/ecole-elementaire-cave-669\">\u00c9cole Cav\u00e9. <\/a>With the support of <a href=\"https:\/\/www.sacem.fr\/\">Sacem.<\/a><\/p>\n<p><strong>Program:<\/strong><\/p>\n<ul>\n<li>Manon Lepauvre, <em>Kayak d&#8217;enfer<\/em><em>, <\/em>for flute, harp and percussion<\/li>\n<li>Aline Gorisse, <em>Pentathlon<\/em>, for flute, trompet and cello<\/li>\n<li>Daphn\u00e9 H\u00e9j\u00e9bri<em>, Traversio,<\/em> for flute, harp and percussion<\/li>\n<li>Jawher Matmati,<em> Score!<\/em>, for bass clarinet, harp and percussion<\/li>\n<\/ul>\n","protected":false},"excerpt":{"rendered":"<p>Discovering the contemporary repertoire requires a long time, to appreciate its richness and identify its experimental issues. This is why the Ensemble intercontemporain favors long-term residencies.<\/p>\n","protected":false},"author":145,"featured_media":25132,"parent":14834,"menu_order":0,"comment_status":"closed","ping_status":"closed","template":"page-templates\/actions-educatives-projet.php","meta":{"_acf_changed":false,"footnotes":""},"class_list":["post-25109","page","type-page","status-publish","has-post-thumbnail","hentry"],"acf":[],"yoast_head":"<!-- This site is optimized with the Yoast SEO plugin v27.6 - https:\/\/yoast.com\/product\/yoast-seo-wordpress\/ -->\n<title>Artistic residencies - Ensemble intercontemporain<\/title>\n<meta name=\"robots\" content=\"index, follow, max-snippet:-1, max-image-preview:large, max-video-preview:-1\" \/>\n<link rel=\"canonical\" href=\"https:\/\/www.ensembleintercontemporain.com\/en\/a-soloists-ensemble\/educational-actions\/residences-artistiques\/\" \/>\n<meta property=\"og:locale\" content=\"en_US\" \/>\n<meta property=\"og:type\" content=\"article\" \/>\n<meta property=\"og:title\" content=\"Artistic residencies - Ensemble intercontemporain\" \/>\n<meta property=\"og:description\" content=\"Discovering the contemporary repertoire requires a long time, to appreciate its richness and identify its experimental issues. This is why the Ensemble intercontemporain favors long-term residencies.\" \/>\n<meta property=\"og:url\" content=\"https:\/\/www.ensembleintercontemporain.com\/en\/a-soloists-ensemble\/educational-actions\/residences-artistiques\/\" \/>\n<meta property=\"og:site_name\" content=\"Ensemble intercontemporain\" \/>\n<meta property=\"article:modified_time\" content=\"2024-07-04T15:36:34+00:00\" \/>\n<meta property=\"og:image\" content=\"https:\/\/www.ensembleintercontemporain.com\/content\/uploads\/2023\/06\/00121-050623-eic-ecole-caveanne-elise-grosbois-e1686753424143.jpg\" \/>\n\t<meta property=\"og:image:width\" content=\"4719\" \/>\n\t<meta property=\"og:image:height\" content=\"2654\" \/>\n\t<meta property=\"og:image:type\" content=\"image\/jpeg\" \/>\n<meta name=\"twitter:card\" content=\"summary_large_image\" \/>\n<meta name=\"twitter:label1\" content=\"Est. reading time\" \/>\n\t<meta name=\"twitter:data1\" content=\"2 minutes\" \/>\n<script type=\"application\/ld+json\" class=\"yoast-schema-graph\">{\"@context\":\"https:\\\/\\\/schema.org\",\"@graph\":[{\"@type\":\"WebPage\",\"@id\":\"https:\\\/\\\/www.ensembleintercontemporain.com\\\/en\\\/a-soloists-ensemble\\\/educational-actions\\\/residences-artistiques\\\/\",\"url\":\"https:\\\/\\\/www.ensembleintercontemporain.com\\\/en\\\/a-soloists-ensemble\\\/educational-actions\\\/residences-artistiques\\\/\",\"name\":\"Artistic residencies - Ensemble intercontemporain\",\"isPartOf\":{\"@id\":\"https:\\\/\\\/www.ensembleintercontemporain.com\\\/en\\\/#website\"},\"primaryImageOfPage\":{\"@id\":\"https:\\\/\\\/www.ensembleintercontemporain.com\\\/en\\\/a-soloists-ensemble\\\/educational-actions\\\/residences-artistiques\\\/#primaryimage\"},\"image\":{\"@id\":\"https:\\\/\\\/www.ensembleintercontemporain.com\\\/en\\\/a-soloists-ensemble\\\/educational-actions\\\/residences-artistiques\\\/#primaryimage\"},\"thumbnailUrl\":\"https:\\\/\\\/www.ensembleintercontemporain.com\\\/content\\\/uploads\\\/2023\\\/06\\\/00121-050623-eic-ecole-caveanne-elise-grosbois-e1686753424143.jpg\",\"datePublished\":\"2023-05-10T15:34:17+00:00\",\"dateModified\":\"2024-07-04T15:36:34+00:00\",\"breadcrumb\":{\"@id\":\"https:\\\/\\\/www.ensembleintercontemporain.com\\\/en\\\/a-soloists-ensemble\\\/educational-actions\\\/residences-artistiques\\\/#breadcrumb\"},\"inLanguage\":\"en-US\",\"potentialAction\":[{\"@type\":\"ReadAction\",\"target\":[\"https:\\\/\\\/www.ensembleintercontemporain.com\\\/en\\\/a-soloists-ensemble\\\/educational-actions\\\/residences-artistiques\\\/\"]}]},{\"@type\":\"ImageObject\",\"inLanguage\":\"en-US\",\"@id\":\"https:\\\/\\\/www.ensembleintercontemporain.com\\\/en\\\/a-soloists-ensemble\\\/educational-actions\\\/residences-artistiques\\\/#primaryimage\",\"url\":\"https:\\\/\\\/www.ensembleintercontemporain.com\\\/content\\\/uploads\\\/2023\\\/06\\\/00121-050623-eic-ecole-caveanne-elise-grosbois-e1686753424143.jpg\",\"contentUrl\":\"https:\\\/\\\/www.ensembleintercontemporain.com\\\/content\\\/uploads\\\/2023\\\/06\\\/00121-050623-eic-ecole-caveanne-elise-grosbois-e1686753424143.jpg\",\"width\":4719,\"height\":2654},{\"@type\":\"BreadcrumbList\",\"@id\":\"https:\\\/\\\/www.ensembleintercontemporain.com\\\/en\\\/a-soloists-ensemble\\\/educational-actions\\\/residences-artistiques\\\/#breadcrumb\",\"itemListElement\":[{\"@type\":\"ListItem\",\"position\":1,\"name\":\"Home\",\"item\":\"https:\\\/\\\/www.ensembleintercontemporain.com\\\/en\\\/\"},{\"@type\":\"ListItem\",\"position\":2,\"name\":\"A soloists ensemble\",\"item\":\"https:\\\/\\\/www.ensembleintercontemporain.com\\\/en\\\/a-soloists-ensemble\\\/\"},{\"@type\":\"ListItem\",\"position\":3,\"name\":\"Educational activities\",\"item\":\"https:\\\/\\\/www.ensembleintercontemporain.com\\\/en\\\/a-soloists-ensemble\\\/educational-actions\\\/\"},{\"@type\":\"ListItem\",\"position\":4,\"name\":\"Artistic residencies\"}]},{\"@type\":\"WebSite\",\"@id\":\"https:\\\/\\\/www.ensembleintercontemporain.com\\\/en\\\/#website\",\"url\":\"https:\\\/\\\/www.ensembleintercontemporain.com\\\/en\\\/\",\"name\":\"Ensemble intercontemporain\",\"description\":\"\",\"potentialAction\":[{\"@type\":\"SearchAction\",\"target\":{\"@type\":\"EntryPoint\",\"urlTemplate\":\"https:\\\/\\\/www.ensembleintercontemporain.com\\\/en\\\/?s={search_term_string}\"},\"query-input\":{\"@type\":\"PropertyValueSpecification\",\"valueRequired\":true,\"valueName\":\"search_term_string\"}}],\"inLanguage\":\"en-US\"}]}<\/script>\n<!-- \/ Yoast SEO plugin. -->","yoast_head_json":{"title":"Artistic residencies - Ensemble intercontemporain","robots":{"index":"index","follow":"follow","max-snippet":"max-snippet:-1","max-image-preview":"max-image-preview:large","max-video-preview":"max-video-preview:-1"},"canonical":"https:\/\/www.ensembleintercontemporain.com\/en\/a-soloists-ensemble\/educational-actions\/residences-artistiques\/","og_locale":"en_US","og_type":"article","og_title":"Artistic residencies - Ensemble intercontemporain","og_description":"Discovering the contemporary repertoire requires a long time, to appreciate its richness and identify its experimental issues. This is why the Ensemble intercontemporain favors long-term residencies.","og_url":"https:\/\/www.ensembleintercontemporain.com\/en\/a-soloists-ensemble\/educational-actions\/residences-artistiques\/","og_site_name":"Ensemble intercontemporain","article_modified_time":"2024-07-04T15:36:34+00:00","og_image":[{"width":4719,"height":2654,"url":"https:\/\/www.ensembleintercontemporain.com\/content\/uploads\/2023\/06\/00121-050623-eic-ecole-caveanne-elise-grosbois-e1686753424143.jpg","type":"image\/jpeg"}],"twitter_card":"summary_large_image","twitter_misc":{"Est. reading time":"2 minutes"},"schema":{"@context":"https:\/\/schema.org","@graph":[{"@type":"WebPage","@id":"https:\/\/www.ensembleintercontemporain.com\/en\/a-soloists-ensemble\/educational-actions\/residences-artistiques\/","url":"https:\/\/www.ensembleintercontemporain.com\/en\/a-soloists-ensemble\/educational-actions\/residences-artistiques\/","name":"Artistic residencies - Ensemble intercontemporain","isPartOf":{"@id":"https:\/\/www.ensembleintercontemporain.com\/en\/#website"},"primaryImageOfPage":{"@id":"https:\/\/www.ensembleintercontemporain.com\/en\/a-soloists-ensemble\/educational-actions\/residences-artistiques\/#primaryimage"},"image":{"@id":"https:\/\/www.ensembleintercontemporain.com\/en\/a-soloists-ensemble\/educational-actions\/residences-artistiques\/#primaryimage"},"thumbnailUrl":"https:\/\/www.ensembleintercontemporain.com\/content\/uploads\/2023\/06\/00121-050623-eic-ecole-caveanne-elise-grosbois-e1686753424143.jpg","datePublished":"2023-05-10T15:34:17+00:00","dateModified":"2024-07-04T15:36:34+00:00","breadcrumb":{"@id":"https:\/\/www.ensembleintercontemporain.com\/en\/a-soloists-ensemble\/educational-actions\/residences-artistiques\/#breadcrumb"},"inLanguage":"en-US","potentialAction":[{"@type":"ReadAction","target":["https:\/\/www.ensembleintercontemporain.com\/en\/a-soloists-ensemble\/educational-actions\/residences-artistiques\/"]}]},{"@type":"ImageObject","inLanguage":"en-US","@id":"https:\/\/www.ensembleintercontemporain.com\/en\/a-soloists-ensemble\/educational-actions\/residences-artistiques\/#primaryimage","url":"https:\/\/www.ensembleintercontemporain.com\/content\/uploads\/2023\/06\/00121-050623-eic-ecole-caveanne-elise-grosbois-e1686753424143.jpg","contentUrl":"https:\/\/www.ensembleintercontemporain.com\/content\/uploads\/2023\/06\/00121-050623-eic-ecole-caveanne-elise-grosbois-e1686753424143.jpg","width":4719,"height":2654},{"@type":"BreadcrumbList","@id":"https:\/\/www.ensembleintercontemporain.com\/en\/a-soloists-ensemble\/educational-actions\/residences-artistiques\/#breadcrumb","itemListElement":[{"@type":"ListItem","position":1,"name":"Home","item":"https:\/\/www.ensembleintercontemporain.com\/en\/"},{"@type":"ListItem","position":2,"name":"A soloists ensemble","item":"https:\/\/www.ensembleintercontemporain.com\/en\/a-soloists-ensemble\/"},{"@type":"ListItem","position":3,"name":"Educational activities","item":"https:\/\/www.ensembleintercontemporain.com\/en\/a-soloists-ensemble\/educational-actions\/"},{"@type":"ListItem","position":4,"name":"Artistic residencies"}]},{"@type":"WebSite","@id":"https:\/\/www.ensembleintercontemporain.com\/en\/#website","url":"https:\/\/www.ensembleintercontemporain.com\/en\/","name":"Ensemble intercontemporain","description":"","potentialAction":[{"@type":"SearchAction","target":{"@type":"EntryPoint","urlTemplate":"https:\/\/www.ensembleintercontemporain.com\/en\/?s={search_term_string}"},"query-input":{"@type":"PropertyValueSpecification","valueRequired":true,"valueName":"search_term_string"}}],"inLanguage":"en-US"}]}},"_links":{"self":[{"href":"https:\/\/www.ensembleintercontemporain.com\/en\/wp-json\/wp\/v2\/pages\/25109\/"}],"collection":[{"href":"https:\/\/www.ensembleintercontemporain.com\/en\/wp-json\/wp\/v2\/pages\/"}],"about":[{"href":"https:\/\/www.ensembleintercontemporain.com\/en\/wp-json\/wp\/v2\/types\/page\/"}],"author":[{"embeddable":true,"href":"https:\/\/www.ensembleintercontemporain.com\/en\/wp-json\/wp\/v2\/users\/145\/"}],"replies":[{"embeddable":true,"href":"https:\/\/www.ensembleintercontemporain.com\/en\/wp-json\/wp\/v2\/comments\/?post=25109"}],"version-history":[{"count":5,"href":"https:\/\/www.ensembleintercontemporain.com\/en\/wp-json\/wp\/v2\/pages\/25109\/revisions\/"}],"predecessor-version":[{"id":27268,"href":"https:\/\/www.ensembleintercontemporain.com\/en\/wp-json\/wp\/v2\/pages\/25109\/revisions\/27268\/"}],"up":[{"embeddable":true,"href":"https:\/\/www.ensembleintercontemporain.com\/en\/wp-json\/wp\/v2\/pages\/14834\/"}],"wp:featuredmedia":[{"embeddable":true,"href":"https:\/\/www.ensembleintercontemporain.com\/en\/wp-json\/wp\/v2\/media\/25132\/"}],"wp:attachment":[{"href":"https:\/\/www.ensembleintercontemporain.com\/en\/wp-json\/wp\/v2\/media\/?parent=25109"}],"curies":[{"name":"wp","href":"https:\/\/api.w.org\/{rel}","templated":true}]}}