{"id":25041,"date":"2023-05-10T17:30:39","date_gmt":"2023-05-10T15:30:39","guid":{"rendered":"https:\/\/www.ensembleintercontemporain.com\/a-soloists-ensemble\/educational-actions\/outils-numeriques\/"},"modified":"2025-07-16T17:57:14","modified_gmt":"2025-07-16T15:57:14","slug":"outils-numeriques","status":"publish","type":"page","link":"https:\/\/www.ensembleintercontemporain.com\/en\/a-soloists-ensemble\/educational-actions\/outils-numeriques\/","title":{"rendered":"Digital tools"},"content":{"rendered":"<h2><span style=\"color: #ff4646;\">Musiconautes<\/span><\/h2>\n<ul>\n<li><strong>What:<\/strong> a pedagogical digital app<\/li>\n<li><strong>For whom:<\/strong> 8 to 12 year-old children<\/li>\n<li><strong>When<\/strong>: from\u00a0 March 2025<\/li>\n<li><strong>Where:<\/strong> on IPad<\/li>\n<\/ul>\n<p>Attentive to the challenges of digital mediation, the Ensemble intercontemporain seeks to develop interactive and fun digital tools to allow children aged 8 to 12 to appropriate contemporary music. This educational application is coordinated by the mediator and musicologist Cl\u00e9ment Lebrun. To be used on IPad, it is declined in different parts (listening, comparison, analysis) through three major works of the contemporary repertoire: the <em>Concerto de chambre<\/em> by Gy\u00f6rgy Ligeti (polyrhythm), <em>Dialogue by l&#8217;ombre double<\/em> by Pierre Boulez (spatialization) and <em>Piano Phase<\/em> by Steve Reich (repetition of a musical motif).<\/p>\n<p><strong>Program:<\/strong><\/p>\n<ul>\n<li>Pierre Boulez<em>, Dialogue de l\u2019ombre double<\/em>, for clarinet and tape<\/li>\n<li>Steve Reich, <em>Marimba phase<\/em>, for two marimbas<\/li>\n<li>Gy\u00f6rgy Ligeti, <em>Concerto de chambre<br \/>\n<\/em><\/li>\n<\/ul>\n<p><strong>Download on AppStore<\/strong>: <a href=\"https:\/\/apps.apple.com\/fr\/app\/les-musiconautes\/id6448696721\">app\/les-musiconautes<\/a><br \/>\n<strong>Download on Google store<\/strong> : <a href=\"https:\/\/play.google.com\/store\/apps\/details?id=com.ensembleintercontemporain.lesmusiconautes&amp;hl=fr\">app\/lesmusiconautes<\/a><\/p>\n<p><strong>Pedagogical booklet:<\/strong> <a href=\"http:\/\/www.ensembleintercontemporain.com\/content\/uploads\/2025\/01\/Livret-pedagogique-Les-Musiconautes.pdf\">Livret pe\u0301dagogique Les Musiconautes<\/a><\/p>\n<p><strong>Our partners:<\/strong> <a href=\"https:\/\/www.jelancemonedtech.fr\/edu-up\">Edu Up<\/a>, Cl\u00e9ment Lebrun<\/p>\n<p><img loading=\"lazy\" decoding=\"async\" class=\"aligncenter size-full wp-image-28567\" src=\"http:\/\/www.ensembleintercontemporain.com\/content\/uploads\/2025\/03\/presentation-musiconautespng.png\" alt=\"\" width=\"2436\" height=\"1125\" srcset=\"https:\/\/www.ensembleintercontemporain.com\/content\/uploads\/2025\/03\/presentation-musiconautespng.png 2436w, https:\/\/www.ensembleintercontemporain.com\/content\/uploads\/2025\/03\/presentation-musiconautespng-300x139.png 300w, https:\/\/www.ensembleintercontemporain.com\/content\/uploads\/2025\/03\/presentation-musiconautespng-1024x473.png 1024w, https:\/\/www.ensembleintercontemporain.com\/content\/uploads\/2025\/03\/presentation-musiconautespng-768x355.png 768w, https:\/\/www.ensembleintercontemporain.com\/content\/uploads\/2025\/03\/presentation-musiconautespng-1536x709.png 1536w, https:\/\/www.ensembleintercontemporain.com\/content\/uploads\/2025\/03\/presentation-musiconautespng-2048x946.png 2048w\" sizes=\"auto, (max-width: 2436px) 100vw, 2436px\" \/><\/p>\n<hr \/>\n<h2><span style=\"color: #ff4646;\">Modes de jeux<\/span><\/h2>\n<ul>\n<li><strong>What:<\/strong> a website<\/li>\n<li><strong>For whom:<\/strong> young interpreters and composers<\/li>\n<li><b>When:<\/b> from September 2025<\/li>\n<li><strong>Where:<\/strong> online<\/li>\n<\/ul>\n<p>The contemporary repertoire uses &#8220;extended&#8221; playing techniques, which allow musicians to explore their instrument in depth in order to find new sonorities. In order to encourage young composers and performers to become familiar with these particular modes of playing, the Ensemble intercontemporain wanted to develop a website to list them. Each technique is chosen, interpreted and commented on video by the soloists, under the supervision of composer and teacher Yan Maresz. This tool will allow young composers and performers to appropriate these new modes, identify their constraints and make the best use of the vast possibilities of their instruments.<\/p>\n<p><strong>Our partners:<\/strong> <a href=\"https:\/\/artmentor.ch\/en\/\">Art Mentor<\/a><\/p>\n<hr \/>\n<p>&nbsp;<\/p>\n","protected":false},"excerpt":{"rendered":"<p>Aware of today&#8217;s ever-evolving digital revolution, the Ensemble intercontemporain aims to develop resources accessible to a large audience, young people in particular, in order to share its extensive knowledge of the contemporary repertoire.<\/p>\n","protected":false},"author":145,"featured_media":22826,"parent":14834,"menu_order":0,"comment_status":"closed","ping_status":"closed","template":"page-templates\/actions-educatives-projet.php","meta":{"_acf_changed":false,"footnotes":""},"class_list":["post-25041","page","type-page","status-publish","has-post-thumbnail","hentry"],"acf":[],"yoast_head":"<!-- This site is optimized with the Yoast SEO plugin v27.6 - https:\/\/yoast.com\/product\/yoast-seo-wordpress\/ -->\n<title>Digital tools - Ensemble intercontemporain<\/title>\n<meta name=\"robots\" content=\"index, follow, max-snippet:-1, max-image-preview:large, max-video-preview:-1\" \/>\n<link rel=\"canonical\" href=\"https:\/\/www.ensembleintercontemporain.com\/en\/a-soloists-ensemble\/educational-actions\/outils-numeriques\/\" \/>\n<meta property=\"og:locale\" content=\"en_US\" \/>\n<meta property=\"og:type\" content=\"article\" \/>\n<meta property=\"og:title\" content=\"Digital tools - Ensemble intercontemporain\" \/>\n<meta property=\"og:description\" content=\"Aware of today&#039;s ever-evolving digital revolution, the Ensemble intercontemporain aims to develop resources accessible to a large audience, young people in particular, in order to share its extensive knowledge of the contemporary repertoire.\" \/>\n<meta property=\"og:url\" content=\"https:\/\/www.ensembleintercontemporain.com\/en\/a-soloists-ensemble\/educational-actions\/outils-numeriques\/\" \/>\n<meta property=\"og:site_name\" content=\"Ensemble intercontemporain\" \/>\n<meta property=\"article:modified_time\" content=\"2025-07-16T15:57:14+00:00\" \/>\n<meta property=\"og:image\" content=\"https:\/\/www.ensembleintercontemporain.com\/content\/uploads\/2022\/06\/akg1938903-2-1.jpg\" \/>\n\t<meta property=\"og:image:width\" content=\"1920\" \/>\n\t<meta property=\"og:image:height\" content=\"1280\" \/>\n\t<meta property=\"og:image:type\" content=\"image\/jpeg\" \/>\n<meta name=\"twitter:card\" content=\"summary_large_image\" \/>\n<meta name=\"twitter:label1\" content=\"Est. reading time\" \/>\n\t<meta name=\"twitter:data1\" content=\"2 minutes\" \/>\n<script type=\"application\/ld+json\" class=\"yoast-schema-graph\">{\"@context\":\"https:\\\/\\\/schema.org\",\"@graph\":[{\"@type\":\"WebPage\",\"@id\":\"https:\\\/\\\/www.ensembleintercontemporain.com\\\/en\\\/a-soloists-ensemble\\\/educational-actions\\\/outils-numeriques\\\/\",\"url\":\"https:\\\/\\\/www.ensembleintercontemporain.com\\\/en\\\/a-soloists-ensemble\\\/educational-actions\\\/outils-numeriques\\\/\",\"name\":\"Digital tools - Ensemble intercontemporain\",\"isPartOf\":{\"@id\":\"https:\\\/\\\/www.ensembleintercontemporain.com\\\/en\\\/#website\"},\"primaryImageOfPage\":{\"@id\":\"https:\\\/\\\/www.ensembleintercontemporain.com\\\/en\\\/a-soloists-ensemble\\\/educational-actions\\\/outils-numeriques\\\/#primaryimage\"},\"image\":{\"@id\":\"https:\\\/\\\/www.ensembleintercontemporain.com\\\/en\\\/a-soloists-ensemble\\\/educational-actions\\\/outils-numeriques\\\/#primaryimage\"},\"thumbnailUrl\":\"https:\\\/\\\/www.ensembleintercontemporain.com\\\/content\\\/uploads\\\/2022\\\/06\\\/akg1938903-2-1.jpg\",\"datePublished\":\"2023-05-10T15:30:39+00:00\",\"dateModified\":\"2025-07-16T15:57:14+00:00\",\"breadcrumb\":{\"@id\":\"https:\\\/\\\/www.ensembleintercontemporain.com\\\/en\\\/a-soloists-ensemble\\\/educational-actions\\\/outils-numeriques\\\/#breadcrumb\"},\"inLanguage\":\"en-US\",\"potentialAction\":[{\"@type\":\"ReadAction\",\"target\":[\"https:\\\/\\\/www.ensembleintercontemporain.com\\\/en\\\/a-soloists-ensemble\\\/educational-actions\\\/outils-numeriques\\\/\"]}]},{\"@type\":\"ImageObject\",\"inLanguage\":\"en-US\",\"@id\":\"https:\\\/\\\/www.ensembleintercontemporain.com\\\/en\\\/a-soloists-ensemble\\\/educational-actions\\\/outils-numeriques\\\/#primaryimage\",\"url\":\"https:\\\/\\\/www.ensembleintercontemporain.com\\\/content\\\/uploads\\\/2022\\\/06\\\/akg1938903-2-1.jpg\",\"contentUrl\":\"https:\\\/\\\/www.ensembleintercontemporain.com\\\/content\\\/uploads\\\/2022\\\/06\\\/akg1938903-2-1.jpg\",\"width\":1920,\"height\":1280,\"caption\":\"Manoury, Philippe ; compositeur fran\u00e7ais ; n\u00e9 le 19.6.1952 \u00e0 Tulle. R\u00e9p\u00e9tition g\u00e9n\u00e9rale de sa composition \u201cPluton\u201d \u00e0 l\u2019IRCAM (Institut de Recherche et Coordination Acoustique) \u00e0 Paris : ordinateur portable et partition de Manoury. Juin 2012.\"},{\"@type\":\"BreadcrumbList\",\"@id\":\"https:\\\/\\\/www.ensembleintercontemporain.com\\\/en\\\/a-soloists-ensemble\\\/educational-actions\\\/outils-numeriques\\\/#breadcrumb\",\"itemListElement\":[{\"@type\":\"ListItem\",\"position\":1,\"name\":\"Home\",\"item\":\"https:\\\/\\\/www.ensembleintercontemporain.com\\\/en\\\/\"},{\"@type\":\"ListItem\",\"position\":2,\"name\":\"A soloists ensemble\",\"item\":\"https:\\\/\\\/www.ensembleintercontemporain.com\\\/en\\\/a-soloists-ensemble\\\/\"},{\"@type\":\"ListItem\",\"position\":3,\"name\":\"Educational activities\",\"item\":\"https:\\\/\\\/www.ensembleintercontemporain.com\\\/en\\\/a-soloists-ensemble\\\/educational-actions\\\/\"},{\"@type\":\"ListItem\",\"position\":4,\"name\":\"Digital tools\"}]},{\"@type\":\"WebSite\",\"@id\":\"https:\\\/\\\/www.ensembleintercontemporain.com\\\/en\\\/#website\",\"url\":\"https:\\\/\\\/www.ensembleintercontemporain.com\\\/en\\\/\",\"name\":\"Ensemble intercontemporain\",\"description\":\"\",\"potentialAction\":[{\"@type\":\"SearchAction\",\"target\":{\"@type\":\"EntryPoint\",\"urlTemplate\":\"https:\\\/\\\/www.ensembleintercontemporain.com\\\/en\\\/?s={search_term_string}\"},\"query-input\":{\"@type\":\"PropertyValueSpecification\",\"valueRequired\":true,\"valueName\":\"search_term_string\"}}],\"inLanguage\":\"en-US\"}]}<\/script>\n<!-- \/ Yoast SEO plugin. -->","yoast_head_json":{"title":"Digital tools - Ensemble intercontemporain","robots":{"index":"index","follow":"follow","max-snippet":"max-snippet:-1","max-image-preview":"max-image-preview:large","max-video-preview":"max-video-preview:-1"},"canonical":"https:\/\/www.ensembleintercontemporain.com\/en\/a-soloists-ensemble\/educational-actions\/outils-numeriques\/","og_locale":"en_US","og_type":"article","og_title":"Digital tools - Ensemble intercontemporain","og_description":"Aware of today's ever-evolving digital revolution, the Ensemble intercontemporain aims to develop resources accessible to a large audience, young people in particular, in order to share its extensive knowledge of the contemporary repertoire.","og_url":"https:\/\/www.ensembleintercontemporain.com\/en\/a-soloists-ensemble\/educational-actions\/outils-numeriques\/","og_site_name":"Ensemble intercontemporain","article_modified_time":"2025-07-16T15:57:14+00:00","og_image":[{"width":1920,"height":1280,"url":"https:\/\/www.ensembleintercontemporain.com\/content\/uploads\/2022\/06\/akg1938903-2-1.jpg","type":"image\/jpeg"}],"twitter_card":"summary_large_image","twitter_misc":{"Est. reading time":"2 minutes"},"schema":{"@context":"https:\/\/schema.org","@graph":[{"@type":"WebPage","@id":"https:\/\/www.ensembleintercontemporain.com\/en\/a-soloists-ensemble\/educational-actions\/outils-numeriques\/","url":"https:\/\/www.ensembleintercontemporain.com\/en\/a-soloists-ensemble\/educational-actions\/outils-numeriques\/","name":"Digital tools - Ensemble intercontemporain","isPartOf":{"@id":"https:\/\/www.ensembleintercontemporain.com\/en\/#website"},"primaryImageOfPage":{"@id":"https:\/\/www.ensembleintercontemporain.com\/en\/a-soloists-ensemble\/educational-actions\/outils-numeriques\/#primaryimage"},"image":{"@id":"https:\/\/www.ensembleintercontemporain.com\/en\/a-soloists-ensemble\/educational-actions\/outils-numeriques\/#primaryimage"},"thumbnailUrl":"https:\/\/www.ensembleintercontemporain.com\/content\/uploads\/2022\/06\/akg1938903-2-1.jpg","datePublished":"2023-05-10T15:30:39+00:00","dateModified":"2025-07-16T15:57:14+00:00","breadcrumb":{"@id":"https:\/\/www.ensembleintercontemporain.com\/en\/a-soloists-ensemble\/educational-actions\/outils-numeriques\/#breadcrumb"},"inLanguage":"en-US","potentialAction":[{"@type":"ReadAction","target":["https:\/\/www.ensembleintercontemporain.com\/en\/a-soloists-ensemble\/educational-actions\/outils-numeriques\/"]}]},{"@type":"ImageObject","inLanguage":"en-US","@id":"https:\/\/www.ensembleintercontemporain.com\/en\/a-soloists-ensemble\/educational-actions\/outils-numeriques\/#primaryimage","url":"https:\/\/www.ensembleintercontemporain.com\/content\/uploads\/2022\/06\/akg1938903-2-1.jpg","contentUrl":"https:\/\/www.ensembleintercontemporain.com\/content\/uploads\/2022\/06\/akg1938903-2-1.jpg","width":1920,"height":1280,"caption":"Manoury, Philippe ; compositeur fran\u00e7ais ; n\u00e9 le 19.6.1952 \u00e0 Tulle. R\u00e9p\u00e9tition g\u00e9n\u00e9rale de sa composition \u201cPluton\u201d \u00e0 l\u2019IRCAM (Institut de Recherche et Coordination Acoustique) \u00e0 Paris : ordinateur portable et partition de Manoury. Juin 2012."},{"@type":"BreadcrumbList","@id":"https:\/\/www.ensembleintercontemporain.com\/en\/a-soloists-ensemble\/educational-actions\/outils-numeriques\/#breadcrumb","itemListElement":[{"@type":"ListItem","position":1,"name":"Home","item":"https:\/\/www.ensembleintercontemporain.com\/en\/"},{"@type":"ListItem","position":2,"name":"A soloists ensemble","item":"https:\/\/www.ensembleintercontemporain.com\/en\/a-soloists-ensemble\/"},{"@type":"ListItem","position":3,"name":"Educational activities","item":"https:\/\/www.ensembleintercontemporain.com\/en\/a-soloists-ensemble\/educational-actions\/"},{"@type":"ListItem","position":4,"name":"Digital tools"}]},{"@type":"WebSite","@id":"https:\/\/www.ensembleintercontemporain.com\/en\/#website","url":"https:\/\/www.ensembleintercontemporain.com\/en\/","name":"Ensemble intercontemporain","description":"","potentialAction":[{"@type":"SearchAction","target":{"@type":"EntryPoint","urlTemplate":"https:\/\/www.ensembleintercontemporain.com\/en\/?s={search_term_string}"},"query-input":{"@type":"PropertyValueSpecification","valueRequired":true,"valueName":"search_term_string"}}],"inLanguage":"en-US"}]}},"_links":{"self":[{"href":"https:\/\/www.ensembleintercontemporain.com\/en\/wp-json\/wp\/v2\/pages\/25041\/"}],"collection":[{"href":"https:\/\/www.ensembleintercontemporain.com\/en\/wp-json\/wp\/v2\/pages\/"}],"about":[{"href":"https:\/\/www.ensembleintercontemporain.com\/en\/wp-json\/wp\/v2\/types\/page\/"}],"author":[{"embeddable":true,"href":"https:\/\/www.ensembleintercontemporain.com\/en\/wp-json\/wp\/v2\/users\/145\/"}],"replies":[{"embeddable":true,"href":"https:\/\/www.ensembleintercontemporain.com\/en\/wp-json\/wp\/v2\/comments\/?post=25041"}],"version-history":[{"count":11,"href":"https:\/\/www.ensembleintercontemporain.com\/en\/wp-json\/wp\/v2\/pages\/25041\/revisions\/"}],"predecessor-version":[{"id":29436,"href":"https:\/\/www.ensembleintercontemporain.com\/en\/wp-json\/wp\/v2\/pages\/25041\/revisions\/29436\/"}],"up":[{"embeddable":true,"href":"https:\/\/www.ensembleintercontemporain.com\/en\/wp-json\/wp\/v2\/pages\/14834\/"}],"wp:featuredmedia":[{"embeddable":true,"href":"https:\/\/www.ensembleintercontemporain.com\/en\/wp-json\/wp\/v2\/media\/22826\/"}],"wp:attachment":[{"href":"https:\/\/www.ensembleintercontemporain.com\/en\/wp-json\/wp\/v2\/media\/?parent=25041"}],"curies":[{"name":"wp","href":"https:\/\/api.w.org\/{rel}","templated":true}]}}