{"id":19261,"date":"2020-07-20T16:02:08","date_gmt":"2020-07-20T14:02:08","guid":{"rendered":"https:\/\/www.ensembleintercontemporain.com\/?page_id=19261"},"modified":"2024-01-31T13:01:23","modified_gmt":"2024-01-31T12:01:23","slug":"vous-etes-une-entreprise","status":"publish","type":"page","link":"https:\/\/www.ensembleintercontemporain.com\/en\/a-soloists-ensemble\/philanthropy\/vous-etes-une-entreprise\/","title":{"rendered":"Vous \u00eates une entreprise"},"content":{"rendered":"<p class=\"excerpt\">L\u2019\u00e9quipe de l\u2019Ensemble est \u00e0 votre \u00e9coute pour envisager des contreparties sur mesure<\/p>\n<h3>D\u00c9COUVREZ L\u2019ENSEMBLE DE L\u2019INT\u00c9RIEUR<\/h3>\n<p>Rencontres avec les solistes, le directeur musical, les artistes invit\u00e9.e.s mais aussi les cr\u00e9ateurs, compositeurs.trices et musicologues. Acc\u00e8s privil\u00e9gi\u00e9 aux coulisses de la Philharmonie de Paris et au travail des solistes\u00a0: visite des salles, invitations aux r\u00e9p\u00e9titions, aux avant-premi\u00e8res des \u0153uvres en cr\u00e9ation, aux avant et apr\u00e8s-concerts.<\/p>\n<h3>ORGANISEZ UN \u00c9V\u00c9NEMENT SUR-MESURE CHEZ VOUS<\/h3>\n<p>Possibilit\u00e9 d\u2019organiser un concert ou un atelier participatif adapt\u00e9 \u00e0 votre lieu pour \u00e9veiller la curiosit\u00e9 de vos collaborateurs.trices et clients.es. Une organisation souple et efficace\u00a0: un ensemble \u00e0 g\u00e9om\u00e9trie variable, un r\u00e9pertoire musical de plus de 2000 \u0153uvres interpr\u00e9t\u00e9es par des solistes d\u2019excellence, des \u0153uvres choisies avec vous et adapt\u00e9es \u00e0 votre lieu.<\/p>\n<h3>ASSOCIEZ VOTRE IMAGE \u00c0 UNE INSTITUTION RENOMM\u00c9E<\/h3>\n<p>Visibilit\u00e9 sur nos diff\u00e9rents supports et rayonnement de votre image en France et \u00e0 l\u2019international\u00a0: brochures de saison, revue en ligne, site internet, newsletter, programme des concerts sur le territoire et lors des tourn\u00e9es \u00e0 l\u2019\u00e9tranger.<\/p>\n<h3>PROFITEZ D\u2019OPPORTUNIT\u00c9S DE RELATIONS PUBLIQUES PRESTIGIEUSES<\/h3>\n<p>Invitations et tarifs r\u00e9duits aux concerts pour vos \u00e9quipes et clients, acc\u00e8s aux r\u00e9p\u00e9titions g\u00e9n\u00e9rales.<br \/>\nOrganisation d\u2019\u00e9v\u00e8nements sur-mesure les soirs de concert\u00a0: accueil personnalis\u00e9, cocktail d\u2019entracte ou d\u2019apr\u00e8s concert en pr\u00e9sence des artistes.<\/p>\n<h3>B\u00c9N\u00c9FICIEZ D\u2019UN SYST\u00c8ME FISCALEMENT AVANTAGEUX<\/h3>\n<p>Entreprises, vous b\u00e9n\u00e9ficiez d\u2019une r\u00e9duction d\u2019imp\u00f4t \u00e9gale \u00e0 60% du montant du don (dans la limite de 0.5% de votre chiffre d\u2019affaires HT).<br \/>\nParticuliers, vous b\u00e9n\u00e9ficiez d\u2019une r\u00e9duction d\u2019imp\u00f4t \u00e9gale \u00e0 66% du montant du don (dans la limite de 20% de revenu imposable).<\/p>\n<hr \/>\n<h3>POUR PLUS D&#8217;INFORMATIONS<\/h3>\n<p>Claire de Montgolfier<br \/>\nCharg\u00e9e de communication &amp; de relations ext\u00e9rieures<br \/>\n+ 33 (0)1 44 84 44 53<br \/>\nc.demontgolfier@ensembleinter.com<\/p>\n<hr \/>\n","protected":false},"excerpt":{"rendered":"<p>L\u2019\u00e9quipe de l\u2019Ensemble est \u00e0 votre \u00e9coute pour envisager des contreparties sur mesure D\u00c9COUVREZ L\u2019ENSEMBLE DE L\u2019INT\u00c9RIEUR Rencontres avec les solistes, le directeur musical, les artistes invit\u00e9.e.s mais aussi les cr\u00e9ateurs, compositeurs.trices et musicologues. Acc\u00e8s privil\u00e9gi\u00e9 aux coulisses de la Philharmonie de Paris et au travail des solistes\u00a0: visite des salles, invitations aux r\u00e9p\u00e9titions, aux [&hellip;]<\/p>\n","protected":false},"author":2,"featured_media":0,"parent":14843,"menu_order":0,"comment_status":"closed","ping_status":"closed","template":"page-templates\/mecenat-entreprise.php","meta":{"_acf_changed":false,"footnotes":""},"class_list":["post-19261","page","type-page","status-publish","hentry"],"acf":[],"yoast_head":"<!-- This site is optimized with the Yoast SEO plugin v27.6 - https:\/\/yoast.com\/product\/yoast-seo-wordpress\/ -->\n<title>Vous \u00eates une entreprise - Ensemble intercontemporain<\/title>\n<meta name=\"robots\" content=\"index, follow, max-snippet:-1, max-image-preview:large, max-video-preview:-1\" \/>\n<link rel=\"canonical\" href=\"https:\/\/www.ensembleintercontemporain.com\/en\/a-soloists-ensemble\/philanthropy\/vous-etes-une-entreprise\/\" \/>\n<meta property=\"og:locale\" content=\"en_US\" \/>\n<meta property=\"og:type\" content=\"article\" \/>\n<meta property=\"og:title\" content=\"Vous \u00eates une entreprise - Ensemble intercontemporain\" \/>\n<meta property=\"og:description\" content=\"L\u2019\u00e9quipe de l\u2019Ensemble est \u00e0 votre \u00e9coute pour envisager des contreparties sur mesure D\u00c9COUVREZ L\u2019ENSEMBLE DE L\u2019INT\u00c9RIEUR Rencontres avec les solistes, le directeur musical, les artistes invit\u00e9.e.s mais aussi les cr\u00e9ateurs, compositeurs.trices et musicologues. Acc\u00e8s privil\u00e9gi\u00e9 aux coulisses de la Philharmonie de Paris et au travail des solistes\u00a0: visite des salles, invitations aux r\u00e9p\u00e9titions, aux [&hellip;]\" \/>\n<meta property=\"og:url\" content=\"https:\/\/www.ensembleintercontemporain.com\/en\/a-soloists-ensemble\/philanthropy\/vous-etes-une-entreprise\/\" \/>\n<meta property=\"og:site_name\" content=\"Ensemble intercontemporain\" \/>\n<meta property=\"article:modified_time\" content=\"2024-01-31T12:01:23+00:00\" \/>\n<meta name=\"twitter:card\" content=\"summary_large_image\" \/>\n<meta name=\"twitter:label1\" content=\"Est. reading time\" \/>\n\t<meta name=\"twitter:data1\" content=\"2 minutes\" \/>\n<script type=\"application\/ld+json\" class=\"yoast-schema-graph\">{\"@context\":\"https:\\\/\\\/schema.org\",\"@graph\":[{\"@type\":\"WebPage\",\"@id\":\"https:\\\/\\\/www.ensembleintercontemporain.com\\\/en\\\/a-soloists-ensemble\\\/philanthropy\\\/vous-etes-une-entreprise\\\/\",\"url\":\"https:\\\/\\\/www.ensembleintercontemporain.com\\\/en\\\/a-soloists-ensemble\\\/philanthropy\\\/vous-etes-une-entreprise\\\/\",\"name\":\"Vous \u00eates une entreprise - Ensemble intercontemporain\",\"isPartOf\":{\"@id\":\"https:\\\/\\\/www.ensembleintercontemporain.com\\\/en\\\/#website\"},\"datePublished\":\"2020-07-20T14:02:08+00:00\",\"dateModified\":\"2024-01-31T12:01:23+00:00\",\"breadcrumb\":{\"@id\":\"https:\\\/\\\/www.ensembleintercontemporain.com\\\/en\\\/a-soloists-ensemble\\\/philanthropy\\\/vous-etes-une-entreprise\\\/#breadcrumb\"},\"inLanguage\":\"en-US\",\"potentialAction\":[{\"@type\":\"ReadAction\",\"target\":[\"https:\\\/\\\/www.ensembleintercontemporain.com\\\/en\\\/a-soloists-ensemble\\\/philanthropy\\\/vous-etes-une-entreprise\\\/\"]}]},{\"@type\":\"BreadcrumbList\",\"@id\":\"https:\\\/\\\/www.ensembleintercontemporain.com\\\/en\\\/a-soloists-ensemble\\\/philanthropy\\\/vous-etes-une-entreprise\\\/#breadcrumb\",\"itemListElement\":[{\"@type\":\"ListItem\",\"position\":1,\"name\":\"Home\",\"item\":\"https:\\\/\\\/www.ensembleintercontemporain.com\\\/en\\\/\"},{\"@type\":\"ListItem\",\"position\":2,\"name\":\"A soloists ensemble\",\"item\":\"https:\\\/\\\/www.ensembleintercontemporain.com\\\/en\\\/a-soloists-ensemble\\\/\"},{\"@type\":\"ListItem\",\"position\":3,\"name\":\"Support us\",\"item\":\"https:\\\/\\\/www.ensembleintercontemporain.com\\\/en\\\/a-soloists-ensemble\\\/philanthropy\\\/\"},{\"@type\":\"ListItem\",\"position\":4,\"name\":\"Vous \u00eates une entreprise\"}]},{\"@type\":\"WebSite\",\"@id\":\"https:\\\/\\\/www.ensembleintercontemporain.com\\\/en\\\/#website\",\"url\":\"https:\\\/\\\/www.ensembleintercontemporain.com\\\/en\\\/\",\"name\":\"Ensemble intercontemporain\",\"description\":\"\",\"potentialAction\":[{\"@type\":\"SearchAction\",\"target\":{\"@type\":\"EntryPoint\",\"urlTemplate\":\"https:\\\/\\\/www.ensembleintercontemporain.com\\\/en\\\/?s={search_term_string}\"},\"query-input\":{\"@type\":\"PropertyValueSpecification\",\"valueRequired\":true,\"valueName\":\"search_term_string\"}}],\"inLanguage\":\"en-US\"}]}<\/script>\n<!-- \/ Yoast SEO plugin. -->","yoast_head_json":{"title":"Vous \u00eates une entreprise - Ensemble intercontemporain","robots":{"index":"index","follow":"follow","max-snippet":"max-snippet:-1","max-image-preview":"max-image-preview:large","max-video-preview":"max-video-preview:-1"},"canonical":"https:\/\/www.ensembleintercontemporain.com\/en\/a-soloists-ensemble\/philanthropy\/vous-etes-une-entreprise\/","og_locale":"en_US","og_type":"article","og_title":"Vous \u00eates une entreprise - Ensemble intercontemporain","og_description":"L\u2019\u00e9quipe de l\u2019Ensemble est \u00e0 votre \u00e9coute pour envisager des contreparties sur mesure D\u00c9COUVREZ L\u2019ENSEMBLE DE L\u2019INT\u00c9RIEUR Rencontres avec les solistes, le directeur musical, les artistes invit\u00e9.e.s mais aussi les cr\u00e9ateurs, compositeurs.trices et musicologues. Acc\u00e8s privil\u00e9gi\u00e9 aux coulisses de la Philharmonie de Paris et au travail des solistes\u00a0: visite des salles, invitations aux r\u00e9p\u00e9titions, aux [&hellip;]","og_url":"https:\/\/www.ensembleintercontemporain.com\/en\/a-soloists-ensemble\/philanthropy\/vous-etes-une-entreprise\/","og_site_name":"Ensemble intercontemporain","article_modified_time":"2024-01-31T12:01:23+00:00","twitter_card":"summary_large_image","twitter_misc":{"Est. reading time":"2 minutes"},"schema":{"@context":"https:\/\/schema.org","@graph":[{"@type":"WebPage","@id":"https:\/\/www.ensembleintercontemporain.com\/en\/a-soloists-ensemble\/philanthropy\/vous-etes-une-entreprise\/","url":"https:\/\/www.ensembleintercontemporain.com\/en\/a-soloists-ensemble\/philanthropy\/vous-etes-une-entreprise\/","name":"Vous \u00eates une entreprise - Ensemble intercontemporain","isPartOf":{"@id":"https:\/\/www.ensembleintercontemporain.com\/en\/#website"},"datePublished":"2020-07-20T14:02:08+00:00","dateModified":"2024-01-31T12:01:23+00:00","breadcrumb":{"@id":"https:\/\/www.ensembleintercontemporain.com\/en\/a-soloists-ensemble\/philanthropy\/vous-etes-une-entreprise\/#breadcrumb"},"inLanguage":"en-US","potentialAction":[{"@type":"ReadAction","target":["https:\/\/www.ensembleintercontemporain.com\/en\/a-soloists-ensemble\/philanthropy\/vous-etes-une-entreprise\/"]}]},{"@type":"BreadcrumbList","@id":"https:\/\/www.ensembleintercontemporain.com\/en\/a-soloists-ensemble\/philanthropy\/vous-etes-une-entreprise\/#breadcrumb","itemListElement":[{"@type":"ListItem","position":1,"name":"Home","item":"https:\/\/www.ensembleintercontemporain.com\/en\/"},{"@type":"ListItem","position":2,"name":"A soloists ensemble","item":"https:\/\/www.ensembleintercontemporain.com\/en\/a-soloists-ensemble\/"},{"@type":"ListItem","position":3,"name":"Support us","item":"https:\/\/www.ensembleintercontemporain.com\/en\/a-soloists-ensemble\/philanthropy\/"},{"@type":"ListItem","position":4,"name":"Vous \u00eates une entreprise"}]},{"@type":"WebSite","@id":"https:\/\/www.ensembleintercontemporain.com\/en\/#website","url":"https:\/\/www.ensembleintercontemporain.com\/en\/","name":"Ensemble intercontemporain","description":"","potentialAction":[{"@type":"SearchAction","target":{"@type":"EntryPoint","urlTemplate":"https:\/\/www.ensembleintercontemporain.com\/en\/?s={search_term_string}"},"query-input":{"@type":"PropertyValueSpecification","valueRequired":true,"valueName":"search_term_string"}}],"inLanguage":"en-US"}]}},"_links":{"self":[{"href":"https:\/\/www.ensembleintercontemporain.com\/en\/wp-json\/wp\/v2\/pages\/19261\/"}],"collection":[{"href":"https:\/\/www.ensembleintercontemporain.com\/en\/wp-json\/wp\/v2\/pages\/"}],"about":[{"href":"https:\/\/www.ensembleintercontemporain.com\/en\/wp-json\/wp\/v2\/types\/page\/"}],"author":[{"embeddable":true,"href":"https:\/\/www.ensembleintercontemporain.com\/en\/wp-json\/wp\/v2\/users\/2\/"}],"replies":[{"embeddable":true,"href":"https:\/\/www.ensembleintercontemporain.com\/en\/wp-json\/wp\/v2\/comments\/?post=19261"}],"version-history":[{"count":3,"href":"https:\/\/www.ensembleintercontemporain.com\/en\/wp-json\/wp\/v2\/pages\/19261\/revisions\/"}],"predecessor-version":[{"id":26189,"href":"https:\/\/www.ensembleintercontemporain.com\/en\/wp-json\/wp\/v2\/pages\/19261\/revisions\/26189\/"}],"up":[{"embeddable":true,"href":"https:\/\/www.ensembleintercontemporain.com\/en\/wp-json\/wp\/v2\/pages\/14843\/"}],"wp:attachment":[{"href":"https:\/\/www.ensembleintercontemporain.com\/en\/wp-json\/wp\/v2\/media\/?parent=19261"}],"curies":[{"name":"wp","href":"https:\/\/api.w.org\/{rel}","templated":true}]}}