{"id":19259,"date":"2020-07-20T16:08:00","date_gmt":"2020-07-20T14:08:00","guid":{"rendered":"https:\/\/www.ensembleintercontemporain.com\/?page_id=19259"},"modified":"2021-02-19T15:28:56","modified_gmt":"2021-02-19T14:28:56","slug":"vous-etes-un-particulier","status":"publish","type":"page","link":"https:\/\/www.ensembleintercontemporain.com\/en\/a-soloists-ensemble\/philanthropy\/vous-etes-un-particulier\/","title":{"rendered":"Vous \u00eates un particulier"},"content":{"rendered":"<p class=\"title\">50 \u20ac<\/p>\n<p><strong>Donateur.trice<\/strong><\/p>\n<ul>\n<li>1 disque de l\u2019Ensemble<\/li>\n<li>1 tote bag<\/li>\n<\/ul>\n<p class=\"title\">150 \u20ac<\/p>\n<p><strong>Bienfaiteur.trice<\/strong><\/p>\n<ul>\n<li>1 disque de l\u2019Ensemble<\/li>\n<li>1 tote bag<\/li>\n<li>1 invitation par saison au concert de votre choix<\/li>\n<\/ul>\n<p class=\"title\">300 \u20ac<\/p>\n<p><strong>Ami.e<\/strong><\/p>\n<ul>\n<li>1 disque de l\u2019Ensemble<\/li>\n<li>1 tote bag<\/li>\n<li>2 invitations par saison \u00e0 une r\u00e9p\u00e9tition g\u00e9n\u00e9rale et\/ou comment\u00e9e<\/li>\n<li>1 invitation par saison au concert de votre choix<\/li>\n<\/ul>\n<p class=\"title\">500 \u20ac ET PLUS<\/p>\n<p><strong>M\u00e9c\u00e8ne<\/strong><\/p>\n<ul>\n<li>1 disque de l\u2019Ensemble<\/li>\n<li>1 tote bag<\/li>\n<li>2 invitations par saison \u00e0 une r\u00e9p\u00e9tition g\u00e9n\u00e9rale et\/ou comment\u00e9e<\/li>\n<li>2 invitations par saison au concert de votre choix<\/li>\n<li>Possibilit\u00e9 d\u2019acc\u00e8s backstage sur r\u00e9servation<\/li>\n<\/ul>\n<hr \/>\n","protected":false},"excerpt":{"rendered":"<p>50 \u20ac Donateur.trice 1 disque de l\u2019Ensemble 1 tote bag 150 \u20ac Bienfaiteur.trice 1 disque de l\u2019Ensemble 1 tote bag 1 invitation par saison au concert de votre choix 300 \u20ac Ami.e 1 disque de l\u2019Ensemble 1 tote bag 2 invitations par saison \u00e0 une r\u00e9p\u00e9tition g\u00e9n\u00e9rale et\/ou comment\u00e9e 1 invitation par saison au concert [&hellip;]<\/p>\n","protected":false},"author":2,"featured_media":0,"parent":14843,"menu_order":0,"comment_status":"closed","ping_status":"closed","template":"page-templates\/mecenat-particulier.php","meta":{"_acf_changed":false,"footnotes":""},"class_list":["post-19259","page","type-page","status-publish","hentry"],"acf":[],"yoast_head":"<!-- This site is optimized with the Yoast SEO plugin v27.6 - https:\/\/yoast.com\/product\/yoast-seo-wordpress\/ -->\n<title>Vous \u00eates un particulier - Ensemble intercontemporain<\/title>\n<meta name=\"robots\" content=\"index, follow, max-snippet:-1, max-image-preview:large, max-video-preview:-1\" \/>\n<link rel=\"canonical\" href=\"https:\/\/www.ensembleintercontemporain.com\/en\/a-soloists-ensemble\/philanthropy\/vous-etes-un-particulier\/\" \/>\n<meta property=\"og:locale\" content=\"en_US\" \/>\n<meta property=\"og:type\" content=\"article\" \/>\n<meta property=\"og:title\" content=\"Vous \u00eates un particulier - Ensemble intercontemporain\" \/>\n<meta property=\"og:description\" content=\"50 \u20ac Donateur.trice 1 disque de l\u2019Ensemble 1 tote bag 150 \u20ac Bienfaiteur.trice 1 disque de l\u2019Ensemble 1 tote bag 1 invitation par saison au concert de votre choix 300 \u20ac Ami.e 1 disque de l\u2019Ensemble 1 tote bag 2 invitations par saison \u00e0 une r\u00e9p\u00e9tition g\u00e9n\u00e9rale et\/ou comment\u00e9e 1 invitation par saison au concert [&hellip;]\" \/>\n<meta property=\"og:url\" content=\"https:\/\/www.ensembleintercontemporain.com\/en\/a-soloists-ensemble\/philanthropy\/vous-etes-un-particulier\/\" \/>\n<meta property=\"og:site_name\" content=\"Ensemble intercontemporain\" \/>\n<meta property=\"article:modified_time\" content=\"2021-02-19T14:28:56+00:00\" \/>\n<meta name=\"twitter:card\" content=\"summary_large_image\" \/>\n<script type=\"application\/ld+json\" class=\"yoast-schema-graph\">{\"@context\":\"https:\\\/\\\/schema.org\",\"@graph\":[{\"@type\":\"WebPage\",\"@id\":\"https:\\\/\\\/www.ensembleintercontemporain.com\\\/en\\\/a-soloists-ensemble\\\/philanthropy\\\/vous-etes-un-particulier\\\/\",\"url\":\"https:\\\/\\\/www.ensembleintercontemporain.com\\\/en\\\/a-soloists-ensemble\\\/philanthropy\\\/vous-etes-un-particulier\\\/\",\"name\":\"Vous \u00eates un particulier - Ensemble intercontemporain\",\"isPartOf\":{\"@id\":\"https:\\\/\\\/www.ensembleintercontemporain.com\\\/en\\\/#website\"},\"datePublished\":\"2020-07-20T14:08:00+00:00\",\"dateModified\":\"2021-02-19T14:28:56+00:00\",\"breadcrumb\":{\"@id\":\"https:\\\/\\\/www.ensembleintercontemporain.com\\\/en\\\/a-soloists-ensemble\\\/philanthropy\\\/vous-etes-un-particulier\\\/#breadcrumb\"},\"inLanguage\":\"en-US\",\"potentialAction\":[{\"@type\":\"ReadAction\",\"target\":[\"https:\\\/\\\/www.ensembleintercontemporain.com\\\/en\\\/a-soloists-ensemble\\\/philanthropy\\\/vous-etes-un-particulier\\\/\"]}]},{\"@type\":\"BreadcrumbList\",\"@id\":\"https:\\\/\\\/www.ensembleintercontemporain.com\\\/en\\\/a-soloists-ensemble\\\/philanthropy\\\/vous-etes-un-particulier\\\/#breadcrumb\",\"itemListElement\":[{\"@type\":\"ListItem\",\"position\":1,\"name\":\"Home\",\"item\":\"https:\\\/\\\/www.ensembleintercontemporain.com\\\/en\\\/\"},{\"@type\":\"ListItem\",\"position\":2,\"name\":\"A soloists ensemble\",\"item\":\"https:\\\/\\\/www.ensembleintercontemporain.com\\\/en\\\/a-soloists-ensemble\\\/\"},{\"@type\":\"ListItem\",\"position\":3,\"name\":\"Support us\",\"item\":\"https:\\\/\\\/www.ensembleintercontemporain.com\\\/en\\\/a-soloists-ensemble\\\/philanthropy\\\/\"},{\"@type\":\"ListItem\",\"position\":4,\"name\":\"Vous \u00eates un particulier\"}]},{\"@type\":\"WebSite\",\"@id\":\"https:\\\/\\\/www.ensembleintercontemporain.com\\\/en\\\/#website\",\"url\":\"https:\\\/\\\/www.ensembleintercontemporain.com\\\/en\\\/\",\"name\":\"Ensemble intercontemporain\",\"description\":\"\",\"potentialAction\":[{\"@type\":\"SearchAction\",\"target\":{\"@type\":\"EntryPoint\",\"urlTemplate\":\"https:\\\/\\\/www.ensembleintercontemporain.com\\\/en\\\/?s={search_term_string}\"},\"query-input\":{\"@type\":\"PropertyValueSpecification\",\"valueRequired\":true,\"valueName\":\"search_term_string\"}}],\"inLanguage\":\"en-US\"}]}<\/script>\n<!-- \/ Yoast SEO plugin. -->","yoast_head_json":{"title":"Vous \u00eates un particulier - Ensemble intercontemporain","robots":{"index":"index","follow":"follow","max-snippet":"max-snippet:-1","max-image-preview":"max-image-preview:large","max-video-preview":"max-video-preview:-1"},"canonical":"https:\/\/www.ensembleintercontemporain.com\/en\/a-soloists-ensemble\/philanthropy\/vous-etes-un-particulier\/","og_locale":"en_US","og_type":"article","og_title":"Vous \u00eates un particulier - Ensemble intercontemporain","og_description":"50 \u20ac Donateur.trice 1 disque de l\u2019Ensemble 1 tote bag 150 \u20ac Bienfaiteur.trice 1 disque de l\u2019Ensemble 1 tote bag 1 invitation par saison au concert de votre choix 300 \u20ac Ami.e 1 disque de l\u2019Ensemble 1 tote bag 2 invitations par saison \u00e0 une r\u00e9p\u00e9tition g\u00e9n\u00e9rale et\/ou comment\u00e9e 1 invitation par saison au concert [&hellip;]","og_url":"https:\/\/www.ensembleintercontemporain.com\/en\/a-soloists-ensemble\/philanthropy\/vous-etes-un-particulier\/","og_site_name":"Ensemble intercontemporain","article_modified_time":"2021-02-19T14:28:56+00:00","twitter_card":"summary_large_image","schema":{"@context":"https:\/\/schema.org","@graph":[{"@type":"WebPage","@id":"https:\/\/www.ensembleintercontemporain.com\/en\/a-soloists-ensemble\/philanthropy\/vous-etes-un-particulier\/","url":"https:\/\/www.ensembleintercontemporain.com\/en\/a-soloists-ensemble\/philanthropy\/vous-etes-un-particulier\/","name":"Vous \u00eates un particulier - Ensemble intercontemporain","isPartOf":{"@id":"https:\/\/www.ensembleintercontemporain.com\/en\/#website"},"datePublished":"2020-07-20T14:08:00+00:00","dateModified":"2021-02-19T14:28:56+00:00","breadcrumb":{"@id":"https:\/\/www.ensembleintercontemporain.com\/en\/a-soloists-ensemble\/philanthropy\/vous-etes-un-particulier\/#breadcrumb"},"inLanguage":"en-US","potentialAction":[{"@type":"ReadAction","target":["https:\/\/www.ensembleintercontemporain.com\/en\/a-soloists-ensemble\/philanthropy\/vous-etes-un-particulier\/"]}]},{"@type":"BreadcrumbList","@id":"https:\/\/www.ensembleintercontemporain.com\/en\/a-soloists-ensemble\/philanthropy\/vous-etes-un-particulier\/#breadcrumb","itemListElement":[{"@type":"ListItem","position":1,"name":"Home","item":"https:\/\/www.ensembleintercontemporain.com\/en\/"},{"@type":"ListItem","position":2,"name":"A soloists ensemble","item":"https:\/\/www.ensembleintercontemporain.com\/en\/a-soloists-ensemble\/"},{"@type":"ListItem","position":3,"name":"Support us","item":"https:\/\/www.ensembleintercontemporain.com\/en\/a-soloists-ensemble\/philanthropy\/"},{"@type":"ListItem","position":4,"name":"Vous \u00eates un particulier"}]},{"@type":"WebSite","@id":"https:\/\/www.ensembleintercontemporain.com\/en\/#website","url":"https:\/\/www.ensembleintercontemporain.com\/en\/","name":"Ensemble intercontemporain","description":"","potentialAction":[{"@type":"SearchAction","target":{"@type":"EntryPoint","urlTemplate":"https:\/\/www.ensembleintercontemporain.com\/en\/?s={search_term_string}"},"query-input":{"@type":"PropertyValueSpecification","valueRequired":true,"valueName":"search_term_string"}}],"inLanguage":"en-US"}]}},"_links":{"self":[{"href":"https:\/\/www.ensembleintercontemporain.com\/en\/wp-json\/wp\/v2\/pages\/19259\/"}],"collection":[{"href":"https:\/\/www.ensembleintercontemporain.com\/en\/wp-json\/wp\/v2\/pages\/"}],"about":[{"href":"https:\/\/www.ensembleintercontemporain.com\/en\/wp-json\/wp\/v2\/types\/page\/"}],"author":[{"embeddable":true,"href":"https:\/\/www.ensembleintercontemporain.com\/en\/wp-json\/wp\/v2\/users\/2\/"}],"replies":[{"embeddable":true,"href":"https:\/\/www.ensembleintercontemporain.com\/en\/wp-json\/wp\/v2\/comments\/?post=19259"}],"version-history":[{"count":1,"href":"https:\/\/www.ensembleintercontemporain.com\/en\/wp-json\/wp\/v2\/pages\/19259\/revisions\/"}],"predecessor-version":[{"id":19260,"href":"https:\/\/www.ensembleintercontemporain.com\/en\/wp-json\/wp\/v2\/pages\/19259\/revisions\/19260\/"}],"up":[{"embeddable":true,"href":"https:\/\/www.ensembleintercontemporain.com\/en\/wp-json\/wp\/v2\/pages\/14843\/"}],"wp:attachment":[{"href":"https:\/\/www.ensembleintercontemporain.com\/en\/wp-json\/wp\/v2\/media\/?parent=19259"}],"curies":[{"name":"wp","href":"https:\/\/api.w.org\/{rel}","templated":true}]}}